{"id":252,"date":"2015-09-30T20:51:28","date_gmt":"2015-09-30T18:51:28","guid":{"rendered":"http:\/\/chor-der-hwsp.de\/HPneu\/?page_id=252"},"modified":"2025-05-01T11:58:37","modified_gmt":"2025-05-01T09:58:37","slug":"veranstaltungen-alt","status":"publish","type":"page","link":"https:\/\/chor-der-hwsp.de\/HPneu\/veranstaltungen-alt\/","title":{"rendered":"Veranstaltungen (alt)"},"content":{"rendered":"\n<h2>Veranstaltungen im Jahr 2024<\/h2>\n<p><!--\n\n\n<p>Das Angebot zur Durchf\u00fchrung einer Chorreise nach Mallorca im Zeitraum des Delegiertentages des Chorverbands der Deutschen Polizei (14. bis 17. M\u00e4rz 2024) ist auf der Home-Seite und im Bereich \"Intern 1\" aufgef\u00fchrt, eine Entscheidung \u00fcber die Durchf\u00fchrung noch nicht erfolgt.<\/p>\n\n\n\n--><br \/><!-- ##############################  2 0 2 4  ############################################# --><\/p>\n<table>\n<tbody>\n<tr>\n<td width=\"126\">Datum<\/td>\n<td width=\"83\">Uhrzeit<\/td>\n<td width=\"248\">Anlass<\/td>\n<td width=\"148\">Hinweis<\/td>\n<td>\u00a0<\/td>\n<td>\u00a0<\/td>\n<\/tr>\n<tr>\n<td><del><strong>Di., 12.03.2024<\/strong><\/del><\/td>\n<td><del>17:00 Uhr<\/del><\/td>\n<td><del>Mitgliederversammlung im<\/del><br \/><del>Lehrsaal 3\/4, Mudra<\/del><\/td>\n<td><del>nur Mitglieder<\/del><\/td>\n<td>\u00a0<\/td>\n<td>\u00a0<\/td>\n<\/tr>\n<tr>\n<td><del>Fr., 15.03.2024<\/del><\/td>\n<td colspan=\"3\"><del>Bundesdelegiertentag Chorverband der Deutschen Polizei<\/del><\/td>\n<td>\u00a0<\/td>\n<td>\u00a0<\/td>\n<\/tr>\n<tr>\n<td><del>Sa., 20.04.2024<\/del><\/td>\n<td><del>14:00 Uhr<\/del><\/td>\n<td><del>Mitgliederversammlung<\/del><br \/><del>SK Main-Taunus in Wicker<\/del><\/td>\n<td><del>nicht \u00f6ffentlich<\/del><\/td>\n<td>\u00a0<\/td>\n<td>\u00a0<\/td>\n<\/tr>\n<tr>\n<td><del>Mo., 17.06.2024<\/del><\/td>\n<td><del>15:00 Uhr<\/del><\/td>\n<td><del>Curata Dr. Drexler Seniorenresidenz<\/del><\/td>\n<td><del><strong><em>nicht \u00f6ffentlich<\/em><\/strong><\/del><\/td>\n<td>\u00a0<\/td>\n<td>\u00a0<\/td>\n<\/tr>\n<tr>\n<td><del>Sa., 22.06.2024<\/del><\/td>\n<td><del>19:30 Uhr<\/del><\/td>\n<td><del>private Geburtstagsfeier<\/del><\/td>\n<td><del><strong><em>nicht \u00f6ffentlich<\/em><\/strong><\/del><\/td>\n<td>\u00a0<\/td>\n<td>\u00a0<\/td>\n<\/tr>\n<tr>\n<td colspan=\"4\">\n<h3><em><strong>Chorferien vom 12.7.2024 bis 18.8.2024<\/strong><\/em><\/h3>\n<\/td>\n<td>\u00a0<\/td>\n<td>\u00a0<\/td>\n<\/tr>\n<tr>\n<td><del>Mo., 19.08.2024<\/del><\/td>\n<td><del>16.45 Uhr<\/del><\/td>\n<td><del>Erste Chorprobe nach den Chorferien<\/del><\/td>\n<td>\u00a0<\/td>\n<td>\u00a0<\/td>\n<td>\u00a0<\/td>\n<\/tr>\n<tr>\n<td><del>Mi.,\u00a0 21.08.2024<\/del><\/td>\n<td><del>18.00 Uhr<\/del><\/td>\n<td><del>Seniorenzetrum Mainz-Mundus<\/del><\/td>\n<td><del><em><strong>nicht \u00f6ffentlich<\/strong><\/em><\/del><\/td>\n<td>\u00a0<\/td>\n<td>\u00a0<\/td>\n<\/tr>\n<tr>\n<td><del>Sa., 07.09.2024<\/del><\/td>\n<td><del>09:30 Uhr<\/del><\/td>\n<td><del>16. Rheinschifffahrt des<\/del><br \/><del>Chors der HWSP<\/del><\/td>\n<td><del>\u00f6ffentlich<\/del><\/td>\n<td>\u00a0<\/td>\n<td>\u00a0<\/td>\n<\/tr>\n<tr>\n<td><del>Sa.,\u00a0 28.09.2024<\/del><\/td>\n<td><del>16:00 Uhr<\/del><\/td>\n<td><del>Seniorenfest Eltville-Erbah<\/del><\/td>\n<td><del><em><strong>nicht \u00f6ffentlich<\/strong><\/em><\/del><\/td>\n<td>\u00a0<\/td>\n<td>\u00a0<\/td>\n<\/tr>\n<tr>\n<td><del>So., 03.11.2024<\/del><\/td>\n<td><del>13:00 Uhr<\/del><\/td>\n<td><del>Kreischorkonzert S\u00e4ngerkreis<\/del><br \/><del>Main-Taunus (Herbstkonzert) Plenarsaal Landrats\u00adamt Hofheim.<\/del><\/td>\n<td><del>\u00f6ffentlich<\/del><\/td>\n<td>\u00a0<\/td>\n<td>\u00a0<\/td>\n<\/tr>\n<tr>\n<td><del>Do., 07.11.2024<\/del><\/td>\n<td><del>16:45 Uhr<\/del><\/td>\n<td><del>Tag der offenen Chorprobe<\/del><\/td>\n<td><del>\u00f6ffentlich<\/del><\/td>\n<td>\u00a0<\/td>\n<td>\u00a0<\/td>\n<\/tr>\n<tr>\n<td><del>Sa., 30.11.2024<\/del><\/td>\n<td><del>21:00 Uhr<\/del><\/td>\n<td><del>Badhausbar Wiesbaden, H\u00e4fnergasse 3<\/del><\/td>\n<td><del>\u00f6ffentlich<strong><br \/><\/strong><\/del><\/td>\n<td>\u00a0<\/td>\n<td>\u00a0<\/td>\n<\/tr>\n<tr>\n<td><del>So., 01.12.2024<\/del><\/td>\n<td><del>Zeit noch offen<\/del><\/td>\n<td><del>Seniorenzetrum Mainz-Mundus<\/del><\/td>\n<td><del>nicht \u00f6ffentlich<\/del><\/td>\n<td>\u00a0<\/td>\n<td>\u00a0<\/td>\n<\/tr>\n<tr>\n<td><del>Do., 05.12.2024<\/del><\/td>\n<td><del>17:00 Uhr<\/del><\/td>\n<td><del>Hessische Polizeipr\u00e4sium Einsatz, Weihnachtsfeier<\/del><\/td>\n<td><del>nicht \u00f6ffentlich<\/del><\/td>\n<td>\u00a0<\/td>\n<td>\u00a0<\/td>\n<\/tr>\n<tr>\n<td><del>Sa., 07.12.2024<\/del><\/td>\n<td><del>21:00 Uhr<\/del><\/td>\n<td><del>Badhausbar Wiesbaden, H\u00e4fnergasse 3<\/del><\/td>\n<td><del>\u00f6ffentlich<\/del><\/td>\n<td>\u00a0<\/td>\n<td>\u00a0<\/td>\n<\/tr>\n<tr>\n<td><del>Sa.,\u00a0 14.12.2024<\/del><\/td>\n<td><del>16:30 Uhr<\/del><\/td>\n<td><del>Weihnachtskonzert, Heilig-Kreuz-Kirche in Assmannshausen<\/del><\/td>\n<td><del>\u00f6ffentlich<\/del><\/td>\n<td>\u00a0<\/td>\n<td>\u00a0<\/td>\n<\/tr>\n<tr>\n<td>\u00a0<\/td>\n<td><del>\u00a0<\/del><\/td>\n<td>\u00a0<\/td>\n<td>\u00a0<\/td>\n<td>\u00a0<\/td>\n<td>\u00a0<\/td>\n<\/tr>\n<tr>\n<td><del>Sa.,\u00a0 14.12.2024<\/del><\/td>\n<td><del>19:30 Uhr<\/del><\/td>\n<td><del>Weihnachtsfeier des Chors<\/del><\/td>\n<td><del>Einladung und Anmeldungerforderlich<\/del><\/td>\n<td>\u00a0<\/td>\n<td>\u00a0<\/td>\n<\/tr>\n<tr>\n<td><del>So., 22.12.2024<\/del><\/td>\n<td><del>15:00 Uhr<\/del><\/td>\n<td><del>Curata Dr. Drexler Seniorenresidenz<\/del><\/td>\n<td><del>nicht \u00f6ffentlich<\/del><\/td>\n<td>\u00a0<\/td>\n<td>\u00a0<\/td>\n<\/tr>\n<tr>\n<td><del>So., 29.12.2024<\/del><\/td>\n<td>\u00a0<\/td>\n<td><del>Private Geburtstagsfeier<\/del><\/td>\n<td><del>nicht \u00f6ffentlich<\/del><\/td>\n<td>\u00a0<\/td>\n<td>\u00a0<\/td>\n<\/tr>\n<tr>\n<td colspan=\"4\">\n<h3><del><em><strong>Chorferien vom 20.12.2024 bis 08.01.2025<\/strong><strong><br \/><\/strong><\/em><\/del><\/h3>\n<\/td>\n<td>\u00a0<\/td>\n<\/tr>\n<\/tbody>\n<\/table>\n<h2>Veranstaltungen im Jahr 2022<\/h2>\n\n\n<table cellspacing=\"5\">\n<tbody>\n<tr>\n<td width=\"126\">Datum<\/td>\n<td width=\"83\">Uhrzeit<\/td>\n<td width=\"248\">Anlass<\/td>\n<td width=\"148\">Hinweis<\/td>\n<\/tr>\n<tr>\n<td>Sa., 03.09.2022<\/td>\n<td>09:30 Uhr<\/td>\n<td>14. Rheinschifffahrt Chor HWSP<\/td>\n<td>Anmeldung erforderlich<\/td>\n<\/tr>\n<tr>\n<td colspan=\"4\">Reise des Chors der Hessischen Wasserschutzpolizei e.V. ins Baltikum im Zeitraum vom 3. 10. 2022 bis zum 9. 10. 2022 mit Konzerten in Riga und in Kaunas<\/td>\n<\/tr>\n<tr>\n<td>Do., 20.10.2022<\/td>\n<td>17:00 Uhr<\/td>\n<td>Mitgliederversammlung 2022<\/td>\n<td>Ausweis zum Betreten der Mudra mitf\u00fchren<\/td>\n<\/tr>\n<tr>\n<td>Sa., 05.11.2022<\/td>\n<td>19:00 Uhr<\/td>\n<td>Jubil\u00e4umskonzert 125 Jahre Frauenchor Hahnheim<\/td>\n<td>\u00d6ffentlich<\/td>\n<\/tr>\n<tr>\n<td>Sa., 03.12.2022<\/td>\n<td>16:30 Uhr *<\/td>\n<td>Konzert beim VdK WI-Bierstadt im Gemeindesaal der ev. Kirchengemeinde in Wiesbaden-Bierstadt, Anton-J\u00e4ger-Str. 2<\/td>\n<td>\u00d6ffentlich<\/td>\n<\/tr>\n<tr>\n<td>So., 04.12.2022<\/td>\n<td>15:00 Uhr <strong>**<\/strong><\/td>\n<td>Konzert in der CURATA Seniorenresidenz Dr. Drexler in Wiesbaden, Parkstr. 8-10<\/td>\n<td><strong><em>nicht \u00f6ffentlich<\/em><\/strong><\/td>\n<\/tr>\n<tr>\n<td>Do., 15.12.2022<\/td>\n<td>16:30 Uhr *<\/td>\n<td>Weihnachtskonzert Pr\u00e4sidium<br \/>der Bereitschaftspolizei<\/td>\n<td>nicht \u00f6ffentlich<\/td>\n<\/tr>\n<tr>\n<td>Sa., 17.12.2022<\/td>\n<td>17:00\u00a0 Uhr<\/td>\n<td>Weihnachtskonzert Pfarrkirche Assmannshausen<\/td>\n<td>\u00d6ffentlich<\/td>\n<\/tr>\n<tr>\n<td>Sa., 17.12.2022<\/td>\n<td>18:00 Uhr<\/td>\n<td>Weihnachtsfeier<br \/>&#8222;Berg&#8217;s Alte Bauernsch\u00e4nke&#8220;, R\u00fcdesheim-Assmannshausen<\/td>\n<td>Nur Mitglieder, Anmeldung erforderlich<\/td>\n<\/tr>\n<\/tbody>\n<\/table>\n<p style=\"padding-left: 30px;\"><span style=\"color: #666699;\">\u00a0<\/span><\/p>\n<h2 style=\"text-align: center;\"><span style=\"color: #666699;\">Veranstaltungen im Jahr 2019<\/span><\/h2>\n<p style=\"text-align: right;\"><span style=\"color: #666699;\">Stand 28.09.2019<\/span><\/p>\n<p style=\"text-align: right;\"><span style=\"color: #666699;\">\u00a0<\/span><\/p>\n<table style=\"width: 100%; height: 1096px;\">\n<tbody>\n<tr style=\"height: 37px;\">\n<td style=\"height: 37px;\" width=\"126\"><span style=\"color: #666699;\">Datum<\/span><\/td>\n<td style=\"height: 37px;\" width=\"83\"><span style=\"color: #666699;\">Uhrzeit<\/span><\/td>\n<td style=\"height: 37px;\" width=\"248\"><span style=\"color: #666699;\">Anlass<\/span><\/td>\n<td style=\"height: 37px;\" width=\"148\"><span style=\"color: #666699;\">Hinweis<\/span><\/td>\n<\/tr>\n<tr style=\"height: 61px;\">\n<td style=\"height: 61px;\" width=\"126\"><span style=\"color: #666699;\">So., 13.01.2019<\/span><\/td>\n<td style=\"height: 61px;\" width=\"83\"><span style=\"color: #666699;\">15.00 Uhr<\/span><\/td>\n<td style=\"height: 61px;\" width=\"248\"><span style=\"color: #666699;\">Konzert Dr. Drexler<\/span><\/td>\n<td style=\"height: 61px;\" width=\"148\"><span style=\"color: #666699;\">Nur Angeh\u00f6rige<\/span><\/td>\n<\/tr>\n<tr style=\"height: 85px;\">\n<td style=\"height: 85px;\" width=\"126\"><span style=\"color: #666699;\">Fr., 18. bis So., 20.01.2019<\/span><\/td>\n<td style=\"height: 85px;\" width=\"83\"><span style=\"color: #666699;\">Abfahrt 14:00 Uhr<\/span><\/td>\n<td style=\"height: 85px;\" width=\"248\"><span style=\"color: #666699;\">Chorwochenende zur Vorbereitung<br \/>auf das Jubil\u00e4umskonzert<\/span><\/td>\n<td style=\"height: 85px;\" width=\"148\"><span style=\"color: #666699;\">Anmeldung erforderlich, nur Aktive<\/span><\/td>\n<\/tr>\n<tr style=\"height: 109px;\">\n<td style=\"height: 109px;\" width=\"126\"><span style=\"color: #666699;\">Sa., 13.04.2019<\/span><\/td>\n<td style=\"height: 109px;\" width=\"83\"><span style=\"color: #666699;\">17:00 Uhr<\/span><\/td>\n<td style=\"height: 109px;\" width=\"248\"><span style=\"color: #666699;\">Jubil\u00e4umskonzert 50 Jahre Chor<br \/>der HWSP, Kloster Eberbach<\/span><\/td>\n<td style=\"height: 109px;\" width=\"148\"><span style=\"color: #666699;\">\u00d6ffentlich, Einzelheiten folgen<\/span><\/td>\n<\/tr>\n<tr style=\"height: 61px;\">\n<td style=\"height: 61px;\" width=\"126\"><span style=\"color: #666699;\">Do., 25.04.2019<\/span><\/td>\n<td style=\"height: 61px;\" width=\"83\"><span style=\"color: #666699;\">17:00 Uhr<\/span><\/td>\n<td style=\"height: 61px;\" width=\"248\"><span style=\"color: #666699;\">Mitgliederversammlung 2019 mit Neuwahlen<\/span><\/td>\n<td style=\"height: 61px;\" width=\"148\"><span style=\"color: #666699;\">Nur Mitglieder<\/span><\/td>\n<\/tr>\n<tr style=\"height: 61px;\">\n<td style=\"height: 61px;\" width=\"126\"><span style=\"color: #666699;\">So., 27.05.2019<\/span><\/td>\n<td style=\"height: 61px;\" width=\"83\"><span style=\"color: #666699;\">09:30 Uhr<\/span><\/td>\n<td style=\"height: 61px;\" width=\"248\"><span style=\"color: #666699;\">Jubil\u00e4umsfahrt f\u00fcr alle Mitglieder<\/span><\/td>\n<td style=\"height: 61px;\" width=\"148\"><span style=\"color: #666699;\">Einzelheiten folgen<\/span><\/td>\n<\/tr>\n<tr style=\"height: 85px;\">\n<td style=\"height: 85px;\" width=\"126\"><span style=\"color: #666699;\">Do., 20.06.2019<\/span><\/td>\n<td style=\"height: 85px;\" width=\"83\"><span style=\"color: #666699;\">10:00 Uhr<\/span><\/td>\n<td style=\"height: 85px;\" width=\"248\"><span style=\"color: #666699;\">Schifffahrt nach Bacherach mit Nachbarschaftshilfe Geisenheim<\/span><\/td>\n<td style=\"height: 85px;\" width=\"148\"><span style=\"color: #666699;\">Anmeldung erforderlich<\/span><\/td>\n<\/tr>\n<tr style=\"height: 61px;\">\n<td style=\"height: 61px;\" width=\"126\"><span style=\"color: #666699;\">So., 23.06.2019<\/span><\/td>\n<td style=\"height: 61px;\" width=\"83\"><span style=\"color: #666699;\">14:00 Uhr<\/span><\/td>\n<td style=\"height: 61px;\" width=\"248\"><span style=\"color: #666699;\">Schlossplatzfest in Wiesbaden<\/span><\/td>\n<td style=\"height: 61px;\" width=\"148\"><span style=\"color: #666699;\">\u00d6ffentlich<\/span><\/td>\n<\/tr>\n<tr style=\"height: 61px;\">\n<td style=\"height: 61px;\" width=\"126\"><span style=\"color: #666699;\">So., 30.06.2019<\/span><\/td>\n<td style=\"height: 61px;\" width=\"83\"><span style=\"color: #666699;\">11:00 Uhr<\/span><\/td>\n<td style=\"height: 61px;\" width=\"248\"><span style=\"color: #666699;\">Shanty-Tag Bad M\u00fcnster am Stein-Ebernburg<\/span><\/td>\n<td style=\"height: 61px;\" width=\"148\"><span style=\"color: #666699;\">\u00d6ffentlich<\/span><\/td>\n<\/tr>\n<tr style=\"height: 61px;\">\n<td style=\"height: 61px;\" width=\"126\"><span style=\"color: #666699;\">Do., 15.08.2019<\/span><\/td>\n<td style=\"height: 61px;\" width=\"83\"><span style=\"color: #666699;\">16:45 Uhr<\/span><\/td>\n<td style=\"height: 61px;\" width=\"248\"><span style=\"color: #666699;\">1. Chorprobe nach den Sommerferien<\/span><\/td>\n<td style=\"height: 61px;\" width=\"148\"><span style=\"color: #666699;\">Nur Mitglieder<\/span><\/td>\n<\/tr>\n<tr style=\"height: 61px;\">\n<td style=\"height: 61px;\"><span style=\"color: #666699;\">So., 01.09.2019<\/span><\/td>\n<td style=\"height: 61px;\"><span style=\"color: #666699;\">18:00 Uhr<\/span><\/td>\n<td style=\"height: 61px;\"><span style=\"color: #666699;\">Hahnheimer Kerb 2019<\/span><\/td>\n<td style=\"height: 61px;\"><span style=\"color: #666699;\">\u00d6ffentlich<\/span><\/td>\n<\/tr>\n<tr style=\"height: 61px;\">\n<td style=\"height: 61px;\"><span style=\"color: #666699;\">Sa., 07.09.2019<\/span><\/td>\n<td style=\"height: 61px;\"><span style=\"color: #666699;\">09:30 Uhr<\/span><\/td>\n<td style=\"height: 61px;\"><span style=\"color: #666699;\">13. Rheinschifffahrt Chor HWSP<\/span><\/td>\n<td style=\"height: 61px;\"><span style=\"color: #666699;\">Anmeldung erforderlich<\/span><\/td>\n<\/tr>\n<tr style=\"height: 61px;\">\n<td style=\"height: 61px;\"><span style=\"color: #666699;\">Sa., 28.09.2019<\/span><\/td>\n<td style=\"height: 61px;\"><span style=\"color: #666699;\">15:00 Uhr<\/span><\/td>\n<td style=\"height: 61px;\"><span style=\"color: #666699;\">Seniorentag 2019 in Heidenrod-Laufenselden<\/span><\/td>\n<td style=\"height: 61px;\"><span style=\"color: #666699;\">Nicht \u00f6ffentlich<\/span><\/td>\n<\/tr>\n<tr style=\"height: 85px;\">\n<td style=\"height: 85px;\"><span style=\"color: #666699;\">Fr., 08.11.2019<\/span><\/td>\n<td style=\"height: 85px;\"><span style=\"color: #666699;\">18:00 Uhr<\/span><\/td>\n<td style=\"height: 85px;\"><span style=\"color: #666699;\">Benefizkonzert PP S\u00fcdhessen Orangerie in Darmstadt<\/span><\/td>\n<td style=\"height: 85px;\"><span style=\"color: #666699;\">\u00d6ffentlich<\/span><\/td>\n<\/tr>\n<tr style=\"height: 61px;\">\n<td><span style=\"color: #666699;\">Do., 12.12.2019<\/span><\/td>\n<td><span style=\"color: #666699;\">17:00 Uhr<br \/><\/span><\/td>\n<td><span style=\"color: #666699;\">Weihnachtsfeier Pr\u00e4sidium<br \/>der HBP<\/span><\/td>\n<td><span style=\"color: #666699;\">Nicht \u00f6ffentlich<br \/><\/span><\/td>\n<\/tr>\n<tr style=\"height: 109px;\">\n<td style=\"height: 109px;\"><span style=\"color: #666699;\">Sa., 14.12.2019<\/span><\/td>\n<td style=\"height: 109px;\"><span style=\"color: #666699;\">18:00 Uhr<\/span><\/td>\n<td style=\"height: 109px;\"><span style=\"color: #666699;\">Weihnachtsfeier in Harxheim<\/span><\/td>\n<td style=\"height: 109px;\"><span style=\"color: #666699;\">Nur Mitglieder, Anmeldung erforderlich<\/span><\/td>\n<\/tr>\n<\/tbody>\n<\/table>\n<p><span style=\"color: #666699;\">\u00a0<\/span><\/p>","protected":false},"excerpt":{"rendered":"<p>Veranstaltungen im Jahr 2024 Datum Uhrzeit Anlass Hinweis \u00a0 \u00a0 Di., 12.03.2024 17:00 Uhr Mitgliederversammlung imLehrsaal 3\/4, Mudra nur Mitglieder \u00a0 \u00a0 Fr., 15.03.2024 Bundesdelegiertentag Chorverband der Deutschen Polizei \u00a0 \u00a0 Sa., 20.04.2024 14:00 Uhr MitgliederversammlungSK Main-Taunus in Wicker nicht &hellip; <a href=\"https:\/\/chor-der-hwsp.de\/HPneu\/veranstaltungen-alt\/\">Weiterlesen <span class=\"meta-nav\">&rarr;<\/span><\/a><\/p>\n","protected":false},"author":1,"featured_media":0,"parent":0,"menu_order":0,"comment_status":"closed","ping_status":"closed","template":"","meta":{"footnotes":""},"class_list":["post-252","page","type-page","status-publish","hentry"],"_links":{"self":[{"href":"https:\/\/chor-der-hwsp.de\/HPneu\/wp-json\/wp\/v2\/pages\/252","targetHints":{"allow":["GET"]}}],"collection":[{"href":"https:\/\/chor-der-hwsp.de\/HPneu\/wp-json\/wp\/v2\/pages"}],"about":[{"href":"https:\/\/chor-der-hwsp.de\/HPneu\/wp-json\/wp\/v2\/types\/page"}],"author":[{"embeddable":true,"href":"https:\/\/chor-der-hwsp.de\/HPneu\/wp-json\/wp\/v2\/users\/1"}],"replies":[{"embeddable":true,"href":"https:\/\/chor-der-hwsp.de\/HPneu\/wp-json\/wp\/v2\/comments?post=252"}],"version-history":[{"count":98,"href":"https:\/\/chor-der-hwsp.de\/HPneu\/wp-json\/wp\/v2\/pages\/252\/revisions"}],"predecessor-version":[{"id":6101,"href":"https:\/\/chor-der-hwsp.de\/HPneu\/wp-json\/wp\/v2\/pages\/252\/revisions\/6101"}],"wp:attachment":[{"href":"https:\/\/chor-der-hwsp.de\/HPneu\/wp-json\/wp\/v2\/media?parent=252"}],"curies":[{"name":"wp","href":"https:\/\/api.w.org\/{rel}","templated":true}]}}