{"id":2903,"date":"2020-11-26T18:12:44","date_gmt":"2020-11-26T17:12:44","guid":{"rendered":"https:\/\/chor-der-hwsp.de\/HPneu\/?page_id=2903"},"modified":"2020-11-29T20:05:49","modified_gmt":"2020-11-29T19:05:49","slug":"im-kirschgarten-von-christa-und-raimund-25-6-2020","status":"publish","type":"page","link":"https:\/\/chor-der-hwsp.de\/HPneu\/im-kirschgarten-von-christa-und-raimund-25-6-2020\/","title":{"rendered":"Im Kirschgarten von Christa und Raimund (25.6.2020)"},"content":{"rendered":"\n<figure class=\"wp-block-image size-large is-resized\"><img loading=\"lazy\" decoding=\"async\" src=\"https:\/\/chor-der-hwsp.de\/HPneu\/wp-content\/uploads\/2020\/11\/image5-1.jpg\" alt=\"\" class=\"wp-image-2895\" width=\"599\" height=\"599\" srcset=\"https:\/\/chor-der-hwsp.de\/HPneu\/wp-content\/uploads\/2020\/11\/image5-1.jpg 800w, https:\/\/chor-der-hwsp.de\/HPneu\/wp-content\/uploads\/2020\/11\/image5-1-300x300.jpg 300w, https:\/\/chor-der-hwsp.de\/HPneu\/wp-content\/uploads\/2020\/11\/image5-1-150x150.jpg 150w, https:\/\/chor-der-hwsp.de\/HPneu\/wp-content\/uploads\/2020\/11\/image5-1-768x768.jpg 768w\" sizes=\"auto, (max-width: 599px) 100vw, 599px\" \/><figcaption><strong>&#8222;Willkommen<\/strong> <strong>in unserem Kirschgarten!&#8220;<\/strong><\/figcaption><\/figure>\n\n\n\n<figure class=\"wp-block-image size-large is-resized\"><img loading=\"lazy\" decoding=\"async\" src=\"https:\/\/chor-der-hwsp.de\/HPneu\/wp-content\/uploads\/2020\/11\/image2-1.jpg\" alt=\"\" class=\"wp-image-2896\" width=\"597\" height=\"597\" srcset=\"https:\/\/chor-der-hwsp.de\/HPneu\/wp-content\/uploads\/2020\/11\/image2-1.jpg 800w, https:\/\/chor-der-hwsp.de\/HPneu\/wp-content\/uploads\/2020\/11\/image2-1-300x300.jpg 300w, https:\/\/chor-der-hwsp.de\/HPneu\/wp-content\/uploads\/2020\/11\/image2-1-150x150.jpg 150w, https:\/\/chor-der-hwsp.de\/HPneu\/wp-content\/uploads\/2020\/11\/image2-1-768x768.jpg 768w\" sizes=\"auto, (max-width: 597px) 100vw, 597px\" \/><figcaption><strong>&#8222;F\u00fchlt Euch wohl!&#8220;<\/strong><\/figcaption><\/figure>\n\n\n\n<figure class=\"wp-block-image size-large is-resized\"><img loading=\"lazy\" decoding=\"async\" src=\"https:\/\/chor-der-hwsp.de\/HPneu\/wp-content\/uploads\/2020\/11\/image1.jpg\" alt=\"\" class=\"wp-image-2897\" width=\"600\" height=\"600\" srcset=\"https:\/\/chor-der-hwsp.de\/HPneu\/wp-content\/uploads\/2020\/11\/image1.jpg 800w, https:\/\/chor-der-hwsp.de\/HPneu\/wp-content\/uploads\/2020\/11\/image1-300x300.jpg 300w, https:\/\/chor-der-hwsp.de\/HPneu\/wp-content\/uploads\/2020\/11\/image1-150x150.jpg 150w, https:\/\/chor-der-hwsp.de\/HPneu\/wp-content\/uploads\/2020\/11\/image1-768x768.jpg 768w\" sizes=\"auto, (max-width: 600px) 100vw, 600px\" \/><figcaption><strong>&#8222;O s\u00fc\u00df sind die Kirschen, wie duften die Kirschen! Die Welt ist voll Kirschen!&#8220;<\/strong> (H.Zuckermann)<\/figcaption><\/figure>\n\n\n\n<figure class=\"wp-block-image size-large is-resized\"><img loading=\"lazy\" decoding=\"async\" src=\"https:\/\/chor-der-hwsp.de\/HPneu\/wp-content\/uploads\/2020\/11\/image3-1.jpg\" alt=\"\" class=\"wp-image-2898\" width=\"598\" height=\"598\" srcset=\"https:\/\/chor-der-hwsp.de\/HPneu\/wp-content\/uploads\/2020\/11\/image3-1.jpg 800w, https:\/\/chor-der-hwsp.de\/HPneu\/wp-content\/uploads\/2020\/11\/image3-1-300x300.jpg 300w, https:\/\/chor-der-hwsp.de\/HPneu\/wp-content\/uploads\/2020\/11\/image3-1-150x150.jpg 150w, https:\/\/chor-der-hwsp.de\/HPneu\/wp-content\/uploads\/2020\/11\/image3-1-768x768.jpg 768w\" sizes=\"auto, (max-width: 598px) 100vw, 598px\" \/><figcaption><strong>Pandemiezeiten: Aber alles im gr\u00fcnen Bereich. Rot sind nur die Kirschen!<\/strong><\/figcaption><\/figure>\n\n\n\n<figure class=\"wp-block-image size-large is-resized\"><img loading=\"lazy\" decoding=\"async\" src=\"https:\/\/chor-der-hwsp.de\/HPneu\/wp-content\/uploads\/2020\/11\/image6-1.jpg\" alt=\"\" class=\"wp-image-2899\" width=\"600\" height=\"600\" srcset=\"https:\/\/chor-der-hwsp.de\/HPneu\/wp-content\/uploads\/2020\/11\/image6-1.jpg 800w, https:\/\/chor-der-hwsp.de\/HPneu\/wp-content\/uploads\/2020\/11\/image6-1-300x300.jpg 300w, https:\/\/chor-der-hwsp.de\/HPneu\/wp-content\/uploads\/2020\/11\/image6-1-150x150.jpg 150w, https:\/\/chor-der-hwsp.de\/HPneu\/wp-content\/uploads\/2020\/11\/image6-1-768x768.jpg 768w\" sizes=\"auto, (max-width: 600px) 100vw, 600px\" \/><figcaption><strong>Erstmals sind nach langer Pause wieder pers\u00f6nliche Gespr\u00e4che m\u00f6glich.<\/strong><\/figcaption><\/figure>\n\n\n\n<figure class=\"wp-block-image size-large is-resized\"><img loading=\"lazy\" decoding=\"async\" src=\"https:\/\/chor-der-hwsp.de\/HPneu\/wp-content\/uploads\/2020\/11\/image7-1.jpg\" alt=\"\" class=\"wp-image-2900\" width=\"601\" height=\"601\" srcset=\"https:\/\/chor-der-hwsp.de\/HPneu\/wp-content\/uploads\/2020\/11\/image7-1.jpg 800w, https:\/\/chor-der-hwsp.de\/HPneu\/wp-content\/uploads\/2020\/11\/image7-1-300x300.jpg 300w, https:\/\/chor-der-hwsp.de\/HPneu\/wp-content\/uploads\/2020\/11\/image7-1-150x150.jpg 150w, https:\/\/chor-der-hwsp.de\/HPneu\/wp-content\/uploads\/2020\/11\/image7-1-768x768.jpg 768w\" sizes=\"auto, (max-width: 601px) 100vw, 601px\" \/><figcaption><strong>Pers\u00f6nlichkeiten unseres Chores  &#8230;.<\/strong><\/figcaption><\/figure>\n\n\n\n<figure class=\"wp-block-image size-large is-resized\"><img loading=\"lazy\" decoding=\"async\" src=\"https:\/\/chor-der-hwsp.de\/HPneu\/wp-content\/uploads\/2020\/11\/image8.jpg\" alt=\"\" class=\"wp-image-2901\" width=\"607\" height=\"607\" srcset=\"https:\/\/chor-der-hwsp.de\/HPneu\/wp-content\/uploads\/2020\/11\/image8.jpg 800w, https:\/\/chor-der-hwsp.de\/HPneu\/wp-content\/uploads\/2020\/11\/image8-300x300.jpg 300w, https:\/\/chor-der-hwsp.de\/HPneu\/wp-content\/uploads\/2020\/11\/image8-150x150.jpg 150w, https:\/\/chor-der-hwsp.de\/HPneu\/wp-content\/uploads\/2020\/11\/image8-768x768.jpg 768w\" sizes=\"auto, (max-width: 607px) 100vw, 607px\" \/><figcaption><strong>&#8230;.  und weitere VIP&#8217;s<\/strong><\/figcaption><\/figure>\n\n\n\n<figure class=\"wp-block-image size-large is-resized\"><img loading=\"lazy\" decoding=\"async\" src=\"https:\/\/chor-der-hwsp.de\/HPneu\/wp-content\/uploads\/2020\/11\/image4.jpg\" alt=\"\" class=\"wp-image-2902\" width=\"601\" height=\"601\" srcset=\"https:\/\/chor-der-hwsp.de\/HPneu\/wp-content\/uploads\/2020\/11\/image4.jpg 800w, https:\/\/chor-der-hwsp.de\/HPneu\/wp-content\/uploads\/2020\/11\/image4-300x300.jpg 300w, https:\/\/chor-der-hwsp.de\/HPneu\/wp-content\/uploads\/2020\/11\/image4-150x150.jpg 150w, https:\/\/chor-der-hwsp.de\/HPneu\/wp-content\/uploads\/2020\/11\/image4-768x768.jpg 768w\" sizes=\"auto, (max-width: 601px) 100vw, 601px\" \/><figcaption><strong> Sehr sch\u00f6n war&#8217;s in Eurem Kirschgarten! Danke, Christa und Raimund! Chapeau! <\/strong><\/figcaption><\/figure>\n","protected":false},"excerpt":{"rendered":"","protected":false},"author":7,"featured_media":0,"parent":0,"menu_order":0,"comment_status":"closed","ping_status":"closed","template":"","meta":{"footnotes":""},"class_list":["post-2903","page","type-page","status-publish","hentry"],"_links":{"self":[{"href":"https:\/\/chor-der-hwsp.de\/HPneu\/wp-json\/wp\/v2\/pages\/2903","targetHints":{"allow":["GET"]}}],"collection":[{"href":"https:\/\/chor-der-hwsp.de\/HPneu\/wp-json\/wp\/v2\/pages"}],"about":[{"href":"https:\/\/chor-der-hwsp.de\/HPneu\/wp-json\/wp\/v2\/types\/page"}],"author":[{"embeddable":true,"href":"https:\/\/chor-der-hwsp.de\/HPneu\/wp-json\/wp\/v2\/users\/7"}],"replies":[{"embeddable":true,"href":"https:\/\/chor-der-hwsp.de\/HPneu\/wp-json\/wp\/v2\/comments?post=2903"}],"version-history":[{"count":10,"href":"https:\/\/chor-der-hwsp.de\/HPneu\/wp-json\/wp\/v2\/pages\/2903\/revisions"}],"predecessor-version":[{"id":2916,"href":"https:\/\/chor-der-hwsp.de\/HPneu\/wp-json\/wp\/v2\/pages\/2903\/revisions\/2916"}],"wp:attachment":[{"href":"https:\/\/chor-der-hwsp.de\/HPneu\/wp-json\/wp\/v2\/media?parent=2903"}],"curies":[{"name":"wp","href":"https:\/\/api.w.org\/{rel}","templated":true}]}}