{"id":2955,"date":"2020-12-06T17:29:54","date_gmt":"2020-12-06T16:29:54","guid":{"rendered":"https:\/\/chor-der-hwsp.de\/HPneu\/?page_id=2955"},"modified":"2020-12-10T13:55:20","modified_gmt":"2020-12-10T12:55:20","slug":"jubilaeumskonzert-kloster-eberbach-13-4-2019","status":"publish","type":"page","link":"https:\/\/chor-der-hwsp.de\/HPneu\/jubilaeumskonzert-kloster-eberbach-13-4-2019\/","title":{"rendered":"Jubil\u00e4umskonzert &#8211; Kloster Eberbach (13.4.2019)"},"content":{"rendered":"\n<figure class=\"wp-block-image size-large is-resized\"><img loading=\"lazy\" decoding=\"async\" src=\"https:\/\/chor-der-hwsp.de\/HPneu\/wp-content\/uploads\/2020\/12\/Jubilaeumskonzert-2019-13.4.2019.jpg\" alt=\"\" class=\"wp-image-2933\" width=\"485\" height=\"686\" srcset=\"https:\/\/chor-der-hwsp.de\/HPneu\/wp-content\/uploads\/2020\/12\/Jubilaeumskonzert-2019-13.4.2019.jpg 566w, https:\/\/chor-der-hwsp.de\/HPneu\/wp-content\/uploads\/2020\/12\/Jubilaeumskonzert-2019-13.4.2019-212x300.jpg 212w, https:\/\/chor-der-hwsp.de\/HPneu\/wp-content\/uploads\/2020\/12\/Jubilaeumskonzert-2019-13.4.2019-106x150.jpg 106w\" sizes=\"auto, (max-width: 485px) 100vw, 485px\" \/><figcaption><strong>&#8222;Volldampf voraus, Volldampf voraus&#8220; &#8211; <br>zu unserem Jubi\u00e4umskonzert (13.4.2020)<\/strong><\/figcaption><\/figure>\n\n\n\n<figure class=\"wp-block-image size-large is-resized\"><img loading=\"lazy\" decoding=\"async\" src=\"https:\/\/chor-der-hwsp.de\/HPneu\/wp-content\/uploads\/2020\/12\/image-1.jpg\" alt=\"\" class=\"wp-image-2934\" width=\"494\" height=\"494\" srcset=\"https:\/\/chor-der-hwsp.de\/HPneu\/wp-content\/uploads\/2020\/12\/image-1.jpg 800w, https:\/\/chor-der-hwsp.de\/HPneu\/wp-content\/uploads\/2020\/12\/image-1-300x300.jpg 300w, https:\/\/chor-der-hwsp.de\/HPneu\/wp-content\/uploads\/2020\/12\/image-1-150x150.jpg 150w, https:\/\/chor-der-hwsp.de\/HPneu\/wp-content\/uploads\/2020\/12\/image-1-768x768.jpg 768w\" sizes=\"auto, (max-width: 494px) 100vw, 494px\" \/><figcaption><strong>Wie vor jedem Auftritt &#8211; Probenarbeit, Probenarbeit, Probenarbeit !<\/strong><\/figcaption><\/figure>\n\n\n\n<figure class=\"wp-block-image size-large is-resized\"><img loading=\"lazy\" decoding=\"async\" src=\"https:\/\/chor-der-hwsp.de\/HPneu\/wp-content\/uploads\/2020\/12\/image-2.jpg\" alt=\"\" class=\"wp-image-2935\" width=\"496\" height=\"496\" srcset=\"https:\/\/chor-der-hwsp.de\/HPneu\/wp-content\/uploads\/2020\/12\/image-2.jpg 800w, https:\/\/chor-der-hwsp.de\/HPneu\/wp-content\/uploads\/2020\/12\/image-2-300x300.jpg 300w, https:\/\/chor-der-hwsp.de\/HPneu\/wp-content\/uploads\/2020\/12\/image-2-150x150.jpg 150w, https:\/\/chor-der-hwsp.de\/HPneu\/wp-content\/uploads\/2020\/12\/image-2-768x768.jpg 768w\" sizes=\"auto, (max-width: 496px) 100vw, 496px\" \/><figcaption><strong>Der gro\u00dfe Tag beginnt &#8211; Stellprobe, letzte Besprechungen<\/strong><\/figcaption><\/figure>\n\n\n\n<figure class=\"wp-block-image size-large is-resized\"><img loading=\"lazy\" decoding=\"async\" src=\"https:\/\/chor-der-hwsp.de\/HPneu\/wp-content\/uploads\/2020\/12\/image-3.jpg\" alt=\"\" class=\"wp-image-2936\" width=\"495\" height=\"495\" srcset=\"https:\/\/chor-der-hwsp.de\/HPneu\/wp-content\/uploads\/2020\/12\/image-3.jpg 800w, https:\/\/chor-der-hwsp.de\/HPneu\/wp-content\/uploads\/2020\/12\/image-3-300x300.jpg 300w, https:\/\/chor-der-hwsp.de\/HPneu\/wp-content\/uploads\/2020\/12\/image-3-150x150.jpg 150w, https:\/\/chor-der-hwsp.de\/HPneu\/wp-content\/uploads\/2020\/12\/image-3-768x768.jpg 768w\" sizes=\"auto, (max-width: 495px) 100vw, 495px\" \/><figcaption><strong>Einstimmung: &#8222;Heute ist euer Tag! Genie\u00dft es, M\u00e4nner!&#8220;<\/strong><\/figcaption><\/figure>\n\n\n\n<figure class=\"wp-block-image size-large is-resized\"><img loading=\"lazy\" decoding=\"async\" src=\"https:\/\/chor-der-hwsp.de\/HPneu\/wp-content\/uploads\/2020\/12\/image-4.jpg\" alt=\"\" class=\"wp-image-2937\" width=\"494\" height=\"494\" srcset=\"https:\/\/chor-der-hwsp.de\/HPneu\/wp-content\/uploads\/2020\/12\/image-4.jpg 800w, https:\/\/chor-der-hwsp.de\/HPneu\/wp-content\/uploads\/2020\/12\/image-4-300x300.jpg 300w, https:\/\/chor-der-hwsp.de\/HPneu\/wp-content\/uploads\/2020\/12\/image-4-150x150.jpg 150w, https:\/\/chor-der-hwsp.de\/HPneu\/wp-content\/uploads\/2020\/12\/image-4-768x768.jpg 768w\" sizes=\"auto, (max-width: 494px) 100vw, 494px\" \/><figcaption><strong>Vor unserem Auftritt &#8230;..<\/strong><\/figcaption><\/figure>\n\n\n\n<figure class=\"wp-block-image size-large is-resized\"><img loading=\"lazy\" decoding=\"async\" src=\"https:\/\/chor-der-hwsp.de\/HPneu\/wp-content\/uploads\/2020\/12\/image-14.jpg\" alt=\"\" class=\"wp-image-2947\" width=\"495\" height=\"495\" srcset=\"https:\/\/chor-der-hwsp.de\/HPneu\/wp-content\/uploads\/2020\/12\/image-14.jpg 800w, https:\/\/chor-der-hwsp.de\/HPneu\/wp-content\/uploads\/2020\/12\/image-14-300x300.jpg 300w, https:\/\/chor-der-hwsp.de\/HPneu\/wp-content\/uploads\/2020\/12\/image-14-150x150.jpg 150w, https:\/\/chor-der-hwsp.de\/HPneu\/wp-content\/uploads\/2020\/12\/image-14-768x768.jpg 768w\" sizes=\"auto, (max-width: 495px) 100vw, 495px\" \/><figcaption><strong>.. sind alle voller Erwartungen; .. auch Abt Valentin Molitor aus Rauenthal<\/strong><br>(35. Abt von Kloster Eberbach; 1600 &#8211; 1618)<\/figcaption><\/figure>\n\n\n\n<p><\/p>\n\n\n\n<figure class=\"wp-block-image size-large is-resized\"><img loading=\"lazy\" decoding=\"async\" src=\"https:\/\/chor-der-hwsp.de\/HPneu\/wp-content\/uploads\/2020\/12\/image-5.jpg\" alt=\"\" class=\"wp-image-2938\" width=\"495\" height=\"495\" srcset=\"https:\/\/chor-der-hwsp.de\/HPneu\/wp-content\/uploads\/2020\/12\/image-5.jpg 800w, https:\/\/chor-der-hwsp.de\/HPneu\/wp-content\/uploads\/2020\/12\/image-5-300x300.jpg 300w, https:\/\/chor-der-hwsp.de\/HPneu\/wp-content\/uploads\/2020\/12\/image-5-150x150.jpg 150w, https:\/\/chor-der-hwsp.de\/HPneu\/wp-content\/uploads\/2020\/12\/image-5-768x768.jpg 768w\" sizes=\"auto, (max-width: 495px) 100vw, 495px\" \/><figcaption><strong>Begr\u00fc\u00dfung der G\u00e4ste und Er\u00f6ffnung des Jubil\u00e4umskonzerts<\/strong><br><strong>mit dem Lied &#8222;S\u00e4ngergru\u00df der Polizei&#8220;<\/strong><\/figcaption><\/figure>\n\n\n\n<figure class=\"wp-block-image size-large is-resized\"><img loading=\"lazy\" decoding=\"async\" src=\"https:\/\/chor-der-hwsp.de\/HPneu\/wp-content\/uploads\/2020\/12\/image-6.jpg\" alt=\"\" class=\"wp-image-2939\" width=\"500\" height=\"500\" srcset=\"https:\/\/chor-der-hwsp.de\/HPneu\/wp-content\/uploads\/2020\/12\/image-6.jpg 800w, https:\/\/chor-der-hwsp.de\/HPneu\/wp-content\/uploads\/2020\/12\/image-6-300x300.jpg 300w, https:\/\/chor-der-hwsp.de\/HPneu\/wp-content\/uploads\/2020\/12\/image-6-150x150.jpg 150w, https:\/\/chor-der-hwsp.de\/HPneu\/wp-content\/uploads\/2020\/12\/image-6-768x768.jpg 768w\" sizes=\"auto, (max-width: 500px) 100vw, 500px\" \/><figcaption><strong>&#8222;Immer ran an den Wind und rum mit dem Schiff&#8220; <br> mit unserem Solisten Wolfgang Kaimer<\/strong> <\/figcaption><\/figure>\n\n\n\n<figure class=\"wp-block-image size-large is-resized\"><img loading=\"lazy\" decoding=\"async\" src=\"https:\/\/chor-der-hwsp.de\/HPneu\/wp-content\/uploads\/2020\/12\/image-7.jpg\" alt=\"\" class=\"wp-image-2940\" width=\"505\" height=\"505\" srcset=\"https:\/\/chor-der-hwsp.de\/HPneu\/wp-content\/uploads\/2020\/12\/image-7.jpg 800w, https:\/\/chor-der-hwsp.de\/HPneu\/wp-content\/uploads\/2020\/12\/image-7-300x300.jpg 300w, https:\/\/chor-der-hwsp.de\/HPneu\/wp-content\/uploads\/2020\/12\/image-7-150x150.jpg 150w, https:\/\/chor-der-hwsp.de\/HPneu\/wp-content\/uploads\/2020\/12\/image-7-768x768.jpg 768w\" sizes=\"auto, (max-width: 505px) 100vw, 505px\" \/><figcaption><strong>Laurie Anne McGowan, Sopran, und Constanze Nelle, Geige : <\/strong><br><strong>&#8222;She Moved Through the Fair, Loch Lomond, Danny Boy&#8220; <\/strong><\/figcaption><\/figure>\n\n\n\n<figure class=\"wp-block-image size-large is-resized\"><img loading=\"lazy\" decoding=\"async\" src=\"https:\/\/chor-der-hwsp.de\/HPneu\/wp-content\/uploads\/2020\/12\/image-8.jpg\" alt=\"\" class=\"wp-image-2941\" width=\"508\" height=\"508\" srcset=\"https:\/\/chor-der-hwsp.de\/HPneu\/wp-content\/uploads\/2020\/12\/image-8.jpg 800w, https:\/\/chor-der-hwsp.de\/HPneu\/wp-content\/uploads\/2020\/12\/image-8-300x300.jpg 300w, https:\/\/chor-der-hwsp.de\/HPneu\/wp-content\/uploads\/2020\/12\/image-8-150x150.jpg 150w, https:\/\/chor-der-hwsp.de\/HPneu\/wp-content\/uploads\/2020\/12\/image-8-768x768.jpg 768w\" sizes=\"auto, (max-width: 508px) 100vw, 508px\" \/><figcaption><strong>&#8222;Wir sind Kameraden auf See!&#8220;<\/strong><\/figcaption><\/figure>\n\n\n\n<figure class=\"wp-block-image size-large is-resized\"><img loading=\"lazy\" decoding=\"async\" src=\"https:\/\/chor-der-hwsp.de\/HPneu\/wp-content\/uploads\/2020\/12\/image-9.jpg\" alt=\"\" class=\"wp-image-2942\" width=\"511\" height=\"511\" srcset=\"https:\/\/chor-der-hwsp.de\/HPneu\/wp-content\/uploads\/2020\/12\/image-9.jpg 800w, https:\/\/chor-der-hwsp.de\/HPneu\/wp-content\/uploads\/2020\/12\/image-9-300x300.jpg 300w, https:\/\/chor-der-hwsp.de\/HPneu\/wp-content\/uploads\/2020\/12\/image-9-150x150.jpg 150w, https:\/\/chor-der-hwsp.de\/HPneu\/wp-content\/uploads\/2020\/12\/image-9-768x768.jpg 768w\" sizes=\"auto, (max-width: 511px) 100vw, 511px\" \/><figcaption><strong>Auf Wiedersehen bis zum n\u00e4chsten Konzert<\/strong><\/figcaption><\/figure>\n\n\n\n<figure class=\"wp-block-image size-large is-resized\"><img loading=\"lazy\" decoding=\"async\" src=\"https:\/\/chor-der-hwsp.de\/HPneu\/wp-content\/uploads\/2020\/12\/image-10.jpg\" alt=\"\" class=\"wp-image-2943\" width=\"516\" height=\"516\" srcset=\"https:\/\/chor-der-hwsp.de\/HPneu\/wp-content\/uploads\/2020\/12\/image-10.jpg 800w, https:\/\/chor-der-hwsp.de\/HPneu\/wp-content\/uploads\/2020\/12\/image-10-300x300.jpg 300w, https:\/\/chor-der-hwsp.de\/HPneu\/wp-content\/uploads\/2020\/12\/image-10-150x150.jpg 150w, https:\/\/chor-der-hwsp.de\/HPneu\/wp-content\/uploads\/2020\/12\/image-10-768x768.jpg 768w\" sizes=\"auto, (max-width: 516px) 100vw, 516px\" \/><figcaption><strong>Jubi\u00e4umsfeier unseres Chores und Abschlussabend des <br>90. Delegiertentages des Chorverbands der Deutschen Polizei<\/strong><\/figcaption><\/figure>\n\n\n\n<figure class=\"wp-block-image size-large is-resized\"><img loading=\"lazy\" decoding=\"async\" src=\"https:\/\/chor-der-hwsp.de\/HPneu\/wp-content\/uploads\/2020\/12\/image-11.jpg\" alt=\"\" class=\"wp-image-2944\" width=\"521\" height=\"521\" srcset=\"https:\/\/chor-der-hwsp.de\/HPneu\/wp-content\/uploads\/2020\/12\/image-11.jpg 800w, https:\/\/chor-der-hwsp.de\/HPneu\/wp-content\/uploads\/2020\/12\/image-11-300x300.jpg 300w, https:\/\/chor-der-hwsp.de\/HPneu\/wp-content\/uploads\/2020\/12\/image-11-150x150.jpg 150w, https:\/\/chor-der-hwsp.de\/HPneu\/wp-content\/uploads\/2020\/12\/image-11-768x768.jpg 768w\" sizes=\"auto, (max-width: 521px) 100vw, 521px\" \/><figcaption><strong>Jeder Hunger und Durst wird gestillt, alle werden gut versorgt. <\/strong><\/figcaption><\/figure>\n\n\n\n<figure class=\"wp-block-image size-large is-resized\"><img loading=\"lazy\" decoding=\"async\" src=\"https:\/\/chor-der-hwsp.de\/HPneu\/wp-content\/uploads\/2020\/12\/image-12.jpg\" alt=\"\" class=\"wp-image-2945\" width=\"528\" height=\"528\" srcset=\"https:\/\/chor-der-hwsp.de\/HPneu\/wp-content\/uploads\/2020\/12\/image-12.jpg 800w, https:\/\/chor-der-hwsp.de\/HPneu\/wp-content\/uploads\/2020\/12\/image-12-300x300.jpg 300w, https:\/\/chor-der-hwsp.de\/HPneu\/wp-content\/uploads\/2020\/12\/image-12-150x150.jpg 150w, https:\/\/chor-der-hwsp.de\/HPneu\/wp-content\/uploads\/2020\/12\/image-12-768x768.jpg 768w\" sizes=\"auto, (max-width: 528px) 100vw, 528px\" \/><figcaption><strong>Ehrungen f\u00fcr langj\u00e4hrige Mitgliedschaften<br>im Chor der Hessischen Wasserschutzpolizei an<br>Wolfgang Kaimer, Reinhold Zobotke, Hans Ludwig Faber und Dietrich Rehwald<\/strong><\/figcaption><\/figure>\n\n\n\n<figure class=\"wp-block-image size-large is-resized\"><img loading=\"lazy\" decoding=\"async\" src=\"https:\/\/chor-der-hwsp.de\/HPneu\/wp-content\/uploads\/2020\/12\/image-13.jpg\" alt=\"\" class=\"wp-image-2946\" width=\"532\" height=\"532\" srcset=\"https:\/\/chor-der-hwsp.de\/HPneu\/wp-content\/uploads\/2020\/12\/image-13.jpg 800w, https:\/\/chor-der-hwsp.de\/HPneu\/wp-content\/uploads\/2020\/12\/image-13-300x300.jpg 300w, https:\/\/chor-der-hwsp.de\/HPneu\/wp-content\/uploads\/2020\/12\/image-13-150x150.jpg 150w, https:\/\/chor-der-hwsp.de\/HPneu\/wp-content\/uploads\/2020\/12\/image-13-768x768.jpg 768w\" sizes=\"auto, (max-width: 532px) 100vw, 532px\" \/><figcaption><strong>Notenspende und Ehrenurkunde f\u00fcr den Chor der Hessischen Wasserschutzpolizei.<br>Ein wundervoller Tag geht zu Ende!<\/strong><\/figcaption><\/figure>\n","protected":false},"excerpt":{"rendered":"","protected":false},"author":7,"featured_media":0,"parent":0,"menu_order":0,"comment_status":"closed","ping_status":"closed","template":"","meta":{"footnotes":""},"class_list":["post-2955","page","type-page","status-publish","hentry"],"_links":{"self":[{"href":"https:\/\/chor-der-hwsp.de\/HPneu\/wp-json\/wp\/v2\/pages\/2955","targetHints":{"allow":["GET"]}}],"collection":[{"href":"https:\/\/chor-der-hwsp.de\/HPneu\/wp-json\/wp\/v2\/pages"}],"about":[{"href":"https:\/\/chor-der-hwsp.de\/HPneu\/wp-json\/wp\/v2\/types\/page"}],"author":[{"embeddable":true,"href":"https:\/\/chor-der-hwsp.de\/HPneu\/wp-json\/wp\/v2\/users\/7"}],"replies":[{"embeddable":true,"href":"https:\/\/chor-der-hwsp.de\/HPneu\/wp-json\/wp\/v2\/comments?post=2955"}],"version-history":[{"count":17,"href":"https:\/\/chor-der-hwsp.de\/HPneu\/wp-json\/wp\/v2\/pages\/2955\/revisions"}],"predecessor-version":[{"id":2978,"href":"https:\/\/chor-der-hwsp.de\/HPneu\/wp-json\/wp\/v2\/pages\/2955\/revisions\/2978"}],"wp:attachment":[{"href":"https:\/\/chor-der-hwsp.de\/HPneu\/wp-json\/wp\/v2\/media?parent=2955"}],"curies":[{"name":"wp","href":"https:\/\/api.w.org\/{rel}","templated":true}]}}