{"id":3050,"date":"2020-12-30T17:32:55","date_gmt":"2020-12-30T16:32:55","guid":{"rendered":"https:\/\/chor-der-hwsp.de\/HPneu\/?page_id=3050"},"modified":"2021-01-02T16:52:28","modified_gmt":"2021-01-02T15:52:28","slug":"13-rheinschifffahrt-ins-obere-mittelrheintal-7-9-2019","status":"publish","type":"page","link":"https:\/\/chor-der-hwsp.de\/HPneu\/13-rheinschifffahrt-ins-obere-mittelrheintal-7-9-2019\/","title":{"rendered":"13. Rheinschifffahrt ins &#8222;Obere Mittelrheintal&#8220; (7.9.2019)"},"content":{"rendered":"\n<div class=\"wp-block-image\"><figure class=\"alignleft size-large is-resized\"><img loading=\"lazy\" decoding=\"async\" src=\"https:\/\/chor-der-hwsp.de\/HPneu\/wp-content\/uploads\/2020\/12\/13.-Rheinschifffahrt7.9.2019-1.jpg\" alt=\"\" class=\"wp-image-3039\" width=\"562\" height=\"562\" srcset=\"https:\/\/chor-der-hwsp.de\/HPneu\/wp-content\/uploads\/2020\/12\/13.-Rheinschifffahrt7.9.2019-1.jpg 700w, https:\/\/chor-der-hwsp.de\/HPneu\/wp-content\/uploads\/2020\/12\/13.-Rheinschifffahrt7.9.2019-1-300x300.jpg 300w, https:\/\/chor-der-hwsp.de\/HPneu\/wp-content\/uploads\/2020\/12\/13.-Rheinschifffahrt7.9.2019-1-150x150.jpg 150w\" sizes=\"auto, (max-width: 562px) 100vw, 562px\" \/><figcaption><strong>Die Zahl &#8222;13&#8220;<\/strong> <strong>machte an diesem Tag ihrem schlechten Ruf erst einmal alle Ehre:<\/strong> <strong>Regenwetter, defektes Bugstrahlruder der MS &#8222;Rheinstar&#8220;, versp\u00e4teter Reisebeginn,<\/strong> <strong>Verhinderung unserer Dirigentin Laurie Anne!<\/strong><\/figcaption><\/figure><\/div>\n\n\n\n<div class=\"wp-block-image\"><figure class=\"alignleft size-large is-resized\"><img loading=\"lazy\" decoding=\"async\" src=\"https:\/\/chor-der-hwsp.de\/HPneu\/wp-content\/uploads\/2020\/12\/13.-Rheinschifffahrt7.9.2019-2.jpg\" alt=\"\" class=\"wp-image-3040\" width=\"564\" height=\"564\" srcset=\"https:\/\/chor-der-hwsp.de\/HPneu\/wp-content\/uploads\/2020\/12\/13.-Rheinschifffahrt7.9.2019-2.jpg 700w, https:\/\/chor-der-hwsp.de\/HPneu\/wp-content\/uploads\/2020\/12\/13.-Rheinschifffahrt7.9.2019-2-300x300.jpg 300w, https:\/\/chor-der-hwsp.de\/HPneu\/wp-content\/uploads\/2020\/12\/13.-Rheinschifffahrt7.9.2019-2-150x150.jpg 150w\" sizes=\"auto, (max-width: 564px) 100vw, 564px\" \/><figcaption><strong>&#8222;La\u00dft Euch Eure gute Laune trotzdem nicht verderben! Willkommen an Bord!&#8220;<\/strong><\/figcaption><\/figure><\/div>\n\n\n\n<div class=\"wp-block-image\"><figure class=\"alignleft size-large is-resized\"><img loading=\"lazy\" decoding=\"async\" src=\"https:\/\/chor-der-hwsp.de\/HPneu\/wp-content\/uploads\/2020\/12\/13.-Rheinschifffahrt7.9.2019-3.jpg\" alt=\"\" class=\"wp-image-3041\" width=\"566\" height=\"566\" srcset=\"https:\/\/chor-der-hwsp.de\/HPneu\/wp-content\/uploads\/2020\/12\/13.-Rheinschifffahrt7.9.2019-3.jpg 700w, https:\/\/chor-der-hwsp.de\/HPneu\/wp-content\/uploads\/2020\/12\/13.-Rheinschifffahrt7.9.2019-3-300x300.jpg 300w, https:\/\/chor-der-hwsp.de\/HPneu\/wp-content\/uploads\/2020\/12\/13.-Rheinschifffahrt7.9.2019-3-150x150.jpg 150w\" sizes=\"auto, (max-width: 566px) 100vw, 566px\" \/><figcaption><strong>\u00dcbergabe einer gro\u00dfz\u00fcgigen Spende unseres Chors an &#8222;B\u00e4renherz&#8220;, einer Stiftung<\/strong> <strong>f\u00fcr schwerstkranke Kinder<\/strong> <strong>in Wiesbaden. Ihre Gesch\u00e4ftsf\u00fchrerin, Frau Eli-Klein, ist \u00fcbergl\u00fccklich.<\/strong><\/figcaption><\/figure><\/div>\n\n\n\n<div class=\"wp-block-image\"><figure class=\"alignleft size-large is-resized\"><img loading=\"lazy\" decoding=\"async\" src=\"https:\/\/chor-der-hwsp.de\/HPneu\/wp-content\/uploads\/2020\/12\/13.-Rheinschifffahrt7.9.2019-4.jpg\" alt=\"\" class=\"wp-image-3042\" width=\"570\" height=\"570\" srcset=\"https:\/\/chor-der-hwsp.de\/HPneu\/wp-content\/uploads\/2020\/12\/13.-Rheinschifffahrt7.9.2019-4.jpg 700w, https:\/\/chor-der-hwsp.de\/HPneu\/wp-content\/uploads\/2020\/12\/13.-Rheinschifffahrt7.9.2019-4-300x300.jpg 300w, https:\/\/chor-der-hwsp.de\/HPneu\/wp-content\/uploads\/2020\/12\/13.-Rheinschifffahrt7.9.2019-4-150x150.jpg 150w\" sizes=\"auto, (max-width: 570px) 100vw, 570px\" \/><figcaption><strong>&#8222;Das Bugstrahlruder funktioniert wieder, wir haben mindestens eine Handbreit Wasser unter dem Kiel und ein Dach \u00fcber dem Kopf! F\u00fcr Essen und Trinken ist gesorgt! Jetzt wollen wir froh sein und singen!&#8220; <\/strong><\/figcaption><\/figure><\/div>\n\n\n\n<div class=\"wp-block-image\"><figure class=\"alignleft size-large is-resized\"><img loading=\"lazy\" decoding=\"async\" src=\"https:\/\/chor-der-hwsp.de\/HPneu\/wp-content\/uploads\/2020\/12\/13.-Rheinschifffahrt7.9.2019-5.jpg\" alt=\"\" class=\"wp-image-3043\" width=\"574\" height=\"574\" srcset=\"https:\/\/chor-der-hwsp.de\/HPneu\/wp-content\/uploads\/2020\/12\/13.-Rheinschifffahrt7.9.2019-5.jpg 700w, https:\/\/chor-der-hwsp.de\/HPneu\/wp-content\/uploads\/2020\/12\/13.-Rheinschifffahrt7.9.2019-5-300x300.jpg 300w, https:\/\/chor-der-hwsp.de\/HPneu\/wp-content\/uploads\/2020\/12\/13.-Rheinschifffahrt7.9.2019-5-150x150.jpg 150w\" sizes=\"auto, (max-width: 574px) 100vw, 574px\" \/><figcaption><strong>Polizeichor Wuppertal e.V., M\u00e4nnergesangverein Liederkranz R\u00fcsselsheim-Ha\u00dfloch und aufmerksame, begeisterte Zuh\u00f6rer<\/strong><\/figcaption><\/figure><\/div>\n\n\n\n<div class=\"wp-block-image\"><figure class=\"alignleft size-large is-resized\"><img loading=\"lazy\" decoding=\"async\" src=\"https:\/\/chor-der-hwsp.de\/HPneu\/wp-content\/uploads\/2020\/12\/13.-Rheinschifffahrt7.9.2019-6.jpg\" alt=\"\" class=\"wp-image-3044\" width=\"575\" height=\"575\" srcset=\"https:\/\/chor-der-hwsp.de\/HPneu\/wp-content\/uploads\/2020\/12\/13.-Rheinschifffahrt7.9.2019-6.jpg 700w, https:\/\/chor-der-hwsp.de\/HPneu\/wp-content\/uploads\/2020\/12\/13.-Rheinschifffahrt7.9.2019-6-300x300.jpg 300w, https:\/\/chor-der-hwsp.de\/HPneu\/wp-content\/uploads\/2020\/12\/13.-Rheinschifffahrt7.9.2019-6-150x150.jpg 150w\" sizes=\"auto, (max-width: 575px) 100vw, 575px\" \/><figcaption><strong>Ein weiterer H\u00f6hepunkt der 13. Rheinschifffahrt war der Auftritt des Polizeichors Frankfurt am Main. &#8211; Wir brauchen uns aber auch nicht zu verstecken!<\/strong><\/figcaption><\/figure><\/div>\n\n\n\n<div class=\"wp-block-image\"><figure class=\"alignleft size-large is-resized\"><img loading=\"lazy\" decoding=\"async\" src=\"https:\/\/chor-der-hwsp.de\/HPneu\/wp-content\/uploads\/2020\/12\/13.-Rheinschifffahrt7.9.2019-7.jpg\" alt=\"\" class=\"wp-image-3045\" width=\"576\" height=\"576\" srcset=\"https:\/\/chor-der-hwsp.de\/HPneu\/wp-content\/uploads\/2020\/12\/13.-Rheinschifffahrt7.9.2019-7.jpg 700w, https:\/\/chor-der-hwsp.de\/HPneu\/wp-content\/uploads\/2020\/12\/13.-Rheinschifffahrt7.9.2019-7-300x300.jpg 300w, https:\/\/chor-der-hwsp.de\/HPneu\/wp-content\/uploads\/2020\/12\/13.-Rheinschifffahrt7.9.2019-7-150x150.jpg 150w\" sizes=\"auto, (max-width: 576px) 100vw, 576px\" \/><figcaption><strong>&#8222;Eine Schifffahrt, die ist lustig, eine Schifffahrt die ist sch\u00f6n!&#8220;<\/strong><\/figcaption><\/figure><\/div>\n\n\n\n<div class=\"wp-block-image\"><figure class=\"alignleft size-large is-resized\"><img loading=\"lazy\" decoding=\"async\" src=\"https:\/\/chor-der-hwsp.de\/HPneu\/wp-content\/uploads\/2020\/12\/13.-Rheinschifffahrt7.9.2019-8.jpg\" alt=\"\" class=\"wp-image-3046\" width=\"578\" height=\"578\" srcset=\"https:\/\/chor-der-hwsp.de\/HPneu\/wp-content\/uploads\/2020\/12\/13.-Rheinschifffahrt7.9.2019-8.jpg 700w, https:\/\/chor-der-hwsp.de\/HPneu\/wp-content\/uploads\/2020\/12\/13.-Rheinschifffahrt7.9.2019-8-300x300.jpg 300w, https:\/\/chor-der-hwsp.de\/HPneu\/wp-content\/uploads\/2020\/12\/13.-Rheinschifffahrt7.9.2019-8-150x150.jpg 150w\" sizes=\"auto, (max-width: 578px) 100vw, 578px\" \/><figcaption><strong>&#8222;Halli Hallo, wie sch\u00f6n, dass ihr da seid,  wie sch\u00f6n, dass es euch gibt!&#8220;<\/strong><\/figcaption><\/figure><\/div>\n\n\n\n<div class=\"wp-block-image\"><figure class=\"alignleft size-large is-resized\"><img loading=\"lazy\" decoding=\"async\" src=\"https:\/\/chor-der-hwsp.de\/HPneu\/wp-content\/uploads\/2020\/12\/13.-Rheinschifffahrt7.9.2019-9.jpg\" alt=\"\" class=\"wp-image-3047\" width=\"579\" height=\"579\" srcset=\"https:\/\/chor-der-hwsp.de\/HPneu\/wp-content\/uploads\/2020\/12\/13.-Rheinschifffahrt7.9.2019-9.jpg 700w, https:\/\/chor-der-hwsp.de\/HPneu\/wp-content\/uploads\/2020\/12\/13.-Rheinschifffahrt7.9.2019-9-300x300.jpg 300w, https:\/\/chor-der-hwsp.de\/HPneu\/wp-content\/uploads\/2020\/12\/13.-Rheinschifffahrt7.9.2019-9-150x150.jpg 150w\" sizes=\"auto, (max-width: 579px) 100vw, 579px\" \/><figcaption><strong>Mittagessen in der Mittelrheinhalle in Bacharach <\/strong><br><strong>Gott Bacchus pers\u00f6nlich w\u00fcnscht dazu guten Appetit!<\/strong><\/figcaption><\/figure><\/div>\n\n\n\n<div class=\"wp-block-image\"><figure class=\"alignleft size-large is-resized\"><img loading=\"lazy\" decoding=\"async\" src=\"https:\/\/chor-der-hwsp.de\/HPneu\/wp-content\/uploads\/2020\/12\/13.-Rheinschifffahrt7.9.2019-10.jpg\" alt=\"\" class=\"wp-image-3048\" width=\"580\" height=\"580\" srcset=\"https:\/\/chor-der-hwsp.de\/HPneu\/wp-content\/uploads\/2020\/12\/13.-Rheinschifffahrt7.9.2019-10.jpg 700w, https:\/\/chor-der-hwsp.de\/HPneu\/wp-content\/uploads\/2020\/12\/13.-Rheinschifffahrt7.9.2019-10-300x300.jpg 300w, https:\/\/chor-der-hwsp.de\/HPneu\/wp-content\/uploads\/2020\/12\/13.-Rheinschifffahrt7.9.2019-10-150x150.jpg 150w\" sizes=\"auto, (max-width: 580px) 100vw, 580px\" \/><figcaption><strong>Start zur R\u00fcckfahrt mit der MS &#8222;Rheinstar&#8220; <\/strong><br><strong>Zu uns&#8217;rer gro\u00dfen Freude wieder mit dabei  &#8211; Rudi Schildt, langj\u00e4hriger enger Freund unseres Chores; diesmal in Begleitung seiner Enkeltochter. <\/strong><\/figcaption><\/figure><\/div>\n\n\n\n<div class=\"wp-block-image\"><figure class=\"alignleft size-large is-resized\"><img loading=\"lazy\" decoding=\"async\" src=\"https:\/\/chor-der-hwsp.de\/HPneu\/wp-content\/uploads\/2020\/12\/13.-Rheinschifffahrt7.9.2019-11.jpg\" alt=\"\" class=\"wp-image-3049\" width=\"581\" height=\"581\" srcset=\"https:\/\/chor-der-hwsp.de\/HPneu\/wp-content\/uploads\/2020\/12\/13.-Rheinschifffahrt7.9.2019-11.jpg 700w, https:\/\/chor-der-hwsp.de\/HPneu\/wp-content\/uploads\/2020\/12\/13.-Rheinschifffahrt7.9.2019-11-300x300.jpg 300w, https:\/\/chor-der-hwsp.de\/HPneu\/wp-content\/uploads\/2020\/12\/13.-Rheinschifffahrt7.9.2019-11-150x150.jpg 150w\" sizes=\"auto, (max-width: 581px) 100vw, 581px\" \/><figcaption><strong>Gute Laune, Freundschaft und Gesang f\u00fcr alle G\u00e4ste &#8211; wie sch\u00f6n!<\/strong> <br>(Mehr zur 13. Rheinschifffahrt in den Bordnachrichten, Ausgabe Nr. 22)<\/figcaption><\/figure><\/div>\n\n\n\n<p><\/p>\n\n\n\n<p><\/p>\n","protected":false},"excerpt":{"rendered":"","protected":false},"author":7,"featured_media":0,"parent":0,"menu_order":0,"comment_status":"closed","ping_status":"closed","template":"","meta":{"footnotes":""},"class_list":["post-3050","page","type-page","status-publish","hentry"],"_links":{"self":[{"href":"https:\/\/chor-der-hwsp.de\/HPneu\/wp-json\/wp\/v2\/pages\/3050","targetHints":{"allow":["GET"]}}],"collection":[{"href":"https:\/\/chor-der-hwsp.de\/HPneu\/wp-json\/wp\/v2\/pages"}],"about":[{"href":"https:\/\/chor-der-hwsp.de\/HPneu\/wp-json\/wp\/v2\/types\/page"}],"author":[{"embeddable":true,"href":"https:\/\/chor-der-hwsp.de\/HPneu\/wp-json\/wp\/v2\/users\/7"}],"replies":[{"embeddable":true,"href":"https:\/\/chor-der-hwsp.de\/HPneu\/wp-json\/wp\/v2\/comments?post=3050"}],"version-history":[{"count":12,"href":"https:\/\/chor-der-hwsp.de\/HPneu\/wp-json\/wp\/v2\/pages\/3050\/revisions"}],"predecessor-version":[{"id":3072,"href":"https:\/\/chor-der-hwsp.de\/HPneu\/wp-json\/wp\/v2\/pages\/3050\/revisions\/3072"}],"wp:attachment":[{"href":"https:\/\/chor-der-hwsp.de\/HPneu\/wp-json\/wp\/v2\/media?parent=3050"}],"curies":[{"name":"wp","href":"https:\/\/api.w.org\/{rel}","templated":true}]}}