{"id":3090,"date":"2021-01-05T16:31:49","date_gmt":"2021-01-05T15:31:49","guid":{"rendered":"https:\/\/chor-der-hwsp.de\/HPneu\/?page_id=3090"},"modified":"2021-01-18T18:54:34","modified_gmt":"2021-01-18T17:54:34","slug":"tag-der-shanty-choere-bad-muenster-am-stein-ebernburg-30-6-2019","status":"publish","type":"page","link":"https:\/\/chor-der-hwsp.de\/HPneu\/tag-der-shanty-choere-bad-muenster-am-stein-ebernburg-30-6-2019\/","title":{"rendered":"Tag der Shanty-Ch\u00f6re Bad M\u00fcnster am Stein-Ebernburg (30.6.2019)"},"content":{"rendered":"\n<div class=\"wp-block-image\"><figure class=\"alignleft size-large is-resized\"><img loading=\"lazy\" decoding=\"async\" src=\"https:\/\/chor-der-hwsp.de\/HPneu\/wp-content\/uploads\/2021\/01\/image1.jpg\" alt=\"\" class=\"wp-image-3084\" width=\"554\" height=\"554\" srcset=\"https:\/\/chor-der-hwsp.de\/HPneu\/wp-content\/uploads\/2021\/01\/image1.jpg 700w, https:\/\/chor-der-hwsp.de\/HPneu\/wp-content\/uploads\/2021\/01\/image1-300x300.jpg 300w, https:\/\/chor-der-hwsp.de\/HPneu\/wp-content\/uploads\/2021\/01\/image1-150x150.jpg 150w\" sizes=\"auto, (max-width: 554px) 100vw, 554px\" \/><figcaption><strong>Noch ist es ruhig und still im wundersch\u00f6nen Kurpark von<\/strong><br><strong> Bad M\u00fcnster am Stein-Ebernburg.<\/strong><\/figcaption><\/figure><\/div>\n\n\n\n<div class=\"wp-block-image\"><figure class=\"alignleft size-large is-resized\"><img loading=\"lazy\" decoding=\"async\" src=\"https:\/\/chor-der-hwsp.de\/HPneu\/wp-content\/uploads\/2021\/01\/image2.jpg\" alt=\"\" class=\"wp-image-3085\" width=\"556\" height=\"556\" srcset=\"https:\/\/chor-der-hwsp.de\/HPneu\/wp-content\/uploads\/2021\/01\/image2.jpg 700w, https:\/\/chor-der-hwsp.de\/HPneu\/wp-content\/uploads\/2021\/01\/image2-300x300.jpg 300w, https:\/\/chor-der-hwsp.de\/HPneu\/wp-content\/uploads\/2021\/01\/image2-150x150.jpg 150w\" sizes=\"auto, (max-width: 556px) 100vw, 556px\" \/><figcaption><strong>Schon bald beginnen die Vorbereitungen f\u00fcr die Auftrtte der Ch\u00f6re.<\/strong><\/figcaption><\/figure><\/div>\n\n\n\n<div class=\"wp-block-image\"><figure class=\"alignleft size-large is-resized\"><img loading=\"lazy\" decoding=\"async\" src=\"https:\/\/chor-der-hwsp.de\/HPneu\/wp-content\/uploads\/2021\/01\/image4.jpg\" alt=\"\" class=\"wp-image-3086\" width=\"556\" height=\"556\" srcset=\"https:\/\/chor-der-hwsp.de\/HPneu\/wp-content\/uploads\/2021\/01\/image4.jpg 700w, https:\/\/chor-der-hwsp.de\/HPneu\/wp-content\/uploads\/2021\/01\/image4-300x300.jpg 300w, https:\/\/chor-der-hwsp.de\/HPneu\/wp-content\/uploads\/2021\/01\/image4-150x150.jpg 150w\" sizes=\"auto, (max-width: 556px) 100vw, 556px\" \/><figcaption><strong>Rasch noch ein kleiner Schluck zum Befeuchten der Stimmb\u00e4nder, <\/strong><br><strong>dann sind wir schon an der Reihe.<\/strong> <\/figcaption><\/figure><\/div>\n\n\n\n<div class=\"wp-block-image\"><figure class=\"alignleft size-large is-resized\"><img loading=\"lazy\" decoding=\"async\" src=\"https:\/\/chor-der-hwsp.de\/HPneu\/wp-content\/uploads\/2021\/01\/image5.jpg\" alt=\"\" class=\"wp-image-3087\" width=\"554\" height=\"554\" srcset=\"https:\/\/chor-der-hwsp.de\/HPneu\/wp-content\/uploads\/2021\/01\/image5.jpg 700w, https:\/\/chor-der-hwsp.de\/HPneu\/wp-content\/uploads\/2021\/01\/image5-300x300.jpg 300w, https:\/\/chor-der-hwsp.de\/HPneu\/wp-content\/uploads\/2021\/01\/image5-150x150.jpg 150w\" sizes=\"auto, (max-width: 554px) 100vw, 554px\" \/><figcaption><strong>Nicht nur Shantys, auch die &#8222;\u00c4quatortaufe&#8220; geh\u00f6rt zum Seemannsbrauchtum: Hier wird stolz die Urkunde der \u00c4quatortaufe eines Matrosen (1961) pr\u00e4sentiert.<\/strong><\/figcaption><\/figure><\/div>\n\n\n\n<div class=\"wp-block-image\"><figure class=\"alignleft size-large is-resized\"><img loading=\"lazy\" decoding=\"async\" src=\"https:\/\/chor-der-hwsp.de\/HPneu\/wp-content\/uploads\/2021\/01\/image6.jpg\" alt=\"\" class=\"wp-image-3088\" width=\"557\" height=\"557\" srcset=\"https:\/\/chor-der-hwsp.de\/HPneu\/wp-content\/uploads\/2021\/01\/image6.jpg 700w, https:\/\/chor-der-hwsp.de\/HPneu\/wp-content\/uploads\/2021\/01\/image6-300x300.jpg 300w, https:\/\/chor-der-hwsp.de\/HPneu\/wp-content\/uploads\/2021\/01\/image6-150x150.jpg 150w\" sizes=\"auto, (max-width: 557px) 100vw, 557px\" \/><figcaption><strong>Unser Chor in voller Aktion. Alles hat gut geklappt, ein Grund zu gro\u00dfer Freude.<\/strong><\/figcaption><\/figure><\/div>\n\n\n\n<div class=\"wp-block-image\"><figure class=\"alignleft size-large is-resized\"><img loading=\"lazy\" decoding=\"async\" src=\"https:\/\/chor-der-hwsp.de\/HPneu\/wp-content\/uploads\/2021\/01\/image7.jpg\" alt=\"\" class=\"wp-image-3089\" width=\"558\" height=\"558\" srcset=\"https:\/\/chor-der-hwsp.de\/HPneu\/wp-content\/uploads\/2021\/01\/image7.jpg 700w, https:\/\/chor-der-hwsp.de\/HPneu\/wp-content\/uploads\/2021\/01\/image7-300x300.jpg 300w, https:\/\/chor-der-hwsp.de\/HPneu\/wp-content\/uploads\/2021\/01\/image7-150x150.jpg 150w\" sizes=\"auto, (max-width: 558px) 100vw, 558px\" \/><figcaption><strong>W\u00e4hrend einer Singpause rasch ein Besuch in der Brunnenhalle des  Kurmittelhauses. Noch einmal Gesang &#8211; ein wundersch\u00f6ner Tag!<\/strong> <br>(Mehr zu diesem Tag der Shanty-Ch\u00f6re in den Bordnachrichten, Ausgabe Nr. 21)<\/figcaption><\/figure><\/div>\n\n\n\n<p><\/p>\n","protected":false},"excerpt":{"rendered":"","protected":false},"author":7,"featured_media":0,"parent":0,"menu_order":0,"comment_status":"closed","ping_status":"closed","template":"","meta":{"footnotes":""},"class_list":["post-3090","page","type-page","status-publish","hentry"],"_links":{"self":[{"href":"https:\/\/chor-der-hwsp.de\/HPneu\/wp-json\/wp\/v2\/pages\/3090","targetHints":{"allow":["GET"]}}],"collection":[{"href":"https:\/\/chor-der-hwsp.de\/HPneu\/wp-json\/wp\/v2\/pages"}],"about":[{"href":"https:\/\/chor-der-hwsp.de\/HPneu\/wp-json\/wp\/v2\/types\/page"}],"author":[{"embeddable":true,"href":"https:\/\/chor-der-hwsp.de\/HPneu\/wp-json\/wp\/v2\/users\/7"}],"replies":[{"embeddable":true,"href":"https:\/\/chor-der-hwsp.de\/HPneu\/wp-json\/wp\/v2\/comments?post=3090"}],"version-history":[{"count":10,"href":"https:\/\/chor-der-hwsp.de\/HPneu\/wp-json\/wp\/v2\/pages\/3090\/revisions"}],"predecessor-version":[{"id":3128,"href":"https:\/\/chor-der-hwsp.de\/HPneu\/wp-json\/wp\/v2\/pages\/3090\/revisions\/3128"}],"wp:attachment":[{"href":"https:\/\/chor-der-hwsp.de\/HPneu\/wp-json\/wp\/v2\/media?parent=3090"}],"curies":[{"name":"wp","href":"https:\/\/api.w.org\/{rel}","templated":true}]}}