{"id":3156,"date":"2021-01-19T22:56:19","date_gmt":"2021-01-19T21:56:19","guid":{"rendered":"https:\/\/chor-der-hwsp.de\/HPneu\/?page_id=3156"},"modified":"2021-01-23T11:13:32","modified_gmt":"2021-01-23T10:13:32","slug":"chorwochenende-in-bad-soden-salmuenster-18-19-1-2019","status":"publish","type":"page","link":"https:\/\/chor-der-hwsp.de\/HPneu\/chorwochenende-in-bad-soden-salmuenster-18-19-1-2019\/","title":{"rendered":"Chorwochenende in Bad Soden-Salm\u00fcnster (18. &#8211; 19.1.2019)"},"content":{"rendered":"\n<div class=\"wp-block-image\"><figure class=\"alignleft size-large is-resized\"><img loading=\"lazy\" decoding=\"async\" src=\"https:\/\/chor-der-hwsp.de\/HPneu\/wp-content\/uploads\/2021\/01\/Bad-Soden-Salmuenster-1.jpg\" alt=\"\" class=\"wp-image-3147\" width=\"581\" height=\"581\" srcset=\"https:\/\/chor-der-hwsp.de\/HPneu\/wp-content\/uploads\/2021\/01\/Bad-Soden-Salmuenster-1.jpg 700w, https:\/\/chor-der-hwsp.de\/HPneu\/wp-content\/uploads\/2021\/01\/Bad-Soden-Salmuenster-1-300x300.jpg 300w, https:\/\/chor-der-hwsp.de\/HPneu\/wp-content\/uploads\/2021\/01\/Bad-Soden-Salmuenster-1-150x150.jpg 150w\" sizes=\"auto, (max-width: 581px) 100vw, 581px\" \/><figcaption><strong>Aufbruch und Ankunft im &#8222;Landhotel Betz Superior&#8220; im Kinzigtal bei <\/strong><br><strong>Bad Soden-Salm\u00fcnster zu einem Chorwochenende<\/strong><\/figcaption><\/figure><\/div>\n\n\n\n<div class=\"wp-block-image\"><figure class=\"alignleft size-large is-resized\"><img loading=\"lazy\" decoding=\"async\" src=\"https:\/\/chor-der-hwsp.de\/HPneu\/wp-content\/uploads\/2021\/01\/Bad-Soden-Salmuenster-2.jpg\" alt=\"\" class=\"wp-image-3148\" width=\"578\" height=\"578\" srcset=\"https:\/\/chor-der-hwsp.de\/HPneu\/wp-content\/uploads\/2021\/01\/Bad-Soden-Salmuenster-2.jpg 700w, https:\/\/chor-der-hwsp.de\/HPneu\/wp-content\/uploads\/2021\/01\/Bad-Soden-Salmuenster-2-300x300.jpg 300w, https:\/\/chor-der-hwsp.de\/HPneu\/wp-content\/uploads\/2021\/01\/Bad-Soden-Salmuenster-2-150x150.jpg 150w\" sizes=\"auto, (max-width: 578px) 100vw, 578px\" \/><figcaption><strong>Was f\u00fcr ein sch\u00f6ner Ort, um uns auf das  Jubil\u00e4umskonzert in <\/strong><br><strong>Kloster Eberbach am 13. April 2019 vorzubereiten!<\/strong><\/figcaption><\/figure><\/div>\n\n\n\n<div class=\"wp-block-image\"><figure class=\"alignleft size-large is-resized\"><img loading=\"lazy\" decoding=\"async\" src=\"https:\/\/chor-der-hwsp.de\/HPneu\/wp-content\/uploads\/2021\/01\/Bad-Soden-Salmuenster-3.jpg\" alt=\"\" class=\"wp-image-3149\" width=\"575\" height=\"575\" srcset=\"https:\/\/chor-der-hwsp.de\/HPneu\/wp-content\/uploads\/2021\/01\/Bad-Soden-Salmuenster-3.jpg 700w, https:\/\/chor-der-hwsp.de\/HPneu\/wp-content\/uploads\/2021\/01\/Bad-Soden-Salmuenster-3-300x300.jpg 300w, https:\/\/chor-der-hwsp.de\/HPneu\/wp-content\/uploads\/2021\/01\/Bad-Soden-Salmuenster-3-150x150.jpg 150w\" sizes=\"auto, (max-width: 575px) 100vw, 575px\" \/><figcaption><strong>Stimmt:  &#8222;Wer die Musik liebt, kann niemals einsam sein.&#8220; <\/strong><\/figcaption><\/figure><\/div>\n\n\n\n<div class=\"wp-block-image\"><figure class=\"alignleft size-large is-resized\"><img loading=\"lazy\" decoding=\"async\" src=\"https:\/\/chor-der-hwsp.de\/HPneu\/wp-content\/uploads\/2021\/01\/Bad-Soden-Salmuenster-4.jpg\" alt=\"\" class=\"wp-image-3150\" width=\"576\" height=\"576\" srcset=\"https:\/\/chor-der-hwsp.de\/HPneu\/wp-content\/uploads\/2021\/01\/Bad-Soden-Salmuenster-4.jpg 700w, https:\/\/chor-der-hwsp.de\/HPneu\/wp-content\/uploads\/2021\/01\/Bad-Soden-Salmuenster-4-300x300.jpg 300w, https:\/\/chor-der-hwsp.de\/HPneu\/wp-content\/uploads\/2021\/01\/Bad-Soden-Salmuenster-4-150x150.jpg 150w\" sizes=\"auto, (max-width: 576px) 100vw, 576px\" \/><figcaption><strong>&#8222;Ui, die Jungs geben sich richtig M\u00fche! Das klingt sehr gut!&#8220;<\/strong><\/figcaption><\/figure><\/div>\n\n\n\n<div class=\"wp-block-image\"><figure class=\"alignleft size-large is-resized\"><img loading=\"lazy\" decoding=\"async\" src=\"https:\/\/chor-der-hwsp.de\/HPneu\/wp-content\/uploads\/2021\/01\/Bad-Soden-Salmuenster-5.jpg\" alt=\"\" class=\"wp-image-3151\" width=\"572\" height=\"572\" srcset=\"https:\/\/chor-der-hwsp.de\/HPneu\/wp-content\/uploads\/2021\/01\/Bad-Soden-Salmuenster-5.jpg 700w, https:\/\/chor-der-hwsp.de\/HPneu\/wp-content\/uploads\/2021\/01\/Bad-Soden-Salmuenster-5-300x300.jpg 300w, https:\/\/chor-der-hwsp.de\/HPneu\/wp-content\/uploads\/2021\/01\/Bad-Soden-Salmuenster-5-150x150.jpg 150w\" sizes=\"auto, (max-width: 572px) 100vw, 572px\" \/><figcaption><strong>&#8222;Mach mal Pause&#8230;..,  trink Kaffee!&#8220;<\/strong><\/figcaption><\/figure><\/div>\n\n\n\n<div class=\"wp-block-image\"><figure class=\"alignleft size-large is-resized\"><img loading=\"lazy\" decoding=\"async\" src=\"https:\/\/chor-der-hwsp.de\/HPneu\/wp-content\/uploads\/2021\/01\/Bad-Soden-Salmuenster-6.jpg\" alt=\"\" class=\"wp-image-3152\" width=\"569\" height=\"569\" srcset=\"https:\/\/chor-der-hwsp.de\/HPneu\/wp-content\/uploads\/2021\/01\/Bad-Soden-Salmuenster-6.jpg 700w, https:\/\/chor-der-hwsp.de\/HPneu\/wp-content\/uploads\/2021\/01\/Bad-Soden-Salmuenster-6-300x300.jpg 300w, https:\/\/chor-der-hwsp.de\/HPneu\/wp-content\/uploads\/2021\/01\/Bad-Soden-Salmuenster-6-150x150.jpg 150w\" sizes=\"auto, (max-width: 569px) 100vw, 569px\" \/><figcaption><strong>Hei\u00dft es im Lied &#8222;Magelhan&#8220; &#8230;  &#8222;un achtern suupt he unsen K\u00f6\u00f6m&#8220; oder &#8230; <\/strong><br><strong>&#8222;un achtern suupt se unsen K\u00f6\u00f6m&#8220;?<\/strong><\/figcaption><\/figure><\/div>\n\n\n\n<div class=\"wp-block-image\"><figure class=\"alignleft size-large is-resized\"><img loading=\"lazy\" decoding=\"async\" src=\"https:\/\/chor-der-hwsp.de\/HPneu\/wp-content\/uploads\/2021\/01\/Bad-Soden-Salmuenster-7.jpg\" alt=\"\" class=\"wp-image-3153\" width=\"568\" height=\"568\" srcset=\"https:\/\/chor-der-hwsp.de\/HPneu\/wp-content\/uploads\/2021\/01\/Bad-Soden-Salmuenster-7.jpg 700w, https:\/\/chor-der-hwsp.de\/HPneu\/wp-content\/uploads\/2021\/01\/Bad-Soden-Salmuenster-7-300x300.jpg 300w, https:\/\/chor-der-hwsp.de\/HPneu\/wp-content\/uploads\/2021\/01\/Bad-Soden-Salmuenster-7-150x150.jpg 150w\" sizes=\"auto, (max-width: 568px) 100vw, 568px\" \/><figcaption><strong>&#8222;Mit einem erf\u00fcllten Tag verdient man sich seine Tr\u00e4ume.&#8220;    Guten Appetit!<\/strong><\/figcaption><\/figure><\/div>\n\n\n\n<div class=\"wp-block-image\"><figure class=\"alignleft size-large is-resized\"><img loading=\"lazy\" decoding=\"async\" src=\"https:\/\/chor-der-hwsp.de\/HPneu\/wp-content\/uploads\/2021\/01\/Bad-Soden-Salmuenster-8.jpg\" alt=\"\" class=\"wp-image-3154\" width=\"567\" height=\"567\" srcset=\"https:\/\/chor-der-hwsp.de\/HPneu\/wp-content\/uploads\/2021\/01\/Bad-Soden-Salmuenster-8.jpg 700w, https:\/\/chor-der-hwsp.de\/HPneu\/wp-content\/uploads\/2021\/01\/Bad-Soden-Salmuenster-8-300x300.jpg 300w, https:\/\/chor-der-hwsp.de\/HPneu\/wp-content\/uploads\/2021\/01\/Bad-Soden-Salmuenster-8-150x150.jpg 150w\" sizes=\"auto, (max-width: 567px) 100vw, 567px\" \/><figcaption><strong>Schade, das Chorwochenende ist fast schon wieder vorbei. &#8222;Der Chor der Hessischen Wasserschutzpolizei bedankt sich f\u00fcr die gastfreundliche Aufnahme.&#8220;<\/strong><\/figcaption><\/figure><\/div>\n\n\n\n<div class=\"wp-block-image\"><figure class=\"alignleft size-large is-resized\"><img loading=\"lazy\" decoding=\"async\" src=\"https:\/\/chor-der-hwsp.de\/HPneu\/wp-content\/uploads\/2021\/01\/Bad-Soden-Salmuenster-9.jpg\" alt=\"\" class=\"wp-image-3155\" width=\"569\" height=\"569\" srcset=\"https:\/\/chor-der-hwsp.de\/HPneu\/wp-content\/uploads\/2021\/01\/Bad-Soden-Salmuenster-9.jpg 700w, https:\/\/chor-der-hwsp.de\/HPneu\/wp-content\/uploads\/2021\/01\/Bad-Soden-Salmuenster-9-300x300.jpg 300w, https:\/\/chor-der-hwsp.de\/HPneu\/wp-content\/uploads\/2021\/01\/Bad-Soden-Salmuenster-9-150x150.jpg 150w\" sizes=\"auto, (max-width: 569px) 100vw, 569px\" \/><figcaption><strong>Vor unserer Heimfahrt Besuch bei Karl-Heinz Schaber in der <\/strong><br><strong>&#8222;Rehaklinik Lohrey&#8220;.   Klar,  &#8222;Wir sind Kameraden auf See!&#8220;<\/strong><\/figcaption><\/figure><\/div>\n","protected":false},"excerpt":{"rendered":"","protected":false},"author":7,"featured_media":0,"parent":0,"menu_order":0,"comment_status":"closed","ping_status":"closed","template":"","meta":{"footnotes":""},"class_list":["post-3156","page","type-page","status-publish","hentry"],"_links":{"self":[{"href":"https:\/\/chor-der-hwsp.de\/HPneu\/wp-json\/wp\/v2\/pages\/3156","targetHints":{"allow":["GET"]}}],"collection":[{"href":"https:\/\/chor-der-hwsp.de\/HPneu\/wp-json\/wp\/v2\/pages"}],"about":[{"href":"https:\/\/chor-der-hwsp.de\/HPneu\/wp-json\/wp\/v2\/types\/page"}],"author":[{"embeddable":true,"href":"https:\/\/chor-der-hwsp.de\/HPneu\/wp-json\/wp\/v2\/users\/7"}],"replies":[{"embeddable":true,"href":"https:\/\/chor-der-hwsp.de\/HPneu\/wp-json\/wp\/v2\/comments?post=3156"}],"version-history":[{"count":6,"href":"https:\/\/chor-der-hwsp.de\/HPneu\/wp-json\/wp\/v2\/pages\/3156\/revisions"}],"predecessor-version":[{"id":3166,"href":"https:\/\/chor-der-hwsp.de\/HPneu\/wp-json\/wp\/v2\/pages\/3156\/revisions\/3166"}],"wp:attachment":[{"href":"https:\/\/chor-der-hwsp.de\/HPneu\/wp-json\/wp\/v2\/media?parent=3156"}],"curies":[{"name":"wp","href":"https:\/\/api.w.org\/{rel}","templated":true}]}}