{"id":3669,"date":"2021-10-04T15:06:00","date_gmt":"2021-10-04T13:06:00","guid":{"rendered":"https:\/\/chor-der-hwsp.de\/HPneu\/?page_id=3669"},"modified":"2021-10-31T11:39:05","modified_gmt":"2021-10-31T10:39:05","slug":"mitgliederversammlung-30-9-2021","status":"publish","type":"page","link":"https:\/\/chor-der-hwsp.de\/HPneu\/mitgliederversammlung-30-9-2021\/","title":{"rendered":"Mitgliederversammlung (30.9.2021)"},"content":{"rendered":"\n<figure class=\"wp-block-image size-full is-resized\"><img loading=\"lazy\" decoding=\"async\" src=\"https:\/\/chor-der-hwsp.de\/HPneu\/wp-content\/uploads\/2021\/10\/Mitgliederversamlung-30.9.2021-3.jpg\" alt=\"\" class=\"wp-image-3666\" width=\"660\" height=\"660\" srcset=\"https:\/\/chor-der-hwsp.de\/HPneu\/wp-content\/uploads\/2021\/10\/Mitgliederversamlung-30.9.2021-3.jpg 700w, https:\/\/chor-der-hwsp.de\/HPneu\/wp-content\/uploads\/2021\/10\/Mitgliederversamlung-30.9.2021-3-300x300.jpg 300w, https:\/\/chor-der-hwsp.de\/HPneu\/wp-content\/uploads\/2021\/10\/Mitgliederversamlung-30.9.2021-3-150x150.jpg 150w\" sizes=\"auto, (max-width: 660px) 100vw, 660px\" \/><figcaption>Auch bei dieser Mitgliederversammlung gab es wieder viel zu tun und zu entscheiden: Neuwahlen des Vorstands und eines Kassenpr\u00fcfers, \u00c4nderungsantr\u00e4ge f\u00fcr die Satzung und die Finanz- und Geb\u00fchrenordnung sowie Ehrungen f\u00fcr langj\u00e4hrige Mitglieder des Chors.<\/figcaption><\/figure>\n\n\n\n<figure class=\"wp-block-image size-full is-resized\"><img loading=\"lazy\" decoding=\"async\" src=\"https:\/\/chor-der-hwsp.de\/HPneu\/wp-content\/uploads\/2021\/10\/Mitgliederversammlung-30.9.2021-4.jpg\" alt=\"\" class=\"wp-image-3667\" width=\"663\" height=\"663\" srcset=\"https:\/\/chor-der-hwsp.de\/HPneu\/wp-content\/uploads\/2021\/10\/Mitgliederversammlung-30.9.2021-4.jpg 700w, https:\/\/chor-der-hwsp.de\/HPneu\/wp-content\/uploads\/2021\/10\/Mitgliederversammlung-30.9.2021-4-300x300.jpg 300w, https:\/\/chor-der-hwsp.de\/HPneu\/wp-content\/uploads\/2021\/10\/Mitgliederversammlung-30.9.2021-4-150x150.jpg 150w\" sizes=\"auto, (max-width: 663px) 100vw, 663px\" \/><figcaption>Anwesend waren folgende Jubilare: Klaus Hatzinger und J\u00fcrgen Schneider erhielten f\u00fcr 20-j\u00e4hrige Mitgliedschaft die &#8218;Ehrennadel in Silber&#8216;; Erich Bahr, Peter Georg, Karl-Heinz Jouaux und Rolf Mai erhielten die &#8218;Ehrennadel in Bronze&#8216; f\u00fcr 10-j\u00e4hrige Mitgliedschaft. <\/figcaption><\/figure>\n\n\n\n<figure class=\"wp-block-image size-full is-resized\"><img loading=\"lazy\" decoding=\"async\" src=\"https:\/\/chor-der-hwsp.de\/HPneu\/wp-content\/uploads\/2021\/10\/Mitgliederversammlung-30.9.2021-1.jpg\" alt=\"\" class=\"wp-image-3668\" width=\"665\" height=\"665\" srcset=\"https:\/\/chor-der-hwsp.de\/HPneu\/wp-content\/uploads\/2021\/10\/Mitgliederversammlung-30.9.2021-1.jpg 700w, https:\/\/chor-der-hwsp.de\/HPneu\/wp-content\/uploads\/2021\/10\/Mitgliederversammlung-30.9.2021-1-300x300.jpg 300w, https:\/\/chor-der-hwsp.de\/HPneu\/wp-content\/uploads\/2021\/10\/Mitgliederversammlung-30.9.2021-1-150x150.jpg 150w\" sizes=\"auto, (max-width: 665px) 100vw, 665px\" \/><figcaption>Wie bisher hatte unser Mitglied Rainer Molitor die Ehrenurkunden entworfen und gestaltet. Alle Anwesenden haben sich \u00fcber die Ehrungen der Jubilare gefreut. &#8222;Freunde, macht weiter so, nach 30 Jahren erhaltet Ihr die &#8218;Ehrennadel in Gold&#8216;!&#8220;<\/figcaption><\/figure>\n\n\n\n<figure class=\"wp-block-image size-full is-resized\"><img loading=\"lazy\" decoding=\"async\" src=\"https:\/\/chor-der-hwsp.de\/HPneu\/wp-content\/uploads\/2021\/10\/Mitgliederversammlung-30.9.2021-2.jpg\" alt=\"\" class=\"wp-image-3665\" width=\"666\" height=\"666\" srcset=\"https:\/\/chor-der-hwsp.de\/HPneu\/wp-content\/uploads\/2021\/10\/Mitgliederversammlung-30.9.2021-2.jpg 700w, https:\/\/chor-der-hwsp.de\/HPneu\/wp-content\/uploads\/2021\/10\/Mitgliederversammlung-30.9.2021-2-300x300.jpg 300w, https:\/\/chor-der-hwsp.de\/HPneu\/wp-content\/uploads\/2021\/10\/Mitgliederversammlung-30.9.2021-2-150x150.jpg 150w\" sizes=\"auto, (max-width: 666px) 100vw, 666px\" \/><figcaption>Und noch ein Grund zur Freude: Die Finanzen stimmen! Und auf dem Tisch ein bunter Blumenstrau\u00df f\u00fcr unsere Dirigentin, Laurie Anne McGowan.  &#8211;  Auch in Zukunft, &#8222;Volldampf voraus!&#8220;<\/figcaption><\/figure>\n\n\n","protected":false},"excerpt":{"rendered":"","protected":false},"author":7,"featured_media":0,"parent":0,"menu_order":0,"comment_status":"closed","ping_status":"closed","template":"","meta":{"footnotes":""},"class_list":["post-3669","page","type-page","status-publish","hentry"],"_links":{"self":[{"href":"https:\/\/chor-der-hwsp.de\/HPneu\/wp-json\/wp\/v2\/pages\/3669","targetHints":{"allow":["GET"]}}],"collection":[{"href":"https:\/\/chor-der-hwsp.de\/HPneu\/wp-json\/wp\/v2\/pages"}],"about":[{"href":"https:\/\/chor-der-hwsp.de\/HPneu\/wp-json\/wp\/v2\/types\/page"}],"author":[{"embeddable":true,"href":"https:\/\/chor-der-hwsp.de\/HPneu\/wp-json\/wp\/v2\/users\/7"}],"replies":[{"embeddable":true,"href":"https:\/\/chor-der-hwsp.de\/HPneu\/wp-json\/wp\/v2\/comments?post=3669"}],"version-history":[{"count":10,"href":"https:\/\/chor-der-hwsp.de\/HPneu\/wp-json\/wp\/v2\/pages\/3669\/revisions"}],"predecessor-version":[{"id":3680,"href":"https:\/\/chor-der-hwsp.de\/HPneu\/wp-json\/wp\/v2\/pages\/3669\/revisions\/3680"}],"wp:attachment":[{"href":"https:\/\/chor-der-hwsp.de\/HPneu\/wp-json\/wp\/v2\/media?parent=3669"}],"curies":[{"name":"wp","href":"https:\/\/api.w.org\/{rel}","templated":true}]}}