{"id":4,"date":"2015-09-22T16:07:05","date_gmt":"2015-09-22T14:07:05","guid":{"rendered":"http:\/\/chor-der-hwsp.de\/HPneu\/?page_id=4"},"modified":"2026-05-06T17:34:34","modified_gmt":"2026-05-06T15:34:34","slug":"home","status":"publish","type":"page","link":"https:\/\/chor-der-hwsp.de\/HPneu\/","title":{"rendered":"Home"},"content":{"rendered":"\n<h2 class=\"wp-block-heading\" id=\"herzlich-willkommen-beimchor-der-hessischen-wasserschutzpolizei-e-v\"><span style=\"color: #3366ff;\"><a style=\"color: #3366ff;\" href=\"https:\/\/chor-der-hwsp.de\/HPneu\/wp-content\/uploads\/2015\/09\/Wappen.png\"><img loading=\"lazy\" decoding=\"async\" class=\"aligncenter wp-image-25 \" src=\"https:\/\/chor-der-hwsp.de\/HPneu\/wp-content\/uploads\/2015\/09\/Wappen.png\" alt=\"Wappen\" width=\"108\" height=\"139\"><\/a><br>Herzlich willkommen beim<\/span><br><span style=\"color: #3366ff;\">Chor der Hessischen Wasserschutzpolizei e.V.<\/span><\/h2>\n\n\n\n<h4 class=\"wp-block-heading\">&nbsp;<\/h4>\n\n\n\n<h1 class=\"wp-block-heading\"><span style=\"color: #3366ff;\"><em><strong>18. Rheinschifffahrt am 5.9.2026 <\/strong><\/em><\/span><\/h1>\n<h3 class=\"wp-block-heading\">Unter &#8222;Anmeldemasken f\u00fcr Veranstaltungen&#8220; sind bis zum 15.5.2026 Anmeldungen f\u00fcr Gruppen von mehr als 13 Personen m\u00f6glich. Einzelheiten sind dort nachzulesen.<\/h3>\n<h3 class=\"wp-block-heading\">Alle \u00fcbrigen Anmeldungen sind seit dem 15. April 2026 \u00fcber die Anmelde\u00admaske m\u00f6glich &#8211; solange es freie Pl\u00e4tze gibt. Die Anmeldemaske wird sp\u00e4testens am 1.8.2026 geschlossen.<\/h3>\n\n\n\n<p class=\"has-text-align-right\"><\/p>\n\n\n\n<h1><strong><em>Erfolgreiche Mitglieder\u00adver\u00adsammlung 2026<\/em><\/strong><\/h1>\n<p>Fast ein Drittel der Mitglieder hat an der Mitgliederversammlung am 19.3.2026 teilgenommen. Wichtigstes Ergebnis ist die Nachwahl des Schriftf\u00fchrers (die Funktion war seit dem Tod von Claus Brehm am Ostermontag 2025 unbesetzt). <em><strong>Joe Oswald<\/strong><\/em> hat sich bereiterkl\u00e4rt, zu kandidieren&nbsp; und wurde ohne Gegenstimmen gew\u00e4hlt.<\/p>\n<p>Zwei Ehreng\u00e4ste haben unsere Mitgliederversammlung besucht und uns ein Gru\u00dfwort gewidmet. Zun\u00e4chst hob der <em><strong>Pr\u00e4sident des Hessischen Polizeipr\u00e4sidiums Einsatz, Herr Thomas Seidel<\/strong><\/em>, die Bedeutung des Chors f\u00fcr die \u00d6ffentlichkeitsarbeit der Hessischen Polizei hervor und &#8222;outete&#8220; sich als Freund des Chors, den er jetzt schon zweimal &#8222;live&#8220; erleben konnte. Wir sind in der Liegenschaft &#8222;Mudra&#8220; gern gesehen und werden gerne unterst\u00fctzt.<\/p>\n<p>Danach beschrieb der <em><strong>Gesch\u00e4ftsf\u00fchrer des S\u00e4ngerkreises Main-Taunus, Herr Hans-Dieter H\u00f6hn, <\/strong><\/em>die Rolle des Chorgesangs in der heutigen Zeit und bescheinigte uns, dass unser Chor in den S\u00e4ngerkreis, zu dem der Chor nach der Aufl\u00f6sung des S\u00e4ngerkreises Wiesbaden gewechselt war, voll integriert ist. Er ehrte die Sangesfreunde <strong><em>Klaus Hatzinger<\/em><\/strong> und <em><strong>J\u00fcrgen Schneider<\/strong><\/em> f\u00fcr <em><strong>25 Jahre S\u00e4ngert\u00e4tigkeit mit der Ehrennadel in Silber des Hessischen S\u00e4ngerbundes.<\/strong><\/em> Weiter wurde unser <em><strong>Organsiationsleiter und 2. Vorsitzender Wolfgang Kaimer <\/strong><\/em><strong>f\u00fcr 50 Jahre Vorstandst\u00e4tigkeit<\/strong> mit einer <em><strong>Ehrenurkunde des Hessischen S\u00e4ngerbundes<\/strong><\/em> ausgezeichnet. Eine tolle Auszeichnung f\u00fcr einen Menschen, der f\u00fcr den Chor lebt. Auch der <em><strong>1. Vorsitzende, Rolf Mai<\/strong><\/em>, erhielt eine <em><strong>Ehrenurkunde des Hessischen S\u00e4ngerbundes f\u00fcr ein Jahrzehnt als 1. Vorsitzender<\/strong><\/em>.<\/p>\n<p>Ein Bericht \u00fcber die Versammlung folgt in den n\u00e4chsten Bordnachrichten, die Mitte Mai erscheinen und \u00fcber die Homepage eingesehen werden k\u00f6nnen.<\/p>\n<p style=\"text-align: right;\"><em><strong>Der Vorstand<\/strong><\/em><\/p>\n\n\n\n<h1 class=\"wp-block-heading\"><strong><em>Neues aus dem Vorstand<\/em><\/strong><\/h1>\n\n\n\n<p>Der Vorstand hat in seiner Sitzung am 12.2.2026 den <em><strong>Termin der <br>Weihnachtsfeier 2026 auf den 12.12.2026<\/strong> <\/em>festgelegt.<\/p>\n\n\n\n<p>Der Vorstand hat in seiner Sitzung am 22.1.2026 die Chorferien 2026 festgelgt:<\/p>\n\n\n\n<ul class=\"wp-block-list\">\n<li>Sommerferien:&nbsp;<em><strong>26.6.-29.7.2026 (letzte Chorprobe vor den Ferien am 25.6., erste Chorprobe nach den Ferien am 30.7.2026)<\/strong><\/em><\/li>\n\n\n\n<li>Weihnachtsferien:&nbsp;<em><strong>21.12.2026-13.1.2027 (letzte Chorprobe vor den Ferien am 17.12.2026, Ferien beginnen erst nach einem Auftritt in der Senioren-wohnanlage Curata-Dr.Drexler am 20.12.2026, erste Chorprobe nach den Ferien am 14.1.2027)<\/strong><\/em><\/li>\n<\/ul>\n\n\n\n<p>Ferner hat der Vorstand die Uniformordnung erg\u00e4nzt und das Tragen der &#8222;zivilen Chor-kleidung&#8220; (\u00a7 6) geregelt. Die Neufassung ist unter &#8222;Satzung\/Ordnungen&#8220; auf der Homepage eingestellt.<\/p>\n\n\n\n<p class=\"has-text-align-right\"><em><strong>Der Vorstand<\/strong><\/em><\/p>\n\n\n\n<h1 class=\"wp-block-heading\"><span style=\"color: #ff0000;\"><strong><em>Neue Chor-CD<\/em><\/strong><\/span><\/h1>\n\n\n\n<p>Die neue CD kann derzeit noch nicht \u00fcber die Bestellmaske auf der Homepage bestellt werden. Unser Administrator arbeitet aber daran. Bei unseren Veranstaltungen kann sie zum Preis von 15,&#8211; \u20ac erworben werden, zwei CD zum Preis von 25,&#8211; \u20ac. Es besteht auch die M\u00f6glichkeit, eine Bestellung f\u00fcr die neue CD (aber auch die alte CD) per E-Mail zu bestellen bei <\/p>\n\n\n\n<p style=\"text-align: center;\"><strong>CD-Kauf@chor-der-hwsp.de<\/strong>&nbsp;<\/p>\n\n\n\n<p class=\"has-text-align-right\"><em><strong>Der Vorstand<\/strong><\/em><\/p>\n\n\n\n<p class=\"has-text-align-right\"><em><span style=\"color: #008000;\">letzte Aktualisierung&nbsp; 16. April 2026<\/span><\/em><\/p>\n\n\n\n<p><\/p>\n\n\n<p><!-- \/wp:post-content --><\/p>","protected":false},"excerpt":{"rendered":"<p>Herzlich willkommen beimChor der Hessischen Wasserschutzpolizei e.V. &nbsp; 18. Rheinschifffahrt am 5.9.2026 Unter &#8222;Anmeldemasken f\u00fcr Veranstaltungen&#8220; sind bis zum 15.5.2026 Anmeldungen f\u00fcr Gruppen von mehr als 13 Personen m\u00f6glich. Einzelheiten sind dort nachzulesen. Alle \u00fcbrigen Anmeldungen sind seit dem 15. &hellip; <a href=\"https:\/\/chor-der-hwsp.de\/HPneu\/\">Weiterlesen <span class=\"meta-nav\">&rarr;<\/span><\/a><\/p>\n","protected":false},"author":1,"featured_media":0,"parent":0,"menu_order":0,"comment_status":"closed","ping_status":"closed","template":"","meta":{"footnotes":""},"class_list":["post-4","page","type-page","status-publish","hentry"],"_links":{"self":[{"href":"https:\/\/chor-der-hwsp.de\/HPneu\/wp-json\/wp\/v2\/pages\/4","targetHints":{"allow":["GET"]}}],"collection":[{"href":"https:\/\/chor-der-hwsp.de\/HPneu\/wp-json\/wp\/v2\/pages"}],"about":[{"href":"https:\/\/chor-der-hwsp.de\/HPneu\/wp-json\/wp\/v2\/types\/page"}],"author":[{"embeddable":true,"href":"https:\/\/chor-der-hwsp.de\/HPneu\/wp-json\/wp\/v2\/users\/1"}],"replies":[{"embeddable":true,"href":"https:\/\/chor-der-hwsp.de\/HPneu\/wp-json\/wp\/v2\/comments?post=4"}],"version-history":[{"count":494,"href":"https:\/\/chor-der-hwsp.de\/HPneu\/wp-json\/wp\/v2\/pages\/4\/revisions"}],"predecessor-version":[{"id":6552,"href":"https:\/\/chor-der-hwsp.de\/HPneu\/wp-json\/wp\/v2\/pages\/4\/revisions\/6552"}],"wp:attachment":[{"href":"https:\/\/chor-der-hwsp.de\/HPneu\/wp-json\/wp\/v2\/media?parent=4"}],"curies":[{"name":"wp","href":"https:\/\/api.w.org\/{rel}","templated":true}]}}