{"id":4631,"date":"2022-12-06T11:36:22","date_gmt":"2022-12-06T10:36:22","guid":{"rendered":"https:\/\/chor-der-hwsp.de\/HPneu\/?page_id=4631"},"modified":"2022-12-06T13:38:02","modified_gmt":"2022-12-06T12:38:02","slug":"mitgliederversammlung-20-10-2022","status":"publish","type":"page","link":"https:\/\/chor-der-hwsp.de\/HPneu\/mitgliederversammlung-20-10-2022\/","title":{"rendered":"Mitgliederversammlung (20.10.2022)"},"content":{"rendered":"<div class=\"wp-block-image\">\n<figure class=\"alignleft size-full\"><img loading=\"lazy\" decoding=\"async\" width=\"490\" height=\"490\" src=\"https:\/\/chor-der-hwsp.de\/HPneu\/wp-content\/uploads\/2022\/12\/Pic1.jpg\" alt=\"\" class=\"wp-image-4624\" srcset=\"https:\/\/chor-der-hwsp.de\/HPneu\/wp-content\/uploads\/2022\/12\/Pic1.jpg 490w, https:\/\/chor-der-hwsp.de\/HPneu\/wp-content\/uploads\/2022\/12\/Pic1-300x300.jpg 300w, https:\/\/chor-der-hwsp.de\/HPneu\/wp-content\/uploads\/2022\/12\/Pic1-150x150.jpg 150w\" sizes=\"auto, (max-width: 490px) 100vw, 490px\" \/><figcaption class=\"wp-element-caption\">Die diesj\u00e4hrige Mitgliederversammlung findet auch in diesem Jahr nicht wie \u00fcblich im M\u00e4rz, sondern wegen &#8222;Corona&#8220;, das auch in diesem Jahr wieder viel durcheinander gebracht hat, erst am 20.10.2022 statt.<\/figcaption><\/figure>\n<\/div>\n\n<div class=\"wp-block-image\">\n<figure class=\"alignleft size-full\"><img loading=\"lazy\" decoding=\"async\" width=\"490\" height=\"490\" src=\"https:\/\/chor-der-hwsp.de\/HPneu\/wp-content\/uploads\/2022\/12\/Pic2.jpg\" alt=\"\" class=\"wp-image-4625\" srcset=\"https:\/\/chor-der-hwsp.de\/HPneu\/wp-content\/uploads\/2022\/12\/Pic2.jpg 490w, https:\/\/chor-der-hwsp.de\/HPneu\/wp-content\/uploads\/2022\/12\/Pic2-300x300.jpg 300w, https:\/\/chor-der-hwsp.de\/HPneu\/wp-content\/uploads\/2022\/12\/Pic2-150x150.jpg 150w\" sizes=\"auto, (max-width: 490px) 100vw, 490px\" \/><figcaption class=\"wp-element-caption\">Langsam f\u00fcllt sich der Versammlungsraum mit Mitgliedern des Chores. Frau Anja Eli-Klein von der B\u00e4renherz-Stiftung ist schon eingetroffen. <\/figcaption><\/figure>\n<\/div>\n\n<div class=\"wp-block-image\">\n<figure class=\"alignleft size-full\"><img loading=\"lazy\" decoding=\"async\" width=\"490\" height=\"490\" src=\"https:\/\/chor-der-hwsp.de\/HPneu\/wp-content\/uploads\/2022\/12\/Pic3.jpg\" alt=\"\" class=\"wp-image-4626\" srcset=\"https:\/\/chor-der-hwsp.de\/HPneu\/wp-content\/uploads\/2022\/12\/Pic3.jpg 490w, https:\/\/chor-der-hwsp.de\/HPneu\/wp-content\/uploads\/2022\/12\/Pic3-300x300.jpg 300w, https:\/\/chor-der-hwsp.de\/HPneu\/wp-content\/uploads\/2022\/12\/Pic3-150x150.jpg 150w\" sizes=\"auto, (max-width: 490px) 100vw, 490px\" \/><figcaption class=\"wp-element-caption\">Bei der Er\u00f6ffnung der Mitgliederversammlung begr\u00fc\u00dft Rolf Mai, 1. Vorsitzender unseres Chors, alle Anwesenden, insbesondere die Gesch\u00e4ftsf\u00fchrerin der B\u00e4renherz-Stiftung, Frau Anja Eli-Klein, den Pr\u00e4sidenten des Bereitschaftspolizeipr\u00e4sidiums, Malte Neutzler, und den Dirigenten des Landespolizeiorchesters, Laszlo Szabo. <\/figcaption><\/figure>\n<\/div>\n\n<div class=\"wp-block-image\">\n<figure class=\"alignleft size-full\"><img loading=\"lazy\" decoding=\"async\" width=\"490\" height=\"490\" src=\"https:\/\/chor-der-hwsp.de\/HPneu\/wp-content\/uploads\/2022\/12\/Pic4.jpg\" alt=\"\" class=\"wp-image-4627\" srcset=\"https:\/\/chor-der-hwsp.de\/HPneu\/wp-content\/uploads\/2022\/12\/Pic4.jpg 490w, https:\/\/chor-der-hwsp.de\/HPneu\/wp-content\/uploads\/2022\/12\/Pic4-300x300.jpg 300w, https:\/\/chor-der-hwsp.de\/HPneu\/wp-content\/uploads\/2022\/12\/Pic4-150x150.jpg 150w\" sizes=\"auto, (max-width: 490px) 100vw, 490px\" \/><figcaption class=\"wp-element-caption\">Hier Eindr\u00fccke von der Spenden\u00fcbergabe an Anja Eli-Klein f\u00fcr die Stiftung &#8222;B\u00e4renherz&#8220;. &#8211; &#8222;Sie und die Stiftung leisten gro\u00dfartige Arbeit!&#8220; Mit diesen Worten wendet sich Pr\u00e4sident Malte Neutzler an Frau Eli-Klein. &#8222;Mit den Kinderhospizen bieten sie schwerstkranken Kindern und deren Familien ein Zuhause in einer schwierigen Zeit.&#8220;<\/figcaption><\/figure>\n<\/div>\n\n<div class=\"wp-block-image\">\n<figure class=\"alignleft size-full\"><img loading=\"lazy\" decoding=\"async\" width=\"490\" height=\"242\" src=\"https:\/\/chor-der-hwsp.de\/HPneu\/wp-content\/uploads\/2022\/12\/Pic5.jpg\" alt=\"\" class=\"wp-image-4628\" srcset=\"https:\/\/chor-der-hwsp.de\/HPneu\/wp-content\/uploads\/2022\/12\/Pic5.jpg 490w, https:\/\/chor-der-hwsp.de\/HPneu\/wp-content\/uploads\/2022\/12\/Pic5-300x148.jpg 300w, https:\/\/chor-der-hwsp.de\/HPneu\/wp-content\/uploads\/2022\/12\/Pic5-150x74.jpg 150w\" sizes=\"auto, (max-width: 490px) 100vw, 490px\" \/><figcaption class=\"wp-element-caption\">Bei der anschlie\u00dfenden Ehrung langj\u00e4hriger Chormitglieder erhalten Bernd Walther und Helmut Rausch die &#8218;Silberne Ehrennadel&#8216; f\u00fcr 20-j\u00e4hrige Mitgliedschaft. <br>F\u00fcr 10-j\u00e4hrige Mitgliedschaft nimmt Hartmut Groen eine &#8218;Bronzene Ehrennadel&#8216; f\u00fcr seine Ehefrau Heidrun entgegen. <\/figcaption><\/figure>\n<\/div>\n\n<div class=\"wp-block-image\">\n<figure class=\"alignleft size-full\"><img loading=\"lazy\" decoding=\"async\" width=\"490\" height=\"244\" src=\"https:\/\/chor-der-hwsp.de\/HPneu\/wp-content\/uploads\/2022\/12\/pic6.jpg\" alt=\"\" class=\"wp-image-4629\" srcset=\"https:\/\/chor-der-hwsp.de\/HPneu\/wp-content\/uploads\/2022\/12\/pic6.jpg 490w, https:\/\/chor-der-hwsp.de\/HPneu\/wp-content\/uploads\/2022\/12\/pic6-300x149.jpg 300w, https:\/\/chor-der-hwsp.de\/HPneu\/wp-content\/uploads\/2022\/12\/pic6-150x75.jpg 150w\" sizes=\"auto, (max-width: 490px) 100vw, 490px\" \/><figcaption class=\"wp-element-caption\">Eine &#8218;Bronzene Ehrennadel&#8216; f\u00fcr 10-j\u00e4hrige Mitgliedschaft im Chor erhalten auch Dieter und Ruth Lechler, Rainer Partecke und unser Schriftf\u00fchrer Claus Brehm.<\/figcaption><\/figure>\n<\/div>\n\n<div class=\"wp-block-image\">\n<figure class=\"alignleft size-full\"><img loading=\"lazy\" decoding=\"async\" width=\"490\" height=\"490\" src=\"https:\/\/chor-der-hwsp.de\/HPneu\/wp-content\/uploads\/2022\/12\/pic7.jpg\" alt=\"\" class=\"wp-image-4630\" srcset=\"https:\/\/chor-der-hwsp.de\/HPneu\/wp-content\/uploads\/2022\/12\/pic7.jpg 490w, https:\/\/chor-der-hwsp.de\/HPneu\/wp-content\/uploads\/2022\/12\/pic7-300x300.jpg 300w, https:\/\/chor-der-hwsp.de\/HPneu\/wp-content\/uploads\/2022\/12\/pic7-150x150.jpg 150w\" sizes=\"auto, (max-width: 490px) 100vw, 490px\" \/><figcaption class=\"wp-element-caption\">Nach einem Bericht \u00fcber bisherige und geplante Veranstaltungen des Chores in diesem und im kommenden Jahr (Wolfgang Kaimer), nach Dankesworten an den Vorstand, an unsere Dirigentin Laurie Anne McGowan und alle Andere, die f\u00fcr den Chor arbeiten und ihn damit tatkr\u00e4ftig unterst\u00fctzen (Rolf Mai), pr\u00e4sentierte unser Schatzmeister Heiko Wagner den &#8218;Chorhaushalt&#8216;. &#8211; &#8222;Alles korrekt!&#8220;, so das Res\u00fcmee von Gertrud Kramer und Bernd Walther, unseren Rechnungspr\u00fcfern. Gertrud Kramer wurde einstimmig f\u00fcr weitere 2 Jahre zur Rechnungspr\u00fcferin gew\u00e4hlt; die Amtszeit von Bernd Walther dauert noch bis 2023. <br>Die Mitgliederversammlung verlief harmonisch. Im kommenden Jahr kann sie vielleicht wieder im M\u00e4rz stattfinden.<br>(Siehe auch &#8218;Bordnachrichten, Nr.29, November 2022&#8216;)<\/figcaption><\/figure>\n<\/div>\n\n","protected":false},"excerpt":{"rendered":"","protected":false},"author":7,"featured_media":0,"parent":0,"menu_order":0,"comment_status":"closed","ping_status":"closed","template":"","meta":{"footnotes":""},"class_list":["post-4631","page","type-page","status-publish","hentry"],"_links":{"self":[{"href":"https:\/\/chor-der-hwsp.de\/HPneu\/wp-json\/wp\/v2\/pages\/4631","targetHints":{"allow":["GET"]}}],"collection":[{"href":"https:\/\/chor-der-hwsp.de\/HPneu\/wp-json\/wp\/v2\/pages"}],"about":[{"href":"https:\/\/chor-der-hwsp.de\/HPneu\/wp-json\/wp\/v2\/types\/page"}],"author":[{"embeddable":true,"href":"https:\/\/chor-der-hwsp.de\/HPneu\/wp-json\/wp\/v2\/users\/7"}],"replies":[{"embeddable":true,"href":"https:\/\/chor-der-hwsp.de\/HPneu\/wp-json\/wp\/v2\/comments?post=4631"}],"version-history":[{"count":3,"href":"https:\/\/chor-der-hwsp.de\/HPneu\/wp-json\/wp\/v2\/pages\/4631\/revisions"}],"predecessor-version":[{"id":4643,"href":"https:\/\/chor-der-hwsp.de\/HPneu\/wp-json\/wp\/v2\/pages\/4631\/revisions\/4643"}],"wp:attachment":[{"href":"https:\/\/chor-der-hwsp.de\/HPneu\/wp-json\/wp\/v2\/media?parent=4631"}],"curies":[{"name":"wp","href":"https:\/\/api.w.org\/{rel}","templated":true}]}}