{"id":5119,"date":"2023-07-23T13:57:41","date_gmt":"2023-07-23T11:57:41","guid":{"rendered":"https:\/\/chor-der-hwsp.de\/HPneu\/?page_id=5119"},"modified":"2023-07-27T14:02:46","modified_gmt":"2023-07-27T12:02:46","slug":"auftritt-beim-lotsenmuseum-in-bingen-13-5-2023","status":"publish","type":"page","link":"https:\/\/chor-der-hwsp.de\/HPneu\/auftritt-beim-lotsenmuseum-in-bingen-13-5-2023\/","title":{"rendered":"Auftritt beim Lotsenmuseum in Bingen (13.5.2023)"},"content":{"rendered":"<div class=\"wp-block-image\">\n<figure class=\"alignleft size-full\"><img loading=\"lazy\" decoding=\"async\" width=\"620\" height=\"620\" src=\"https:\/\/chor-der-hwsp.de\/HPneu\/wp-content\/uploads\/2023\/07\/Auftritt-Lotsenmuseum-Bingen-13.5.2023-1.jpg\" alt=\"\" class=\"wp-image-5121\" srcset=\"https:\/\/chor-der-hwsp.de\/HPneu\/wp-content\/uploads\/2023\/07\/Auftritt-Lotsenmuseum-Bingen-13.5.2023-1.jpg 620w, https:\/\/chor-der-hwsp.de\/HPneu\/wp-content\/uploads\/2023\/07\/Auftritt-Lotsenmuseum-Bingen-13.5.2023-1-300x300.jpg 300w, https:\/\/chor-der-hwsp.de\/HPneu\/wp-content\/uploads\/2023\/07\/Auftritt-Lotsenmuseum-Bingen-13.5.2023-1-150x150.jpg 150w\" sizes=\"auto, (max-width: 620px) 100vw, 620px\" \/><figcaption class=\"wp-element-caption\"><strong>Das &#8222;Kulturufer&#8220; in Bingen ist ein wundervoller Auftrittsort; besonders bei diesem sch\u00f6nen Wetter!<\/strong><\/figcaption><\/figure>\n<\/div>\n\n\n\n<div class=\"wp-block-image\">\n<figure class=\"alignleft size-full\"><img loading=\"lazy\" decoding=\"async\" width=\"620\" height=\"620\" src=\"https:\/\/chor-der-hwsp.de\/HPneu\/wp-content\/uploads\/2023\/07\/Auftritt-Lotsenmuseum-Bingen-13.5.2023-2.jpg\" alt=\"\" class=\"wp-image-5122\" srcset=\"https:\/\/chor-der-hwsp.de\/HPneu\/wp-content\/uploads\/2023\/07\/Auftritt-Lotsenmuseum-Bingen-13.5.2023-2.jpg 620w, https:\/\/chor-der-hwsp.de\/HPneu\/wp-content\/uploads\/2023\/07\/Auftritt-Lotsenmuseum-Bingen-13.5.2023-2-300x300.jpg 300w, https:\/\/chor-der-hwsp.de\/HPneu\/wp-content\/uploads\/2023\/07\/Auftritt-Lotsenmuseum-Bingen-13.5.2023-2-150x150.jpg 150w\" sizes=\"auto, (max-width: 620px) 100vw, 620px\" \/><figcaption class=\"wp-element-caption\"><strong>Ein letzter Blick von Rolf auf den Programmablauf vor der Einweihung der<\/strong> <strong>Gedenktafel des Lotsenmuseums in Bingen<\/strong><\/figcaption><\/figure>\n<\/div>\n\n<div class=\"wp-block-image\">\n<figure class=\"alignleft size-full\"><img loading=\"lazy\" decoding=\"async\" width=\"620\" height=\"620\" src=\"https:\/\/chor-der-hwsp.de\/HPneu\/wp-content\/uploads\/2023\/07\/Auftritt-Lotsenmuseum-Bingen-13.5.2023-3.jpg\" alt=\"\" class=\"wp-image-5123\" srcset=\"https:\/\/chor-der-hwsp.de\/HPneu\/wp-content\/uploads\/2023\/07\/Auftritt-Lotsenmuseum-Bingen-13.5.2023-3.jpg 620w, https:\/\/chor-der-hwsp.de\/HPneu\/wp-content\/uploads\/2023\/07\/Auftritt-Lotsenmuseum-Bingen-13.5.2023-3-300x300.jpg 300w, https:\/\/chor-der-hwsp.de\/HPneu\/wp-content\/uploads\/2023\/07\/Auftritt-Lotsenmuseum-Bingen-13.5.2023-3-150x150.jpg 150w\" sizes=\"auto, (max-width: 620px) 100vw, 620px\" \/><figcaption class=\"wp-element-caption\"><strong>Bevor das soweit ist &#8211; Begr\u00fc\u00dfungsworte des Oberb\u00fcrgermeisters von Bingen, Herr Manfred Feser, an das Publikum und die Aktiven des Schiffervereins 1895 e.V.<\/strong><\/figcaption><\/figure>\n<\/div>\n\n\n\n<div class=\"wp-block-image\">\n<figure class=\"alignleft size-full\"><img loading=\"lazy\" decoding=\"async\" width=\"620\" height=\"620\" src=\"https:\/\/chor-der-hwsp.de\/HPneu\/wp-content\/uploads\/2023\/07\/Auftritt-Lotsenmuseum-Bingen-13.5.2023-4.jpg\" alt=\"\" class=\"wp-image-5124\" srcset=\"https:\/\/chor-der-hwsp.de\/HPneu\/wp-content\/uploads\/2023\/07\/Auftritt-Lotsenmuseum-Bingen-13.5.2023-4.jpg 620w, https:\/\/chor-der-hwsp.de\/HPneu\/wp-content\/uploads\/2023\/07\/Auftritt-Lotsenmuseum-Bingen-13.5.2023-4-300x300.jpg 300w, https:\/\/chor-der-hwsp.de\/HPneu\/wp-content\/uploads\/2023\/07\/Auftritt-Lotsenmuseum-Bingen-13.5.2023-4-150x150.jpg 150w\" sizes=\"auto, (max-width: 620px) 100vw, 620px\" \/><figcaption class=\"wp-element-caption\"><strong>Unser Auftritt vor der Enth\u00fcllung der Lotsen-Gedenktafel (13.5.2023)<\/strong><\/figcaption><\/figure>\n<\/div>\n\n<div class=\"wp-block-image\">\n<figure class=\"alignleft size-full\"><img loading=\"lazy\" decoding=\"async\" width=\"620\" height=\"620\" src=\"https:\/\/chor-der-hwsp.de\/HPneu\/wp-content\/uploads\/2023\/07\/Auftritt-Lotsenmuseum-Bingen-13.5.2023-5.jpg\" alt=\"\" class=\"wp-image-5125\" srcset=\"https:\/\/chor-der-hwsp.de\/HPneu\/wp-content\/uploads\/2023\/07\/Auftritt-Lotsenmuseum-Bingen-13.5.2023-5.jpg 620w, https:\/\/chor-der-hwsp.de\/HPneu\/wp-content\/uploads\/2023\/07\/Auftritt-Lotsenmuseum-Bingen-13.5.2023-5-300x300.jpg 300w, https:\/\/chor-der-hwsp.de\/HPneu\/wp-content\/uploads\/2023\/07\/Auftritt-Lotsenmuseum-Bingen-13.5.2023-5-150x150.jpg 150w\" sizes=\"auto, (max-width: 620px) 100vw, 620px\" \/><figcaption class=\"wp-element-caption\"><strong>Dankes- und Abschiedsworte an alle, auch von uns:  &#8222;Vielen Dank f\u00fcr die Einladung unseres Chores zur Einweihung der Lotsen-Gedenktafel! Bei passender Gelegenheit kommen wir gerne wieder!&#8220;<\/strong>  <br>(Mehr \u00fcber unseren Auftritt in Bingen in der Festschrift \/ Bordnachrichten Nr. 31)<\/figcaption><\/figure>\n<\/div>","protected":false},"excerpt":{"rendered":"","protected":false},"author":7,"featured_media":0,"parent":0,"menu_order":0,"comment_status":"closed","ping_status":"closed","template":"","meta":{"footnotes":""},"class_list":["post-5119","page","type-page","status-publish","hentry"],"_links":{"self":[{"href":"https:\/\/chor-der-hwsp.de\/HPneu\/wp-json\/wp\/v2\/pages\/5119","targetHints":{"allow":["GET"]}}],"collection":[{"href":"https:\/\/chor-der-hwsp.de\/HPneu\/wp-json\/wp\/v2\/pages"}],"about":[{"href":"https:\/\/chor-der-hwsp.de\/HPneu\/wp-json\/wp\/v2\/types\/page"}],"author":[{"embeddable":true,"href":"https:\/\/chor-der-hwsp.de\/HPneu\/wp-json\/wp\/v2\/users\/7"}],"replies":[{"embeddable":true,"href":"https:\/\/chor-der-hwsp.de\/HPneu\/wp-json\/wp\/v2\/comments?post=5119"}],"version-history":[{"count":10,"href":"https:\/\/chor-der-hwsp.de\/HPneu\/wp-json\/wp\/v2\/pages\/5119\/revisions"}],"predecessor-version":[{"id":5207,"href":"https:\/\/chor-der-hwsp.de\/HPneu\/wp-json\/wp\/v2\/pages\/5119\/revisions\/5207"}],"wp:attachment":[{"href":"https:\/\/chor-der-hwsp.de\/HPneu\/wp-json\/wp\/v2\/media?parent=5119"}],"curies":[{"name":"wp","href":"https:\/\/api.w.org\/{rel}","templated":true}]}}