{"id":5140,"date":"2023-07-23T14:39:16","date_gmt":"2023-07-23T12:39:16","guid":{"rendered":"https:\/\/chor-der-hwsp.de\/HPneu\/?page_id=5140"},"modified":"2023-07-27T14:07:05","modified_gmt":"2023-07-27T12:07:05","slug":"beauty-ahoy-auftritt-im-hyatt-hotel-mainz-31-5-2023","status":"publish","type":"page","link":"https:\/\/chor-der-hwsp.de\/HPneu\/beauty-ahoy-auftritt-im-hyatt-hotel-mainz-31-5-2023\/","title":{"rendered":"Beauty Ahoy! &#8211; Auftritt im Hyatt-Hotel, Mainz (31.5.2023)"},"content":{"rendered":"<div class=\"wp-block-image\">\n<figure class=\"alignleft size-full\"><img loading=\"lazy\" decoding=\"async\" width=\"685\" height=\"685\" src=\"https:\/\/chor-der-hwsp.de\/HPneu\/wp-content\/uploads\/2023\/07\/Beauty-Ahoy-1.jpg\" alt=\"\" class=\"wp-image-5084\" srcset=\"https:\/\/chor-der-hwsp.de\/HPneu\/wp-content\/uploads\/2023\/07\/Beauty-Ahoy-1.jpg 685w, https:\/\/chor-der-hwsp.de\/HPneu\/wp-content\/uploads\/2023\/07\/Beauty-Ahoy-1-300x300.jpg 300w, https:\/\/chor-der-hwsp.de\/HPneu\/wp-content\/uploads\/2023\/07\/Beauty-Ahoy-1-150x150.jpg 150w\" sizes=\"auto, (max-width: 685px) 100vw, 685px\" \/><figcaption class=\"wp-element-caption\"><strong>Diesmal waren wir zu einem Auftritt im Hyatt-Hotel in Mainz eingeladen worden, zur Veranstaltung &#8222;Beauty Ahoy&#8220;<\/strong> <strong>f\u00fcr das gro\u00dfe Kosmetikunternehmen &#8222;Cosnova Beauty&#8220;. <\/strong><\/figcaption><\/figure>\n<\/div>\n\n<div class=\"wp-block-image\">\n<figure class=\"alignleft size-full\"><img loading=\"lazy\" decoding=\"async\" width=\"685\" height=\"685\" src=\"https:\/\/chor-der-hwsp.de\/HPneu\/wp-content\/uploads\/2023\/07\/Beauty-Ahoy-2.jpg\" alt=\"\" class=\"wp-image-5085\" srcset=\"https:\/\/chor-der-hwsp.de\/HPneu\/wp-content\/uploads\/2023\/07\/Beauty-Ahoy-2.jpg 685w, https:\/\/chor-der-hwsp.de\/HPneu\/wp-content\/uploads\/2023\/07\/Beauty-Ahoy-2-300x300.jpg 300w, https:\/\/chor-der-hwsp.de\/HPneu\/wp-content\/uploads\/2023\/07\/Beauty-Ahoy-2-150x150.jpg 150w\" sizes=\"auto, (max-width: 685px) 100vw, 685px\" \/><figcaption class=\"wp-element-caption\"><strong>Nach Ankunft und kurzem Aufenthalt im Hofgarten des Hyatt-Hotels begann gegen 19:45 Uhr unser erster Auftritt im eleganten Foyer des Hotels; auf einer Treppe, hoch \u00fcber dem Publikum. <\/strong><\/figcaption><\/figure>\n<\/div>\n\n<div class=\"wp-block-image\">\n<figure class=\"alignleft size-full\"><img loading=\"lazy\" decoding=\"async\" width=\"685\" height=\"344\" src=\"https:\/\/chor-der-hwsp.de\/HPneu\/wp-content\/uploads\/2023\/07\/Beauty-Ahoy-3.jpg\" alt=\"\" class=\"wp-image-5086\" srcset=\"https:\/\/chor-der-hwsp.de\/HPneu\/wp-content\/uploads\/2023\/07\/Beauty-Ahoy-3.jpg 685w, https:\/\/chor-der-hwsp.de\/HPneu\/wp-content\/uploads\/2023\/07\/Beauty-Ahoy-3-300x151.jpg 300w, https:\/\/chor-der-hwsp.de\/HPneu\/wp-content\/uploads\/2023\/07\/Beauty-Ahoy-3-150x75.jpg 150w\" sizes=\"auto, (max-width: 685px) 100vw, 685px\" \/><figcaption class=\"wp-element-caption\"><strong>&#8222;Make everyone feel more beautiful!&#8220; &#8211; &#8222;Sorge daf\u00fcr, dass sich jede \/ jeder sch\u00f6ner f\u00fchlt!&#8220;<\/strong><\/figcaption><\/figure>\n<\/div>\n\n<div class=\"wp-block-image\">\n<figure class=\"alignleft size-full\"><img loading=\"lazy\" decoding=\"async\" width=\"685\" height=\"685\" src=\"https:\/\/chor-der-hwsp.de\/HPneu\/wp-content\/uploads\/2023\/07\/Beauty-Ahoy-4.jpg\" alt=\"\" class=\"wp-image-5087\" srcset=\"https:\/\/chor-der-hwsp.de\/HPneu\/wp-content\/uploads\/2023\/07\/Beauty-Ahoy-4.jpg 685w, https:\/\/chor-der-hwsp.de\/HPneu\/wp-content\/uploads\/2023\/07\/Beauty-Ahoy-4-300x300.jpg 300w, https:\/\/chor-der-hwsp.de\/HPneu\/wp-content\/uploads\/2023\/07\/Beauty-Ahoy-4-150x150.jpg 150w\" sizes=\"auto, (max-width: 685px) 100vw, 685px\" \/><figcaption class=\"wp-element-caption\"><strong>Nach unserem ersten Auftritt hatten wir Zeit, das luxuri\u00f6se Ambiente des Hyatt-Hotels zu genie\u00dfen, uns zu unterhalten, Sp\u00e4\u00dfe zu machen und unseren Durst zu stillen.<\/strong><\/figcaption><\/figure>\n<\/div>\n\n<div class=\"wp-block-image\">\n<figure class=\"alignleft size-full\"><img loading=\"lazy\" decoding=\"async\" width=\"685\" height=\"685\" src=\"https:\/\/chor-der-hwsp.de\/HPneu\/wp-content\/uploads\/2023\/07\/Beauty-ahoy-5.jpg\" alt=\"\" class=\"wp-image-5088\" srcset=\"https:\/\/chor-der-hwsp.de\/HPneu\/wp-content\/uploads\/2023\/07\/Beauty-ahoy-5.jpg 685w, https:\/\/chor-der-hwsp.de\/HPneu\/wp-content\/uploads\/2023\/07\/Beauty-ahoy-5-300x300.jpg 300w, https:\/\/chor-der-hwsp.de\/HPneu\/wp-content\/uploads\/2023\/07\/Beauty-ahoy-5-150x150.jpg 150w\" sizes=\"auto, (max-width: 685px) 100vw, 685px\" \/><figcaption class=\"wp-element-caption\"><strong>Besondere Freude hatten alle an dem gemeinsamen Auftritt von Laurie Anne und Rolf: Laurie Anne mit Matrosenm\u00fctze und Rolf mit Haarreif und kessem Matrosenk\u00e4ppchen. <\/strong><\/figcaption><\/figure>\n<\/div>\n\n<div class=\"wp-block-image\">\n<figure class=\"alignleft size-full\"><img loading=\"lazy\" decoding=\"async\" width=\"685\" height=\"685\" src=\"https:\/\/chor-der-hwsp.de\/HPneu\/wp-content\/uploads\/2023\/07\/Beauty-Ahoy-6.jpg\" alt=\"\" class=\"wp-image-5089\" srcset=\"https:\/\/chor-der-hwsp.de\/HPneu\/wp-content\/uploads\/2023\/07\/Beauty-Ahoy-6.jpg 685w, https:\/\/chor-der-hwsp.de\/HPneu\/wp-content\/uploads\/2023\/07\/Beauty-Ahoy-6-300x300.jpg 300w, https:\/\/chor-der-hwsp.de\/HPneu\/wp-content\/uploads\/2023\/07\/Beauty-Ahoy-6-150x150.jpg 150w\" sizes=\"auto, (max-width: 685px) 100vw, 685px\" \/><figcaption class=\"wp-element-caption\"><strong>Nach der Pause, gegen 20:15 Uhr, unser zweiter Auftritt, diesmal im Freien, auf der &#8222;Rheint\u00f6chter-Terrasse&#8220; des Hotels. Nach unserem Gesang, zur Freude des Publikums, unser Abschiedsgru\u00df: &#8222;Beauty Ahoy!&#8220;<\/strong>   <br>(Mehr \u00fcber unseren Auftritt im Hyatt-Hotel in der Festschrift zur 15. Rheinschifffahrt \/ Bordnachrichten Nr. 31)<\/figcaption><\/figure>\n<\/div>","protected":false},"excerpt":{"rendered":"","protected":false},"author":7,"featured_media":0,"parent":0,"menu_order":0,"comment_status":"closed","ping_status":"closed","template":"","meta":{"footnotes":""},"class_list":["post-5140","page","type-page","status-publish","hentry"],"_links":{"self":[{"href":"https:\/\/chor-der-hwsp.de\/HPneu\/wp-json\/wp\/v2\/pages\/5140","targetHints":{"allow":["GET"]}}],"collection":[{"href":"https:\/\/chor-der-hwsp.de\/HPneu\/wp-json\/wp\/v2\/pages"}],"about":[{"href":"https:\/\/chor-der-hwsp.de\/HPneu\/wp-json\/wp\/v2\/types\/page"}],"author":[{"embeddable":true,"href":"https:\/\/chor-der-hwsp.de\/HPneu\/wp-json\/wp\/v2\/users\/7"}],"replies":[{"embeddable":true,"href":"https:\/\/chor-der-hwsp.de\/HPneu\/wp-json\/wp\/v2\/comments?post=5140"}],"version-history":[{"count":3,"href":"https:\/\/chor-der-hwsp.de\/HPneu\/wp-json\/wp\/v2\/pages\/5140\/revisions"}],"predecessor-version":[{"id":5208,"href":"https:\/\/chor-der-hwsp.de\/HPneu\/wp-json\/wp\/v2\/pages\/5140\/revisions\/5208"}],"wp:attachment":[{"href":"https:\/\/chor-der-hwsp.de\/HPneu\/wp-json\/wp\/v2\/media?parent=5140"}],"curies":[{"name":"wp","href":"https:\/\/api.w.org\/{rel}","templated":true}]}}