{"id":5189,"date":"2023-07-27T11:26:39","date_gmt":"2023-07-27T09:26:39","guid":{"rendered":"https:\/\/chor-der-hwsp.de\/HPneu\/?page_id=5189"},"modified":"2023-07-27T13:50:19","modified_gmt":"2023-07-27T11:50:19","slug":"85-geburtstag-von-hans-juergen-reitner-14-1-2023","status":"publish","type":"page","link":"https:\/\/chor-der-hwsp.de\/HPneu\/85-geburtstag-von-hans-juergen-reitner-14-1-2023\/","title":{"rendered":"85. Geburtstag von Hans J\u00fcrgen Reitner (14.1.2023)"},"content":{"rendered":"<div class=\"wp-block-image\">\n<figure class=\"alignleft size-full\"><img loading=\"lazy\" decoding=\"async\" width=\"979\" height=\"492\" src=\"https:\/\/chor-der-hwsp.de\/HPneu\/wp-content\/uploads\/2023\/07\/H.J.-Reitner-Einladung-zum-85.-Geburtstag-1.jpg\" alt=\"\" class=\"wp-image-5169\" srcset=\"https:\/\/chor-der-hwsp.de\/HPneu\/wp-content\/uploads\/2023\/07\/H.J.-Reitner-Einladung-zum-85.-Geburtstag-1.jpg 979w, https:\/\/chor-der-hwsp.de\/HPneu\/wp-content\/uploads\/2023\/07\/H.J.-Reitner-Einladung-zum-85.-Geburtstag-1-300x151.jpg 300w, https:\/\/chor-der-hwsp.de\/HPneu\/wp-content\/uploads\/2023\/07\/H.J.-Reitner-Einladung-zum-85.-Geburtstag-1-150x75.jpg 150w, https:\/\/chor-der-hwsp.de\/HPneu\/wp-content\/uploads\/2023\/07\/H.J.-Reitner-Einladung-zum-85.-Geburtstag-1-768x386.jpg 768w\" sizes=\"auto, (max-width: 979px) 100vw, 979px\" \/><figcaption class=\"wp-element-caption\"><strong>Wir haben uns sehr \u00fcber die Einladung uns&#8217;res K\u00e4ptens zu seinem 85. Geburtstag gefreut!<\/strong><\/figcaption><\/figure>\n<\/div>\n\n<div class=\"wp-block-image\">\n<figure class=\"alignleft size-full\"><img loading=\"lazy\" decoding=\"async\" width=\"638\" height=\"475\" src=\"https:\/\/chor-der-hwsp.de\/HPneu\/wp-content\/uploads\/2023\/07\/H.J.-Reitner-Einladung-zum-85.-Geburtstag-2.jpg\" alt=\"\" class=\"wp-image-5170\" srcset=\"https:\/\/chor-der-hwsp.de\/HPneu\/wp-content\/uploads\/2023\/07\/H.J.-Reitner-Einladung-zum-85.-Geburtstag-2.jpg 638w, https:\/\/chor-der-hwsp.de\/HPneu\/wp-content\/uploads\/2023\/07\/H.J.-Reitner-Einladung-zum-85.-Geburtstag-2-300x223.jpg 300w, https:\/\/chor-der-hwsp.de\/HPneu\/wp-content\/uploads\/2023\/07\/H.J.-Reitner-Einladung-zum-85.-Geburtstag-2-150x112.jpg 150w\" sizes=\"auto, (max-width: 638px) 100vw, 638px\" \/><figcaption class=\"wp-element-caption\"><strong>Beim Betrachten der Bilder:  &#8222;Kinder, wie die Zeit vergeht!&#8220;<\/strong><\/figcaption><\/figure>\n<\/div>\n\n<div class=\"wp-block-image\">\n<figure class=\"alignleft size-full\"><img loading=\"lazy\" decoding=\"async\" width=\"653\" height=\"653\" src=\"https:\/\/chor-der-hwsp.de\/HPneu\/wp-content\/uploads\/2023\/07\/H.J.-Reitner-Einladung-zum-85.-Geburtstag-3.jpg\" alt=\"\" class=\"wp-image-5171\" srcset=\"https:\/\/chor-der-hwsp.de\/HPneu\/wp-content\/uploads\/2023\/07\/H.J.-Reitner-Einladung-zum-85.-Geburtstag-3.jpg 653w, https:\/\/chor-der-hwsp.de\/HPneu\/wp-content\/uploads\/2023\/07\/H.J.-Reitner-Einladung-zum-85.-Geburtstag-3-300x300.jpg 300w, https:\/\/chor-der-hwsp.de\/HPneu\/wp-content\/uploads\/2023\/07\/H.J.-Reitner-Einladung-zum-85.-Geburtstag-3-150x150.jpg 150w\" sizes=\"auto, (max-width: 653px) 100vw, 653px\" \/><figcaption class=\"wp-element-caption\"><strong>Sch\u00f6n, aber sicher auch anstrengend, so im Rampenlicht zu stehen!<\/strong><\/figcaption><\/figure>\n<\/div>\n\n<div class=\"wp-block-image\">\n<figure class=\"alignleft size-full\"><img loading=\"lazy\" decoding=\"async\" width=\"653\" height=\"653\" src=\"https:\/\/chor-der-hwsp.de\/HPneu\/wp-content\/uploads\/2023\/07\/H.J.-Reitner-Einladung-zum-85.-Geburtstag-4.jpg\" alt=\"\" class=\"wp-image-5172\" srcset=\"https:\/\/chor-der-hwsp.de\/HPneu\/wp-content\/uploads\/2023\/07\/H.J.-Reitner-Einladung-zum-85.-Geburtstag-4.jpg 653w, https:\/\/chor-der-hwsp.de\/HPneu\/wp-content\/uploads\/2023\/07\/H.J.-Reitner-Einladung-zum-85.-Geburtstag-4-300x300.jpg 300w, https:\/\/chor-der-hwsp.de\/HPneu\/wp-content\/uploads\/2023\/07\/H.J.-Reitner-Einladung-zum-85.-Geburtstag-4-150x150.jpg 150w\" sizes=\"auto, (max-width: 653px) 100vw, 653px\" \/><figcaption class=\"wp-element-caption\"><strong>Alles war perfekt vorbereitet, f\u00fcr alles war gesorgt!<\/strong><\/figcaption><\/figure>\n<\/div>\n\n<div class=\"wp-block-image\">\n<figure class=\"alignleft size-full\"><img loading=\"lazy\" decoding=\"async\" width=\"653\" height=\"653\" src=\"https:\/\/chor-der-hwsp.de\/HPneu\/wp-content\/uploads\/2023\/07\/H.J.-Reitner-Einladung-zum-85.-Geburtstag-5.jpg\" alt=\"\" class=\"wp-image-5173\" srcset=\"https:\/\/chor-der-hwsp.de\/HPneu\/wp-content\/uploads\/2023\/07\/H.J.-Reitner-Einladung-zum-85.-Geburtstag-5.jpg 653w, https:\/\/chor-der-hwsp.de\/HPneu\/wp-content\/uploads\/2023\/07\/H.J.-Reitner-Einladung-zum-85.-Geburtstag-5-300x300.jpg 300w, https:\/\/chor-der-hwsp.de\/HPneu\/wp-content\/uploads\/2023\/07\/H.J.-Reitner-Einladung-zum-85.-Geburtstag-5-150x150.jpg 150w\" sizes=\"auto, (max-width: 653px) 100vw, 653px\" \/><figcaption class=\"wp-element-caption\"><strong>&#8222;Zu Deinem 85. Geburtstag<\/strong> <strong>alles Gute und ein Seesack voll Gl\u00fcck, immer Wind von achtern und gutes Geschick!&#8220;<\/strong><\/figcaption><\/figure>\n<\/div>\n\n<div class=\"wp-block-image\">\n<figure class=\"alignleft size-full\"><img loading=\"lazy\" decoding=\"async\" width=\"653\" height=\"653\" src=\"https:\/\/chor-der-hwsp.de\/HPneu\/wp-content\/uploads\/2023\/07\/H.J.-Reitner-Einladung-zum-85.-Geburtstag-6.jpg\" alt=\"\" class=\"wp-image-5174\" srcset=\"https:\/\/chor-der-hwsp.de\/HPneu\/wp-content\/uploads\/2023\/07\/H.J.-Reitner-Einladung-zum-85.-Geburtstag-6.jpg 653w, https:\/\/chor-der-hwsp.de\/HPneu\/wp-content\/uploads\/2023\/07\/H.J.-Reitner-Einladung-zum-85.-Geburtstag-6-300x300.jpg 300w, https:\/\/chor-der-hwsp.de\/HPneu\/wp-content\/uploads\/2023\/07\/H.J.-Reitner-Einladung-zum-85.-Geburtstag-6-150x150.jpg 150w\" sizes=\"auto, (max-width: 653px) 100vw, 653px\" \/><figcaption class=\"wp-element-caption\"><strong>Alle in unserem Chor haben sehr gern f\u00fcr Dich gesungen, Hans J\u00fcrgen. Es war eine sehr sch\u00f6ne Geburtstagsfeier!<\/strong>   <br> (Mehr dar\u00fcber in den Bordnachrichten Nr. 30, Mai 2023)<\/figcaption><\/figure>\n<\/div>","protected":false},"excerpt":{"rendered":"","protected":false},"author":7,"featured_media":0,"parent":0,"menu_order":0,"comment_status":"closed","ping_status":"closed","template":"","meta":{"footnotes":""},"class_list":["post-5189","page","type-page","status-publish","hentry"],"_links":{"self":[{"href":"https:\/\/chor-der-hwsp.de\/HPneu\/wp-json\/wp\/v2\/pages\/5189","targetHints":{"allow":["GET"]}}],"collection":[{"href":"https:\/\/chor-der-hwsp.de\/HPneu\/wp-json\/wp\/v2\/pages"}],"about":[{"href":"https:\/\/chor-der-hwsp.de\/HPneu\/wp-json\/wp\/v2\/types\/page"}],"author":[{"embeddable":true,"href":"https:\/\/chor-der-hwsp.de\/HPneu\/wp-json\/wp\/v2\/users\/7"}],"replies":[{"embeddable":true,"href":"https:\/\/chor-der-hwsp.de\/HPneu\/wp-json\/wp\/v2\/comments?post=5189"}],"version-history":[{"count":3,"href":"https:\/\/chor-der-hwsp.de\/HPneu\/wp-json\/wp\/v2\/pages\/5189\/revisions"}],"predecessor-version":[{"id":5205,"href":"https:\/\/chor-der-hwsp.de\/HPneu\/wp-json\/wp\/v2\/pages\/5189\/revisions\/5205"}],"wp:attachment":[{"href":"https:\/\/chor-der-hwsp.de\/HPneu\/wp-json\/wp\/v2\/media?parent=5189"}],"curies":[{"name":"wp","href":"https:\/\/api.w.org\/{rel}","templated":true}]}}