{"id":5322,"date":"2023-08-28T17:22:27","date_gmt":"2023-08-28T15:22:27","guid":{"rendered":"https:\/\/chor-der-hwsp.de\/HPneu\/?page_id=5322"},"modified":"2023-08-28T17:52:17","modified_gmt":"2023-08-28T15:52:17","slug":"chorfahrt-nach-nuernberg-30-6-3-7-2023","status":"publish","type":"page","link":"https:\/\/chor-der-hwsp.de\/HPneu\/chorfahrt-nach-nuernberg-30-6-3-7-2023\/","title":{"rendered":"Chorfahrt nach N\u00fcrnberg (30.6. &#8211; 3.7.2023)"},"content":{"rendered":"<div class=\"wp-block-image\">\n<figure class=\"alignleft size-full\"><img loading=\"lazy\" decoding=\"async\" width=\"653\" height=\"653\" src=\"https:\/\/chor-der-hwsp.de\/HPneu\/wp-content\/uploads\/2023\/08\/1-Chorfahrt-nach-Nuernberg-30.6.-3.7.2023.jpg\" alt=\"\" class=\"wp-image-5303\" srcset=\"https:\/\/chor-der-hwsp.de\/HPneu\/wp-content\/uploads\/2023\/08\/1-Chorfahrt-nach-Nuernberg-30.6.-3.7.2023.jpg 653w, https:\/\/chor-der-hwsp.de\/HPneu\/wp-content\/uploads\/2023\/08\/1-Chorfahrt-nach-Nuernberg-30.6.-3.7.2023-300x300.jpg 300w, https:\/\/chor-der-hwsp.de\/HPneu\/wp-content\/uploads\/2023\/08\/1-Chorfahrt-nach-Nuernberg-30.6.-3.7.2023-150x150.jpg 150w\" sizes=\"auto, (max-width: 653px) 100vw, 653px\" \/><figcaption class=\"wp-element-caption\"><strong>Mit guter Laune und gro\u00dfer Vorfreude sind wir unterwegs nach N\u00fcrnberg, zum &#8222;Jubil\u00e4umskonzert<\/strong> <strong>30+3&#8243; des N\u00fcrnberger Shantychors der Wasserschutzpolizei e.V. und 8. Shantychortreffen. &#8211; Nach langer Trockenheit endlich mal wieder Regen!<\/strong><\/figcaption><\/figure>\n<\/div>\n\n<div class=\"wp-block-image\">\n<figure class=\"alignleft size-full\"><img loading=\"lazy\" decoding=\"async\" width=\"653\" height=\"653\" src=\"https:\/\/chor-der-hwsp.de\/HPneu\/wp-content\/uploads\/2023\/08\/2-Chorfahrt-nach-Nuernberg-30.6.-3.7.2023.jpg\" alt=\"\" class=\"wp-image-5304\" srcset=\"https:\/\/chor-der-hwsp.de\/HPneu\/wp-content\/uploads\/2023\/08\/2-Chorfahrt-nach-Nuernberg-30.6.-3.7.2023.jpg 653w, https:\/\/chor-der-hwsp.de\/HPneu\/wp-content\/uploads\/2023\/08\/2-Chorfahrt-nach-Nuernberg-30.6.-3.7.2023-300x300.jpg 300w, https:\/\/chor-der-hwsp.de\/HPneu\/wp-content\/uploads\/2023\/08\/2-Chorfahrt-nach-Nuernberg-30.6.-3.7.2023-150x150.jpg 150w\" sizes=\"auto, (max-width: 653px) 100vw, 653px\" \/><figcaption class=\"wp-element-caption\"><strong>Herzlich willkommen in N\u00fcrnberg! Herzlich willkommen im &#8222;Novina-Hotel&#8220;!<\/strong><\/figcaption><\/figure>\n<\/div>\n\n<div class=\"wp-block-image\">\n<figure class=\"alignleft size-full\"><img loading=\"lazy\" decoding=\"async\" width=\"653\" height=\"653\" src=\"https:\/\/chor-der-hwsp.de\/HPneu\/wp-content\/uploads\/2023\/08\/3-Chorfahrt-nach-Nuernberg-30.6.-3.7.2023.jpg\" alt=\"\" class=\"wp-image-5305\" srcset=\"https:\/\/chor-der-hwsp.de\/HPneu\/wp-content\/uploads\/2023\/08\/3-Chorfahrt-nach-Nuernberg-30.6.-3.7.2023.jpg 653w, https:\/\/chor-der-hwsp.de\/HPneu\/wp-content\/uploads\/2023\/08\/3-Chorfahrt-nach-Nuernberg-30.6.-3.7.2023-300x300.jpg 300w, https:\/\/chor-der-hwsp.de\/HPneu\/wp-content\/uploads\/2023\/08\/3-Chorfahrt-nach-Nuernberg-30.6.-3.7.2023-150x150.jpg 150w\" sizes=\"auto, (max-width: 653px) 100vw, 653px\" \/><figcaption class=\"wp-element-caption\"><strong>In der ehemaligen Scheune des &#8222;Landgasthofs Zwick&#8220;<\/strong> <strong>(Rudelsdorf) ist Platz f\u00fcr alle Ch\u00f6re. <\/strong><\/figcaption><\/figure>\n<\/div>\n\n<div class=\"wp-block-image\">\n<figure class=\"alignleft size-full is-resized\"><img loading=\"lazy\" decoding=\"async\" src=\"https:\/\/chor-der-hwsp.de\/HPneu\/wp-content\/uploads\/2023\/08\/4-Chorfahrt-nach-Nuernberg-30.6.-3.7.2023.jpg\" alt=\"\" class=\"wp-image-5306\" style=\"width:653px;height:653px\" width=\"653\" height=\"653\" srcset=\"https:\/\/chor-der-hwsp.de\/HPneu\/wp-content\/uploads\/2023\/08\/4-Chorfahrt-nach-Nuernberg-30.6.-3.7.2023.jpg 653w, https:\/\/chor-der-hwsp.de\/HPneu\/wp-content\/uploads\/2023\/08\/4-Chorfahrt-nach-Nuernberg-30.6.-3.7.2023-300x300.jpg 300w, https:\/\/chor-der-hwsp.de\/HPneu\/wp-content\/uploads\/2023\/08\/4-Chorfahrt-nach-Nuernberg-30.6.-3.7.2023-150x150.jpg 150w\" sizes=\"auto, (max-width: 653px) 100vw, 653px\" \/><figcaption class=\"wp-element-caption\"><strong>Nach herzlicher Begr\u00fc\u00dfung und offizieller Er\u00f6ffnung der &#8222;Jubil\u00e4umstage&#8220; durch den Vorsitzenden des N\u00fcrnberger Shantychors, Edmond Kulhei, gemeinsames Abendessen. &#8222;Weil Speis und Trank in dieser Welt doch Leib und Seel&#8216; zusammenh\u00e4lt.&#8220;<\/strong><\/figcaption><\/figure>\n<\/div>\n\n<div class=\"wp-block-image\">\n<figure class=\"alignleft size-full\"><img loading=\"lazy\" decoding=\"async\" width=\"653\" height=\"653\" src=\"https:\/\/chor-der-hwsp.de\/HPneu\/wp-content\/uploads\/2023\/08\/5-Chorfahrt-nach-Nuernberg-30.6.-3.7.2023.jpg\" alt=\"\" class=\"wp-image-5307\" srcset=\"https:\/\/chor-der-hwsp.de\/HPneu\/wp-content\/uploads\/2023\/08\/5-Chorfahrt-nach-Nuernberg-30.6.-3.7.2023.jpg 653w, https:\/\/chor-der-hwsp.de\/HPneu\/wp-content\/uploads\/2023\/08\/5-Chorfahrt-nach-Nuernberg-30.6.-3.7.2023-300x300.jpg 300w, https:\/\/chor-der-hwsp.de\/HPneu\/wp-content\/uploads\/2023\/08\/5-Chorfahrt-nach-Nuernberg-30.6.-3.7.2023-150x150.jpg 150w\" sizes=\"auto, (max-width: 653px) 100vw, 653px\" \/><figcaption class=\"wp-element-caption\"><strong>Fahrt auf dem &#8222;Treidelkahn Elfriede&#8220; auf einem erhaltenen und wiederhergestellten Abschnitt des Ludwig-Donau-Main-Kanals aus dem 19. Jh. <\/strong><\/figcaption><\/figure>\n<\/div>\n\n<div class=\"wp-block-image\">\n<figure class=\"alignleft size-full\"><img loading=\"lazy\" decoding=\"async\" width=\"653\" height=\"653\" src=\"https:\/\/chor-der-hwsp.de\/HPneu\/wp-content\/uploads\/2023\/08\/6-Chorfahrt-nach-Nuernberg-30.6.-3.7.2023.jpg\" alt=\"\" class=\"wp-image-5308\" srcset=\"https:\/\/chor-der-hwsp.de\/HPneu\/wp-content\/uploads\/2023\/08\/6-Chorfahrt-nach-Nuernberg-30.6.-3.7.2023.jpg 653w, https:\/\/chor-der-hwsp.de\/HPneu\/wp-content\/uploads\/2023\/08\/6-Chorfahrt-nach-Nuernberg-30.6.-3.7.2023-300x300.jpg 300w, https:\/\/chor-der-hwsp.de\/HPneu\/wp-content\/uploads\/2023\/08\/6-Chorfahrt-nach-Nuernberg-30.6.-3.7.2023-150x150.jpg 150w\" sizes=\"auto, (max-width: 653px) 100vw, 653px\" \/><figcaption class=\"wp-element-caption\"><strong>Vom Treidelpfad aus wird &#8222;Elfriede&#8220; wie in vergangenen Zeiten mit einem Seil von Kaltblutpferden gezogen.<\/strong><\/figcaption><\/figure>\n<\/div>\n\n<div class=\"wp-block-image\">\n<figure class=\"alignleft size-full\"><img loading=\"lazy\" decoding=\"async\" width=\"653\" height=\"653\" src=\"https:\/\/chor-der-hwsp.de\/HPneu\/wp-content\/uploads\/2023\/08\/7-Chorfahrt-nach-Nuernberg-30.6.-3.7.2023.jpg\" alt=\"\" class=\"wp-image-5309\" srcset=\"https:\/\/chor-der-hwsp.de\/HPneu\/wp-content\/uploads\/2023\/08\/7-Chorfahrt-nach-Nuernberg-30.6.-3.7.2023.jpg 653w, https:\/\/chor-der-hwsp.de\/HPneu\/wp-content\/uploads\/2023\/08\/7-Chorfahrt-nach-Nuernberg-30.6.-3.7.2023-300x300.jpg 300w, https:\/\/chor-der-hwsp.de\/HPneu\/wp-content\/uploads\/2023\/08\/7-Chorfahrt-nach-Nuernberg-30.6.-3.7.2023-150x150.jpg 150w\" sizes=\"auto, (max-width: 653px) 100vw, 653px\" \/><figcaption class=\"wp-element-caption\"><strong>Hmm, &#8222;N\u00fcrnberger Bratw\u00fcrste&#8220;!!!<\/strong><\/figcaption><\/figure>\n<\/div>\n\n<div class=\"wp-block-image\">\n<figure class=\"alignleft size-full\"><img loading=\"lazy\" decoding=\"async\" width=\"653\" height=\"653\" src=\"https:\/\/chor-der-hwsp.de\/HPneu\/wp-content\/uploads\/2023\/08\/8-Chorfahrt-nach-Nuernberg-30.6.-3.7.2023.jpg\" alt=\"\" class=\"wp-image-5310\" srcset=\"https:\/\/chor-der-hwsp.de\/HPneu\/wp-content\/uploads\/2023\/08\/8-Chorfahrt-nach-Nuernberg-30.6.-3.7.2023.jpg 653w, https:\/\/chor-der-hwsp.de\/HPneu\/wp-content\/uploads\/2023\/08\/8-Chorfahrt-nach-Nuernberg-30.6.-3.7.2023-300x300.jpg 300w, https:\/\/chor-der-hwsp.de\/HPneu\/wp-content\/uploads\/2023\/08\/8-Chorfahrt-nach-Nuernberg-30.6.-3.7.2023-150x150.jpg 150w\" sizes=\"auto, (max-width: 653px) 100vw, 653px\" \/><figcaption class=\"wp-element-caption\"><strong>&#8222;Maritimes Sommerfest&#8220; im S\u00fcdwestpark, ganz in der N\u00e4he unseres Hotels; mit dem N\u00fcrnberger Shantychor, dem Shantychor aus Duisburg und ..<\/strong><\/figcaption><\/figure>\n<\/div>\n\n<div class=\"wp-block-image\">\n<figure class=\"alignleft size-full\"><img loading=\"lazy\" decoding=\"async\" width=\"653\" height=\"653\" src=\"https:\/\/chor-der-hwsp.de\/HPneu\/wp-content\/uploads\/2023\/08\/9-Chorfahrt-nach-Nuernberg-30.6.-3.7.2023.jpg\" alt=\"\" class=\"wp-image-5311\" srcset=\"https:\/\/chor-der-hwsp.de\/HPneu\/wp-content\/uploads\/2023\/08\/9-Chorfahrt-nach-Nuernberg-30.6.-3.7.2023.jpg 653w, https:\/\/chor-der-hwsp.de\/HPneu\/wp-content\/uploads\/2023\/08\/9-Chorfahrt-nach-Nuernberg-30.6.-3.7.2023-300x300.jpg 300w, https:\/\/chor-der-hwsp.de\/HPneu\/wp-content\/uploads\/2023\/08\/9-Chorfahrt-nach-Nuernberg-30.6.-3.7.2023-150x150.jpg 150w\" sizes=\"auto, (max-width: 653px) 100vw, 653px\" \/><figcaption class=\"wp-element-caption\"><strong>.. unserem Chor. &#8222;Mit Musik geht alles besser, mit Musik f\u00e4llt alles leicht!&#8220; Chorgesang macht Freude und bringt Menschen zusammen. <\/strong><\/figcaption><\/figure>\n<\/div>\n\n<div class=\"wp-block-image\">\n<figure class=\"alignleft size-full\"><img loading=\"lazy\" decoding=\"async\" width=\"653\" height=\"653\" src=\"https:\/\/chor-der-hwsp.de\/HPneu\/wp-content\/uploads\/2023\/08\/10-Chorfahrt-nach-Nuernberg-30.6.-3.7.2023.jpg\" alt=\"\" class=\"wp-image-5312\" srcset=\"https:\/\/chor-der-hwsp.de\/HPneu\/wp-content\/uploads\/2023\/08\/10-Chorfahrt-nach-Nuernberg-30.6.-3.7.2023.jpg 653w, https:\/\/chor-der-hwsp.de\/HPneu\/wp-content\/uploads\/2023\/08\/10-Chorfahrt-nach-Nuernberg-30.6.-3.7.2023-300x300.jpg 300w, https:\/\/chor-der-hwsp.de\/HPneu\/wp-content\/uploads\/2023\/08\/10-Chorfahrt-nach-Nuernberg-30.6.-3.7.2023-150x150.jpg 150w\" sizes=\"auto, (max-width: 653px) 100vw, 653px\" \/><figcaption class=\"wp-element-caption\"><strong>Nach einem festlichen (und k\u00f6stlichen!) Abendessen &#8211; beste Unterhaltung mit Sven Bach, dem fr\u00e4nkischen Mundartkabarettisten, mit &#8222;Mundartversla, Mundartliedla und lustigen Geschicht&#8217;la&#8220;, die uns alle zum Lachen gebracht haben. <\/strong><\/figcaption><\/figure>\n<\/div>\n\n<div class=\"wp-block-image\">\n<figure class=\"alignleft size-full\"><img loading=\"lazy\" decoding=\"async\" width=\"653\" height=\"653\" src=\"https:\/\/chor-der-hwsp.de\/HPneu\/wp-content\/uploads\/2023\/08\/11-Chorfahrt-nach-Nuernberg-30.6.-3.7.2023.jpg\" alt=\"\" class=\"wp-image-5313\" srcset=\"https:\/\/chor-der-hwsp.de\/HPneu\/wp-content\/uploads\/2023\/08\/11-Chorfahrt-nach-Nuernberg-30.6.-3.7.2023.jpg 653w, https:\/\/chor-der-hwsp.de\/HPneu\/wp-content\/uploads\/2023\/08\/11-Chorfahrt-nach-Nuernberg-30.6.-3.7.2023-300x300.jpg 300w, https:\/\/chor-der-hwsp.de\/HPneu\/wp-content\/uploads\/2023\/08\/11-Chorfahrt-nach-Nuernberg-30.6.-3.7.2023-150x150.jpg 150w\" sizes=\"auto, (max-width: 653px) 100vw, 653px\" \/><figcaption class=\"wp-element-caption\"><strong>Altstadtf\u00fchrung in N\u00fcrnberg: zun\u00e4chst in der Kaiserburg ..<\/strong><\/figcaption><\/figure>\n<\/div>\n\n<div class=\"wp-block-image\">\n<figure class=\"alignleft size-full is-resized\"><img loading=\"lazy\" decoding=\"async\" src=\"https:\/\/chor-der-hwsp.de\/HPneu\/wp-content\/uploads\/2023\/08\/12-Chorfahrt-nach-Nuernberg-30.6.-3.7.2023.jpg\" alt=\"\" class=\"wp-image-5314\" style=\"width:653px;height:653px\" width=\"653\" height=\"653\" srcset=\"https:\/\/chor-der-hwsp.de\/HPneu\/wp-content\/uploads\/2023\/08\/12-Chorfahrt-nach-Nuernberg-30.6.-3.7.2023.jpg 653w, https:\/\/chor-der-hwsp.de\/HPneu\/wp-content\/uploads\/2023\/08\/12-Chorfahrt-nach-Nuernberg-30.6.-3.7.2023-300x300.jpg 300w, https:\/\/chor-der-hwsp.de\/HPneu\/wp-content\/uploads\/2023\/08\/12-Chorfahrt-nach-Nuernberg-30.6.-3.7.2023-150x150.jpg 150w\" sizes=\"auto, (max-width: 653px) 100vw, 653px\" \/><figcaption class=\"wp-element-caption\"><strong>.. mit weitem Blick auf N\u00fcrnberg und das &#8222;Albrecht-D\u00fcrer-Haus&#8220;. <\/strong><\/figcaption><\/figure>\n<\/div>\n\n<div class=\"wp-block-image\">\n<figure class=\"alignleft size-full\"><img loading=\"lazy\" decoding=\"async\" width=\"653\" height=\"653\" src=\"https:\/\/chor-der-hwsp.de\/HPneu\/wp-content\/uploads\/2023\/08\/13-Chorfahrt-nach-Nuernberg-30.6.-3.7.2023.jpg\" alt=\"\" class=\"wp-image-5315\" srcset=\"https:\/\/chor-der-hwsp.de\/HPneu\/wp-content\/uploads\/2023\/08\/13-Chorfahrt-nach-Nuernberg-30.6.-3.7.2023.jpg 653w, https:\/\/chor-der-hwsp.de\/HPneu\/wp-content\/uploads\/2023\/08\/13-Chorfahrt-nach-Nuernberg-30.6.-3.7.2023-300x300.jpg 300w, https:\/\/chor-der-hwsp.de\/HPneu\/wp-content\/uploads\/2023\/08\/13-Chorfahrt-nach-Nuernberg-30.6.-3.7.2023-150x150.jpg 150w\" sizes=\"auto, (max-width: 653px) 100vw, 653px\" \/><figcaption class=\"wp-element-caption\"><strong>&#8222;Pilatushaus&#8220; am Tierg\u00e4rtnertorplatz mit St. Georg als Drachent\u00f6ter. &#8211; Rechts unten im Bild der Innenhof eines historischen Fachwerkhauses mit Brunnen. <\/strong><\/figcaption><\/figure>\n<\/div>\n\n<div class=\"wp-block-image\">\n<figure class=\"alignleft size-full\"><img loading=\"lazy\" decoding=\"async\" width=\"653\" height=\"653\" src=\"https:\/\/chor-der-hwsp.de\/HPneu\/wp-content\/uploads\/2023\/08\/14-Chorfahrt-nach-Nuernberg-30.6.-3.7.2023.jpg\" alt=\"\" class=\"wp-image-5316\" srcset=\"https:\/\/chor-der-hwsp.de\/HPneu\/wp-content\/uploads\/2023\/08\/14-Chorfahrt-nach-Nuernberg-30.6.-3.7.2023.jpg 653w, https:\/\/chor-der-hwsp.de\/HPneu\/wp-content\/uploads\/2023\/08\/14-Chorfahrt-nach-Nuernberg-30.6.-3.7.2023-300x300.jpg 300w, https:\/\/chor-der-hwsp.de\/HPneu\/wp-content\/uploads\/2023\/08\/14-Chorfahrt-nach-Nuernberg-30.6.-3.7.2023-150x150.jpg 150w\" sizes=\"auto, (max-width: 653px) 100vw, 653px\" \/><figcaption class=\"wp-element-caption\"><strong>So viele unterschiedliche Eindr\u00fccke: der Sommergarten der Hausbrauerei Altstadthof; Blick auf ein Lager mit Whiskey-F\u00e4ssern aus N\u00fcrnberger Produktion. Nur ein paar Schritte weiter der &#8222;Seebalder Pfarrhof&#8220; mit seinem hochgotischen &#8222;Ch\u00f6rlein&#8220; (erbaut 1360), die Madonna am &#8222;Sch\u00fcrstabhaus&#8220; und eine Bischofsfigur mit Hund in der &#8222;Wei\u00dfgerbergasse&#8220;.<\/strong><\/figcaption><\/figure>\n<\/div>\n\n<div class=\"wp-block-image\">\n<figure class=\"alignleft size-full\"><img loading=\"lazy\" decoding=\"async\" width=\"653\" height=\"653\" src=\"https:\/\/chor-der-hwsp.de\/HPneu\/wp-content\/uploads\/2023\/08\/15-Chorfahrt-nach-Nuernberg-30.6.-3.7.2023.jpg\" alt=\"\" class=\"wp-image-5317\" srcset=\"https:\/\/chor-der-hwsp.de\/HPneu\/wp-content\/uploads\/2023\/08\/15-Chorfahrt-nach-Nuernberg-30.6.-3.7.2023.jpg 653w, https:\/\/chor-der-hwsp.de\/HPneu\/wp-content\/uploads\/2023\/08\/15-Chorfahrt-nach-Nuernberg-30.6.-3.7.2023-300x300.jpg 300w, https:\/\/chor-der-hwsp.de\/HPneu\/wp-content\/uploads\/2023\/08\/15-Chorfahrt-nach-Nuernberg-30.6.-3.7.2023-150x150.jpg 150w\" sizes=\"auto, (max-width: 653px) 100vw, 653px\" \/><figcaption class=\"wp-element-caption\"><strong>Die &#8222;Wei\u00dfgerbergasse&#8220; mit vielen erhaltenen mittelalterlichen Fachwerkh\u00e4usern; mehrfach im Bild dargestellt das Haus Nr.8 mit reich verzierter Fassade und Aufzugserker auf dem Dach.<\/strong><\/figcaption><\/figure>\n<\/div>\n\n<div class=\"wp-block-image\">\n<figure class=\"alignleft size-full\"><img loading=\"lazy\" decoding=\"async\" width=\"653\" height=\"653\" src=\"https:\/\/chor-der-hwsp.de\/HPneu\/wp-content\/uploads\/2023\/08\/16-Chorfahrt-nach-Nuernberg-30.6.-3.7.2023.jpg\" alt=\"\" class=\"wp-image-5318\" srcset=\"https:\/\/chor-der-hwsp.de\/HPneu\/wp-content\/uploads\/2023\/08\/16-Chorfahrt-nach-Nuernberg-30.6.-3.7.2023.jpg 653w, https:\/\/chor-der-hwsp.de\/HPneu\/wp-content\/uploads\/2023\/08\/16-Chorfahrt-nach-Nuernberg-30.6.-3.7.2023-300x300.jpg 300w, https:\/\/chor-der-hwsp.de\/HPneu\/wp-content\/uploads\/2023\/08\/16-Chorfahrt-nach-Nuernberg-30.6.-3.7.2023-150x150.jpg 150w\" sizes=\"auto, (max-width: 653px) 100vw, 653px\" \/><figcaption class=\"wp-element-caption\"><strong>Von der Wei\u00dfgerbergasse geht es zur &#8222;Pegnitz&#8220;, die durch N\u00fcrnberg flie\u00dft. Wir \u00fcberqueren den Fluss \u00fcber den &#8222;Kettensteg&#8220; (\u00e4lteste erhaltene eiserne H\u00e4ngebr\u00fccke auf dem europ\u00e4ischen Festland). \u00dcber den &#8222;Henkersteg&#8220; mit Blick auf das Pegnitzwehr<\/strong> <strong>kommen wir vorbei am Bratwurstmuseum und zwei hungrigen Spatzen, die sich&#8217;s gut schmecken lassen. Auch wir haben Hunger. Bis zum &#8222;Bratwurst R\u00f6slein&#8220; ist es gl\u00fccklicherweise jetzt nicht mehr weit!<\/strong><\/figcaption><\/figure>\n<\/div>\n\n<div class=\"wp-block-image\">\n<figure class=\"alignleft size-full\"><img loading=\"lazy\" decoding=\"async\" width=\"653\" height=\"653\" src=\"https:\/\/chor-der-hwsp.de\/HPneu\/wp-content\/uploads\/2023\/08\/17-Chorfahrt-nach-Nuernberg-30.6.-3.7.2023.jpg\" alt=\"\" class=\"wp-image-5319\" srcset=\"https:\/\/chor-der-hwsp.de\/HPneu\/wp-content\/uploads\/2023\/08\/17-Chorfahrt-nach-Nuernberg-30.6.-3.7.2023.jpg 653w, https:\/\/chor-der-hwsp.de\/HPneu\/wp-content\/uploads\/2023\/08\/17-Chorfahrt-nach-Nuernberg-30.6.-3.7.2023-300x300.jpg 300w, https:\/\/chor-der-hwsp.de\/HPneu\/wp-content\/uploads\/2023\/08\/17-Chorfahrt-nach-Nuernberg-30.6.-3.7.2023-150x150.jpg 150w\" sizes=\"auto, (max-width: 653px) 100vw, 653px\" \/><figcaption class=\"wp-element-caption\"><strong>Das &#8222;Jubil\u00e4umskonzert 30 + 3&#8220; findet statt in der &#8222;Eventhalle Gartenstadt&#8220; mit Platz f\u00fcr bis zu 600 Personen.<\/strong><\/figcaption><\/figure>\n<\/div>\n\n<div class=\"wp-block-image\">\n<figure class=\"alignleft size-full\"><img loading=\"lazy\" decoding=\"async\" width=\"653\" height=\"653\" src=\"https:\/\/chor-der-hwsp.de\/HPneu\/wp-content\/uploads\/2023\/08\/18-Chorfahrt-nach-Nuernberg-30.6.-3.7.2023.jpg\" alt=\"\" class=\"wp-image-5320\" srcset=\"https:\/\/chor-der-hwsp.de\/HPneu\/wp-content\/uploads\/2023\/08\/18-Chorfahrt-nach-Nuernberg-30.6.-3.7.2023.jpg 653w, https:\/\/chor-der-hwsp.de\/HPneu\/wp-content\/uploads\/2023\/08\/18-Chorfahrt-nach-Nuernberg-30.6.-3.7.2023-300x300.jpg 300w, https:\/\/chor-der-hwsp.de\/HPneu\/wp-content\/uploads\/2023\/08\/18-Chorfahrt-nach-Nuernberg-30.6.-3.7.2023-150x150.jpg 150w\" sizes=\"auto, (max-width: 653px) 100vw, 653px\" \/><figcaption class=\"wp-element-caption\"><strong>Unter der Moderation von Anja Seidl und begleitet von herzlichem Applaus des Publikums erfolgen die Auftritte des N\u00fcrnberger Shantychors, des Shantychors der Wasserschutzpolizei aus Duisburg, des Polizeichors aus N\u00fcrnberg und unseres Chors. <\/strong><\/figcaption><\/figure>\n<\/div>\n\n<div class=\"wp-block-image\">\n<figure class=\"aligncenter size-full\"><img loading=\"lazy\" decoding=\"async\" width=\"653\" height=\"653\" src=\"https:\/\/chor-der-hwsp.de\/HPneu\/wp-content\/uploads\/2023\/08\/19-Chorfahrt-nach-Nuernberg-30.6.-3.7.2023.jpg\" alt=\"\" class=\"wp-image-5321\" srcset=\"https:\/\/chor-der-hwsp.de\/HPneu\/wp-content\/uploads\/2023\/08\/19-Chorfahrt-nach-Nuernberg-30.6.-3.7.2023.jpg 653w, https:\/\/chor-der-hwsp.de\/HPneu\/wp-content\/uploads\/2023\/08\/19-Chorfahrt-nach-Nuernberg-30.6.-3.7.2023-300x300.jpg 300w, https:\/\/chor-der-hwsp.de\/HPneu\/wp-content\/uploads\/2023\/08\/19-Chorfahrt-nach-Nuernberg-30.6.-3.7.2023-150x150.jpg 150w\" sizes=\"auto, (max-width: 653px) 100vw, 653px\" \/><figcaption class=\"wp-element-caption\"><strong>Noch einmal herzliche und freundschaftliche Begegnungen nach dem Jubil\u00e4umskonzert. &#8211; Zuletzt noch einmal Eindr\u00fccke aus N\u00fcrnberg: &#8222;Wasserturm und Weinstadel&#8220; und &#8222;Sch\u00f6ner Brunnen&#8220; auf dem Hauptmarkt in N\u00fcrnberg.                                                                                              Vielen herzlichen Dank an die Gastgeber f\u00fcr wundersch\u00f6ne, erlebnisreiche Tage in N\u00fcrnberg!<\/strong> (Mehr \u00fcber unsere Chorfahrt nach N\u00fcrnberg in den Bordnachrichten Nr.32, Oktober 2023)                         <\/figcaption><\/figure>\n<\/div>","protected":false},"excerpt":{"rendered":"","protected":false},"author":7,"featured_media":0,"parent":0,"menu_order":0,"comment_status":"closed","ping_status":"closed","template":"","meta":{"footnotes":""},"class_list":["post-5322","page","type-page","status-publish","hentry"],"_links":{"self":[{"href":"https:\/\/chor-der-hwsp.de\/HPneu\/wp-json\/wp\/v2\/pages\/5322","targetHints":{"allow":["GET"]}}],"collection":[{"href":"https:\/\/chor-der-hwsp.de\/HPneu\/wp-json\/wp\/v2\/pages"}],"about":[{"href":"https:\/\/chor-der-hwsp.de\/HPneu\/wp-json\/wp\/v2\/types\/page"}],"author":[{"embeddable":true,"href":"https:\/\/chor-der-hwsp.de\/HPneu\/wp-json\/wp\/v2\/users\/7"}],"replies":[{"embeddable":true,"href":"https:\/\/chor-der-hwsp.de\/HPneu\/wp-json\/wp\/v2\/comments?post=5322"}],"version-history":[{"count":4,"href":"https:\/\/chor-der-hwsp.de\/HPneu\/wp-json\/wp\/v2\/pages\/5322\/revisions"}],"predecessor-version":[{"id":5327,"href":"https:\/\/chor-der-hwsp.de\/HPneu\/wp-json\/wp\/v2\/pages\/5322\/revisions\/5327"}],"wp:attachment":[{"href":"https:\/\/chor-der-hwsp.de\/HPneu\/wp-json\/wp\/v2\/media?parent=5322"}],"curies":[{"name":"wp","href":"https:\/\/api.w.org\/{rel}","templated":true}]}}