{"id":5357,"date":"2023-08-28T18:58:31","date_gmt":"2023-08-28T16:58:31","guid":{"rendered":"https:\/\/chor-der-hwsp.de\/HPneu\/?page_id=5357"},"modified":"2023-08-28T19:16:42","modified_gmt":"2023-08-28T17:16:42","slug":"auftritt-im-seniorenzentrum-in-walluf-5-7-2023","status":"publish","type":"page","link":"https:\/\/chor-der-hwsp.de\/HPneu\/auftritt-im-seniorenzentrum-in-walluf-5-7-2023\/","title":{"rendered":"Auftritt im Seniorenzentrum in Walluf (5.7.2023)"},"content":{"rendered":"<div class=\"wp-block-image\">\n<figure class=\"alignleft size-full\"><img loading=\"lazy\" decoding=\"async\" width=\"600\" height=\"400\" src=\"https:\/\/chor-der-hwsp.de\/HPneu\/wp-content\/uploads\/2023\/08\/1-Seniorenzentrum-Walluf-5.7.2023.jpg\" alt=\"\" class=\"wp-image-5344\" srcset=\"https:\/\/chor-der-hwsp.de\/HPneu\/wp-content\/uploads\/2023\/08\/1-Seniorenzentrum-Walluf-5.7.2023.jpg 600w, https:\/\/chor-der-hwsp.de\/HPneu\/wp-content\/uploads\/2023\/08\/1-Seniorenzentrum-Walluf-5.7.2023-300x200.jpg 300w, https:\/\/chor-der-hwsp.de\/HPneu\/wp-content\/uploads\/2023\/08\/1-Seniorenzentrum-Walluf-5.7.2023-150x100.jpg 150w\" sizes=\"auto, (max-width: 600px) 100vw, 600px\" \/><figcaption class=\"wp-element-caption\"><strong>Unser Auftritt erfolgt auf der Terrasse des Seniorenzentrums; bei herrlichstem Sommerwetter!<\/strong><\/figcaption><\/figure>\n<\/div>\n\n<div class=\"wp-block-image\">\n<figure class=\"alignleft size-full\"><img loading=\"lazy\" decoding=\"async\" width=\"600\" height=\"400\" src=\"https:\/\/chor-der-hwsp.de\/HPneu\/wp-content\/uploads\/2023\/08\/2-Seniorenzentrum-Walluf-5.7.2023.jpg\" alt=\"\" class=\"wp-image-5345\" srcset=\"https:\/\/chor-der-hwsp.de\/HPneu\/wp-content\/uploads\/2023\/08\/2-Seniorenzentrum-Walluf-5.7.2023.jpg 600w, https:\/\/chor-der-hwsp.de\/HPneu\/wp-content\/uploads\/2023\/08\/2-Seniorenzentrum-Walluf-5.7.2023-300x200.jpg 300w, https:\/\/chor-der-hwsp.de\/HPneu\/wp-content\/uploads\/2023\/08\/2-Seniorenzentrum-Walluf-5.7.2023-150x100.jpg 150w\" sizes=\"auto, (max-width: 600px) 100vw, 600px\" \/><figcaption class=\"wp-element-caption\"><strong>Passende Dekoration zu der sch\u00f6nen Idee, f\u00fcr die Bewohner des Seniorenzentrums ein Sommerfest unter dem Motto &#8222;An der Nordseek\u00fcste&#8220; zu veranstalten. <\/strong><\/figcaption><\/figure>\n<\/div>\n\n<div class=\"wp-block-image\">\n<figure class=\"alignleft size-full\"><img loading=\"lazy\" decoding=\"async\" width=\"600\" height=\"399\" src=\"https:\/\/chor-der-hwsp.de\/HPneu\/wp-content\/uploads\/2023\/08\/3-Seniorenzentrum-Walluf-5.7.2023.jpg\" alt=\"\" class=\"wp-image-5346\" srcset=\"https:\/\/chor-der-hwsp.de\/HPneu\/wp-content\/uploads\/2023\/08\/3-Seniorenzentrum-Walluf-5.7.2023.jpg 600w, https:\/\/chor-der-hwsp.de\/HPneu\/wp-content\/uploads\/2023\/08\/3-Seniorenzentrum-Walluf-5.7.2023-300x200.jpg 300w, https:\/\/chor-der-hwsp.de\/HPneu\/wp-content\/uploads\/2023\/08\/3-Seniorenzentrum-Walluf-5.7.2023-150x100.jpg 150w\" sizes=\"auto, (max-width: 600px) 100vw, 600px\" \/><figcaption class=\"wp-element-caption\"><strong>&#8222;Moin, Moin!&#8220;<\/strong><\/figcaption><\/figure>\n<\/div>\n\n<div class=\"wp-block-image\">\n<figure class=\"alignleft size-full\"><img loading=\"lazy\" decoding=\"async\" width=\"399\" height=\"600\" src=\"https:\/\/chor-der-hwsp.de\/HPneu\/wp-content\/uploads\/2023\/08\/4-Seniorenzentrum-Walluf-5.7.2023.jpg\" alt=\"\" class=\"wp-image-5347\" srcset=\"https:\/\/chor-der-hwsp.de\/HPneu\/wp-content\/uploads\/2023\/08\/4-Seniorenzentrum-Walluf-5.7.2023.jpg 399w, https:\/\/chor-der-hwsp.de\/HPneu\/wp-content\/uploads\/2023\/08\/4-Seniorenzentrum-Walluf-5.7.2023-200x300.jpg 200w, https:\/\/chor-der-hwsp.de\/HPneu\/wp-content\/uploads\/2023\/08\/4-Seniorenzentrum-Walluf-5.7.2023-100x150.jpg 100w\" sizes=\"auto, (max-width: 399px) 100vw, 399px\" \/><figcaption class=\"wp-element-caption\"><strong>Musikalische Ereignisse werfen nicht nur Schatten, sondern auch Notenst\u00e4nder und eine Gitarre voraus!<\/strong><\/figcaption><\/figure>\n<\/div>\n\n<div class=\"wp-block-image\">\n<figure class=\"alignleft size-full\"><img loading=\"lazy\" decoding=\"async\" width=\"600\" height=\"400\" src=\"https:\/\/chor-der-hwsp.de\/HPneu\/wp-content\/uploads\/2023\/08\/5-Seniorenzentrum-Walluf-5.7.2023.jpg\" alt=\"\" class=\"wp-image-5348\" srcset=\"https:\/\/chor-der-hwsp.de\/HPneu\/wp-content\/uploads\/2023\/08\/5-Seniorenzentrum-Walluf-5.7.2023.jpg 600w, https:\/\/chor-der-hwsp.de\/HPneu\/wp-content\/uploads\/2023\/08\/5-Seniorenzentrum-Walluf-5.7.2023-300x200.jpg 300w, https:\/\/chor-der-hwsp.de\/HPneu\/wp-content\/uploads\/2023\/08\/5-Seniorenzentrum-Walluf-5.7.2023-150x100.jpg 150w\" sizes=\"auto, (max-width: 600px) 100vw, 600px\" \/><figcaption class=\"wp-element-caption\"><strong>Zeit miteinander zu plaudern ..<\/strong><\/figcaption><\/figure>\n<\/div>\n\n<div class=\"wp-block-image\">\n<figure class=\"alignleft size-full\"><img loading=\"lazy\" decoding=\"async\" width=\"600\" height=\"400\" src=\"https:\/\/chor-der-hwsp.de\/HPneu\/wp-content\/uploads\/2023\/08\/6-Seniorenzentrum-Walluf-5.7.2023.jpg\" alt=\"\" class=\"wp-image-5349\" srcset=\"https:\/\/chor-der-hwsp.de\/HPneu\/wp-content\/uploads\/2023\/08\/6-Seniorenzentrum-Walluf-5.7.2023.jpg 600w, https:\/\/chor-der-hwsp.de\/HPneu\/wp-content\/uploads\/2023\/08\/6-Seniorenzentrum-Walluf-5.7.2023-300x200.jpg 300w, https:\/\/chor-der-hwsp.de\/HPneu\/wp-content\/uploads\/2023\/08\/6-Seniorenzentrum-Walluf-5.7.2023-150x100.jpg 150w\" sizes=\"auto, (max-width: 600px) 100vw, 600px\" \/><figcaption class=\"wp-element-caption\"><strong>.. und den sch\u00f6nen Sommertag zu genie\u00dfen. <\/strong><\/figcaption><\/figure>\n<\/div>\n\n<div class=\"wp-block-image\">\n<figure class=\"alignleft size-full\"><img loading=\"lazy\" decoding=\"async\" width=\"399\" height=\"600\" src=\"https:\/\/chor-der-hwsp.de\/HPneu\/wp-content\/uploads\/2023\/08\/7-Seniorenzentrum-Walluf-5.7.2023.jpg\" alt=\"\" class=\"wp-image-5350\" srcset=\"https:\/\/chor-der-hwsp.de\/HPneu\/wp-content\/uploads\/2023\/08\/7-Seniorenzentrum-Walluf-5.7.2023.jpg 399w, https:\/\/chor-der-hwsp.de\/HPneu\/wp-content\/uploads\/2023\/08\/7-Seniorenzentrum-Walluf-5.7.2023-200x300.jpg 200w, https:\/\/chor-der-hwsp.de\/HPneu\/wp-content\/uploads\/2023\/08\/7-Seniorenzentrum-Walluf-5.7.2023-100x150.jpg 100w\" sizes=\"auto, (max-width: 399px) 100vw, 399px\" \/><figcaption class=\"wp-element-caption\"><strong>Vorfreude! Langsam f\u00fcllt sich die Terrasse. <\/strong><\/figcaption><\/figure>\n<\/div>\n\n<div class=\"wp-block-image\">\n<figure class=\"alignleft size-full\"><img loading=\"lazy\" decoding=\"async\" width=\"400\" height=\"600\" src=\"https:\/\/chor-der-hwsp.de\/HPneu\/wp-content\/uploads\/2023\/08\/8-Seniorenzentrum-Walluf-5.7.2023.jpg\" alt=\"\" class=\"wp-image-5351\" srcset=\"https:\/\/chor-der-hwsp.de\/HPneu\/wp-content\/uploads\/2023\/08\/8-Seniorenzentrum-Walluf-5.7.2023.jpg 400w, https:\/\/chor-der-hwsp.de\/HPneu\/wp-content\/uploads\/2023\/08\/8-Seniorenzentrum-Walluf-5.7.2023-200x300.jpg 200w, https:\/\/chor-der-hwsp.de\/HPneu\/wp-content\/uploads\/2023\/08\/8-Seniorenzentrum-Walluf-5.7.2023-100x150.jpg 100w\" sizes=\"auto, (max-width: 400px) 100vw, 400px\" \/><figcaption class=\"wp-element-caption\"><strong>&#8222;Viel Freude mit dem Chor der Hessischen Wasserschutzpolizei!&#8220;<\/strong><\/figcaption><\/figure>\n<\/div>\n\n<div class=\"wp-block-image\">\n<figure class=\"alignleft size-full is-resized\"><img loading=\"lazy\" decoding=\"async\" src=\"https:\/\/chor-der-hwsp.de\/HPneu\/wp-content\/uploads\/2023\/08\/9-Seniorenzentrum-Walluf-5.7.2023.jpg\" alt=\"\" class=\"wp-image-5352\" style=\"width:600px;height:400px\" width=\"600\" height=\"400\" srcset=\"https:\/\/chor-der-hwsp.de\/HPneu\/wp-content\/uploads\/2023\/08\/9-Seniorenzentrum-Walluf-5.7.2023.jpg 600w, https:\/\/chor-der-hwsp.de\/HPneu\/wp-content\/uploads\/2023\/08\/9-Seniorenzentrum-Walluf-5.7.2023-300x200.jpg 300w, https:\/\/chor-der-hwsp.de\/HPneu\/wp-content\/uploads\/2023\/08\/9-Seniorenzentrum-Walluf-5.7.2023-150x100.jpg 150w\" sizes=\"auto, (max-width: 600px) 100vw, 600px\" \/><figcaption class=\"wp-element-caption\"><strong>Bevor wir beginnen, letzte Anweisungen<\/strong><\/figcaption><\/figure>\n<\/div>\n\n<div class=\"wp-block-image\">\n<figure class=\"alignleft size-full\"><img loading=\"lazy\" decoding=\"async\" width=\"400\" height=\"600\" src=\"https:\/\/chor-der-hwsp.de\/HPneu\/wp-content\/uploads\/2023\/08\/10-Seniorenzentrum-Walluf-5.7.2023.jpg\" alt=\"\" class=\"wp-image-5353\" srcset=\"https:\/\/chor-der-hwsp.de\/HPneu\/wp-content\/uploads\/2023\/08\/10-Seniorenzentrum-Walluf-5.7.2023.jpg 400w, https:\/\/chor-der-hwsp.de\/HPneu\/wp-content\/uploads\/2023\/08\/10-Seniorenzentrum-Walluf-5.7.2023-200x300.jpg 200w, https:\/\/chor-der-hwsp.de\/HPneu\/wp-content\/uploads\/2023\/08\/10-Seniorenzentrum-Walluf-5.7.2023-100x150.jpg 100w\" sizes=\"auto, (max-width: 400px) 100vw, 400px\" \/><figcaption class=\"wp-element-caption\"><strong>Kurze Erfrischungpause nach unserem ersten Auftritt<\/strong><\/figcaption><\/figure>\n<\/div>\n\n<div class=\"wp-block-image\">\n<figure class=\"alignleft size-full\"><img loading=\"lazy\" decoding=\"async\" width=\"600\" height=\"399\" src=\"https:\/\/chor-der-hwsp.de\/HPneu\/wp-content\/uploads\/2023\/08\/11-Seniorenzentrum-Walluf-5.7.2023.jpg\" alt=\"\" class=\"wp-image-5354\" srcset=\"https:\/\/chor-der-hwsp.de\/HPneu\/wp-content\/uploads\/2023\/08\/11-Seniorenzentrum-Walluf-5.7.2023.jpg 600w, https:\/\/chor-der-hwsp.de\/HPneu\/wp-content\/uploads\/2023\/08\/11-Seniorenzentrum-Walluf-5.7.2023-300x200.jpg 300w, https:\/\/chor-der-hwsp.de\/HPneu\/wp-content\/uploads\/2023\/08\/11-Seniorenzentrum-Walluf-5.7.2023-150x100.jpg 150w\" sizes=\"auto, (max-width: 600px) 100vw, 600px\" \/><figcaption class=\"wp-element-caption\"><strong>Gleich geht&#8217;s weiter!<\/strong><\/figcaption><\/figure>\n<\/div>\n\n<div class=\"wp-block-image\">\n<figure class=\"alignleft size-full\"><img loading=\"lazy\" decoding=\"async\" width=\"600\" height=\"400\" src=\"https:\/\/chor-der-hwsp.de\/HPneu\/wp-content\/uploads\/2023\/08\/12-Seniorenzentrum-Walluf-5.7.2023.jpg\" alt=\"\" class=\"wp-image-5355\" srcset=\"https:\/\/chor-der-hwsp.de\/HPneu\/wp-content\/uploads\/2023\/08\/12-Seniorenzentrum-Walluf-5.7.2023.jpg 600w, https:\/\/chor-der-hwsp.de\/HPneu\/wp-content\/uploads\/2023\/08\/12-Seniorenzentrum-Walluf-5.7.2023-300x200.jpg 300w, https:\/\/chor-der-hwsp.de\/HPneu\/wp-content\/uploads\/2023\/08\/12-Seniorenzentrum-Walluf-5.7.2023-150x100.jpg 150w\" sizes=\"auto, (max-width: 600px) 100vw, 600px\" \/><figcaption class=\"wp-element-caption\"><strong>Wie sch\u00f6n, dass es uns an diesem Nachmittag gelungen ist, betreuungsbed\u00fcrftige Menschen f\u00fcr kurze Zeit aus ihrem Alltag an die Nordseek\u00fcste zu entf\u00fchren, ..<\/strong><\/figcaption><\/figure>\n<\/div>\n\n<div class=\"wp-block-image\">\n<figure class=\"alignleft size-full\"><img loading=\"lazy\" decoding=\"async\" width=\"600\" height=\"399\" src=\"https:\/\/chor-der-hwsp.de\/HPneu\/wp-content\/uploads\/2023\/08\/13-Seniorenzentrum-Walluf-5.7.2023.jpg\" alt=\"\" class=\"wp-image-5356\" srcset=\"https:\/\/chor-der-hwsp.de\/HPneu\/wp-content\/uploads\/2023\/08\/13-Seniorenzentrum-Walluf-5.7.2023.jpg 600w, https:\/\/chor-der-hwsp.de\/HPneu\/wp-content\/uploads\/2023\/08\/13-Seniorenzentrum-Walluf-5.7.2023-300x200.jpg 300w, https:\/\/chor-der-hwsp.de\/HPneu\/wp-content\/uploads\/2023\/08\/13-Seniorenzentrum-Walluf-5.7.2023-150x100.jpg 150w\" sizes=\"auto, (max-width: 600px) 100vw, 600px\" \/><figcaption class=\"wp-element-caption\"><strong>.. sie zum Tr\u00e4umen zu bringen und zu erfreuen!<\/strong>  (N\u00e4heres \u00fcber unseren Auftritt im Seniorenzentrum in Walluf in den Bordnachrichten Nr. 32, Oktober 2023)<\/figcaption><\/figure>\n<\/div>\n\n\n\n","protected":false},"excerpt":{"rendered":"","protected":false},"author":7,"featured_media":0,"parent":0,"menu_order":0,"comment_status":"closed","ping_status":"closed","template":"","meta":{"footnotes":""},"class_list":["post-5357","page","type-page","status-publish","hentry"],"_links":{"self":[{"href":"https:\/\/chor-der-hwsp.de\/HPneu\/wp-json\/wp\/v2\/pages\/5357","targetHints":{"allow":["GET"]}}],"collection":[{"href":"https:\/\/chor-der-hwsp.de\/HPneu\/wp-json\/wp\/v2\/pages"}],"about":[{"href":"https:\/\/chor-der-hwsp.de\/HPneu\/wp-json\/wp\/v2\/types\/page"}],"author":[{"embeddable":true,"href":"https:\/\/chor-der-hwsp.de\/HPneu\/wp-json\/wp\/v2\/users\/7"}],"replies":[{"embeddable":true,"href":"https:\/\/chor-der-hwsp.de\/HPneu\/wp-json\/wp\/v2\/comments?post=5357"}],"version-history":[{"count":5,"href":"https:\/\/chor-der-hwsp.de\/HPneu\/wp-json\/wp\/v2\/pages\/5357\/revisions"}],"predecessor-version":[{"id":5365,"href":"https:\/\/chor-der-hwsp.de\/HPneu\/wp-json\/wp\/v2\/pages\/5357\/revisions\/5365"}],"wp:attachment":[{"href":"https:\/\/chor-der-hwsp.de\/HPneu\/wp-json\/wp\/v2\/media?parent=5357"}],"curies":[{"name":"wp","href":"https:\/\/api.w.org\/{rel}","templated":true}]}}