{"id":5375,"date":"2023-08-28T20:19:03","date_gmt":"2023-08-28T18:19:03","guid":{"rendered":"https:\/\/chor-der-hwsp.de\/HPneu\/?page_id=5375"},"modified":"2023-08-28T20:23:20","modified_gmt":"2023-08-28T18:23:20","slug":"auftritt-in-der-johanniskirche-in-st-johann-8-7-2023","status":"publish","type":"page","link":"https:\/\/chor-der-hwsp.de\/HPneu\/auftritt-in-der-johanniskirche-in-st-johann-8-7-2023\/","title":{"rendered":"Auftritt in der Johanniskirche in St. Johann (8.7.2023)"},"content":{"rendered":"<div class=\"wp-block-image\">\n<figure class=\"alignleft size-full\"><img loading=\"lazy\" decoding=\"async\" width=\"426\" height=\"600\" src=\"https:\/\/chor-der-hwsp.de\/HPneu\/wp-content\/uploads\/2023\/08\/1-St.-Johann-Johanniskirche-8.7.2023.jpg\" alt=\"\" class=\"wp-image-5366\" srcset=\"https:\/\/chor-der-hwsp.de\/HPneu\/wp-content\/uploads\/2023\/08\/1-St.-Johann-Johanniskirche-8.7.2023.jpg 426w, https:\/\/chor-der-hwsp.de\/HPneu\/wp-content\/uploads\/2023\/08\/1-St.-Johann-Johanniskirche-8.7.2023-213x300.jpg 213w, https:\/\/chor-der-hwsp.de\/HPneu\/wp-content\/uploads\/2023\/08\/1-St.-Johann-Johanniskirche-8.7.2023-107x150.jpg 107w\" sizes=\"auto, (max-width: 426px) 100vw, 426px\" \/><figcaption class=\"wp-element-caption\"><strong>&#8222;Chor der Hessischen Wasserschutzpolizei, Shanty Chor, Seemannslieder&#8220;,  &#8230; in der Johanniskirche!<\/strong><\/figcaption><\/figure>\n<\/div>\n\n<div class=\"wp-block-image\">\n<figure class=\"alignleft size-full\"><img loading=\"lazy\" decoding=\"async\" width=\"450\" height=\"600\" src=\"https:\/\/chor-der-hwsp.de\/HPneu\/wp-content\/uploads\/2023\/08\/2-St.-Johann-Johanniskirche-8.7.2023.jpg\" alt=\"\" class=\"wp-image-5367\" srcset=\"https:\/\/chor-der-hwsp.de\/HPneu\/wp-content\/uploads\/2023\/08\/2-St.-Johann-Johanniskirche-8.7.2023.jpg 450w, https:\/\/chor-der-hwsp.de\/HPneu\/wp-content\/uploads\/2023\/08\/2-St.-Johann-Johanniskirche-8.7.2023-225x300.jpg 225w, https:\/\/chor-der-hwsp.de\/HPneu\/wp-content\/uploads\/2023\/08\/2-St.-Johann-Johanniskirche-8.7.2023-113x150.jpg 113w\" sizes=\"auto, (max-width: 450px) 100vw, 450px\" \/><figcaption class=\"wp-element-caption\"><strong>Herzliche Begr\u00fc\u00dfung durch den B\u00fcrgermeister der Verbandsgemeinde Sprendlingen-Gensingen, Herrn Manfred Scherer<\/strong><\/figcaption><\/figure>\n<\/div>\n\n<div class=\"wp-block-image\">\n<figure class=\"alignleft size-full\"><img loading=\"lazy\" decoding=\"async\" width=\"600\" height=\"400\" src=\"https:\/\/chor-der-hwsp.de\/HPneu\/wp-content\/uploads\/2023\/08\/3-St.-Johann-Johanniskirche-8.7.2023.jpg\" alt=\"\" class=\"wp-image-5368\" srcset=\"https:\/\/chor-der-hwsp.de\/HPneu\/wp-content\/uploads\/2023\/08\/3-St.-Johann-Johanniskirche-8.7.2023.jpg 600w, https:\/\/chor-der-hwsp.de\/HPneu\/wp-content\/uploads\/2023\/08\/3-St.-Johann-Johanniskirche-8.7.2023-300x200.jpg 300w, https:\/\/chor-der-hwsp.de\/HPneu\/wp-content\/uploads\/2023\/08\/3-St.-Johann-Johanniskirche-8.7.2023-150x100.jpg 150w\" sizes=\"auto, (max-width: 600px) 100vw, 600px\" \/><figcaption class=\"wp-element-caption\"><strong>Johannes der T\u00e4ufer auf dem Gew\u00f6lbeschlussstein im Chor der Johanniskirche. Er ist der Namenspatron dieser Kirche (erbaut im 14. Jh.)<\/strong><\/figcaption><\/figure>\n<\/div>\n\n<div class=\"wp-block-image\">\n<figure class=\"alignleft size-full\"><img loading=\"lazy\" decoding=\"async\" width=\"400\" height=\"600\" src=\"https:\/\/chor-der-hwsp.de\/HPneu\/wp-content\/uploads\/2023\/08\/5-St.-Johann-Johanniskirche-8.7.2023.jpg\" alt=\"\" class=\"wp-image-5370\" srcset=\"https:\/\/chor-der-hwsp.de\/HPneu\/wp-content\/uploads\/2023\/08\/5-St.-Johann-Johanniskirche-8.7.2023.jpg 400w, https:\/\/chor-der-hwsp.de\/HPneu\/wp-content\/uploads\/2023\/08\/5-St.-Johann-Johanniskirche-8.7.2023-200x300.jpg 200w, https:\/\/chor-der-hwsp.de\/HPneu\/wp-content\/uploads\/2023\/08\/5-St.-Johann-Johanniskirche-8.7.2023-100x150.jpg 100w\" sizes=\"auto, (max-width: 400px) 100vw, 400px\" \/><\/figure>\n<\/div>\n\n<div class=\"wp-block-image\">\n<figure class=\"alignleft size-full\"><img loading=\"lazy\" decoding=\"async\" width=\"400\" height=\"600\" src=\"https:\/\/chor-der-hwsp.de\/HPneu\/wp-content\/uploads\/2023\/08\/4-St.-Johann-Johanniskirche-8.7.2023.jpg\" alt=\"\" class=\"wp-image-5369\" srcset=\"https:\/\/chor-der-hwsp.de\/HPneu\/wp-content\/uploads\/2023\/08\/4-St.-Johann-Johanniskirche-8.7.2023.jpg 400w, https:\/\/chor-der-hwsp.de\/HPneu\/wp-content\/uploads\/2023\/08\/4-St.-Johann-Johanniskirche-8.7.2023-200x300.jpg 200w, https:\/\/chor-der-hwsp.de\/HPneu\/wp-content\/uploads\/2023\/08\/4-St.-Johann-Johanniskirche-8.7.2023-100x150.jpg 100w\" sizes=\"auto, (max-width: 400px) 100vw, 400px\" \/><figcaption class=\"wp-element-caption\"><strong>Wandmalereien, entstanden um 1400, im Chor der Johanniskirche<\/strong><\/figcaption><\/figure>\n<\/div>\n\n<div class=\"wp-block-image\">\n<figure class=\"alignleft size-full\"><img loading=\"lazy\" decoding=\"async\" width=\"600\" height=\"450\" src=\"https:\/\/chor-der-hwsp.de\/HPneu\/wp-content\/uploads\/2023\/08\/6-St.-Johann-Johanniskirche-8.7.2023.jpg\" alt=\"\" class=\"wp-image-5371\" srcset=\"https:\/\/chor-der-hwsp.de\/HPneu\/wp-content\/uploads\/2023\/08\/6-St.-Johann-Johanniskirche-8.7.2023.jpg 600w, https:\/\/chor-der-hwsp.de\/HPneu\/wp-content\/uploads\/2023\/08\/6-St.-Johann-Johanniskirche-8.7.2023-300x225.jpg 300w, https:\/\/chor-der-hwsp.de\/HPneu\/wp-content\/uploads\/2023\/08\/6-St.-Johann-Johanniskirche-8.7.2023-150x113.jpg 150w\" sizes=\"auto, (max-width: 600px) 100vw, 600px\" \/><figcaption class=\"wp-element-caption\"><strong>Die Johanniskirche war ein ganz besonders sch\u00f6ner Auftrittsort!<\/strong><\/figcaption><\/figure>\n<\/div>\n\n<div class=\"wp-block-image\">\n<figure class=\"alignleft size-full\"><img loading=\"lazy\" decoding=\"async\" width=\"600\" height=\"450\" src=\"https:\/\/chor-der-hwsp.de\/HPneu\/wp-content\/uploads\/2023\/08\/7-St.-Johann-Johanniskirche-8.7.2023.jpg\" alt=\"\" class=\"wp-image-5372\" srcset=\"https:\/\/chor-der-hwsp.de\/HPneu\/wp-content\/uploads\/2023\/08\/7-St.-Johann-Johanniskirche-8.7.2023.jpg 600w, https:\/\/chor-der-hwsp.de\/HPneu\/wp-content\/uploads\/2023\/08\/7-St.-Johann-Johanniskirche-8.7.2023-300x225.jpg 300w, https:\/\/chor-der-hwsp.de\/HPneu\/wp-content\/uploads\/2023\/08\/7-St.-Johann-Johanniskirche-8.7.2023-150x113.jpg 150w\" sizes=\"auto, (max-width: 600px) 100vw, 600px\" \/><figcaption class=\"wp-element-caption\"><strong>Befl\u00fcgelt von der w\u00fcrdevollen Umgebung der Johanniskirche, ihrer guten Akustik, dem herzlichen Empfang &#8230;<\/strong><\/figcaption><\/figure>\n<\/div>\n\n<div class=\"wp-block-image\">\n<figure class=\"alignleft size-full\"><img loading=\"lazy\" decoding=\"async\" width=\"276\" height=\"600\" src=\"https:\/\/chor-der-hwsp.de\/HPneu\/wp-content\/uploads\/2023\/08\/8-St.-Johann-Johanniskirche-8.7.2023.jpg\" alt=\"\" class=\"wp-image-5373\" srcset=\"https:\/\/chor-der-hwsp.de\/HPneu\/wp-content\/uploads\/2023\/08\/8-St.-Johann-Johanniskirche-8.7.2023.jpg 276w, https:\/\/chor-der-hwsp.de\/HPneu\/wp-content\/uploads\/2023\/08\/8-St.-Johann-Johanniskirche-8.7.2023-138x300.jpg 138w, https:\/\/chor-der-hwsp.de\/HPneu\/wp-content\/uploads\/2023\/08\/8-St.-Johann-Johanniskirche-8.7.2023-69x150.jpg 69w\" sizes=\"auto, (max-width: 276px) 100vw, 276px\" \/><figcaption class=\"wp-element-caption\"><strong>&#8230; und dem freundlichen Publikum &#8230;<\/strong><\/figcaption><\/figure>\n<\/div>\n\n<div class=\"wp-block-image\">\n<figure class=\"alignleft size-full\"><img loading=\"lazy\" decoding=\"async\" width=\"600\" height=\"450\" src=\"https:\/\/chor-der-hwsp.de\/HPneu\/wp-content\/uploads\/2023\/08\/9-St.-Johann-Johanniskirche-8.7.2023.jpg\" alt=\"\" class=\"wp-image-5374\" srcset=\"https:\/\/chor-der-hwsp.de\/HPneu\/wp-content\/uploads\/2023\/08\/9-St.-Johann-Johanniskirche-8.7.2023.jpg 600w, https:\/\/chor-der-hwsp.de\/HPneu\/wp-content\/uploads\/2023\/08\/9-St.-Johann-Johanniskirche-8.7.2023-300x225.jpg 300w, https:\/\/chor-der-hwsp.de\/HPneu\/wp-content\/uploads\/2023\/08\/9-St.-Johann-Johanniskirche-8.7.2023-150x113.jpg 150w\" sizes=\"auto, (max-width: 600px) 100vw, 600px\" \/><figcaption class=\"wp-element-caption\"><strong>&#8230; behalten wir dieses Konzert in sehr guter Erinnerung!<\/strong><\/figcaption><\/figure>\n<\/div>","protected":false},"excerpt":{"rendered":"","protected":false},"author":7,"featured_media":0,"parent":0,"menu_order":0,"comment_status":"closed","ping_status":"closed","template":"","meta":{"footnotes":""},"class_list":["post-5375","page","type-page","status-publish","hentry"],"_links":{"self":[{"href":"https:\/\/chor-der-hwsp.de\/HPneu\/wp-json\/wp\/v2\/pages\/5375","targetHints":{"allow":["GET"]}}],"collection":[{"href":"https:\/\/chor-der-hwsp.de\/HPneu\/wp-json\/wp\/v2\/pages"}],"about":[{"href":"https:\/\/chor-der-hwsp.de\/HPneu\/wp-json\/wp\/v2\/types\/page"}],"author":[{"embeddable":true,"href":"https:\/\/chor-der-hwsp.de\/HPneu\/wp-json\/wp\/v2\/users\/7"}],"replies":[{"embeddable":true,"href":"https:\/\/chor-der-hwsp.de\/HPneu\/wp-json\/wp\/v2\/comments?post=5375"}],"version-history":[{"count":2,"href":"https:\/\/chor-der-hwsp.de\/HPneu\/wp-json\/wp\/v2\/pages\/5375\/revisions"}],"predecessor-version":[{"id":5377,"href":"https:\/\/chor-der-hwsp.de\/HPneu\/wp-json\/wp\/v2\/pages\/5375\/revisions\/5377"}],"wp:attachment":[{"href":"https:\/\/chor-der-hwsp.de\/HPneu\/wp-json\/wp\/v2\/media?parent=5375"}],"curies":[{"name":"wp","href":"https:\/\/api.w.org\/{rel}","templated":true}]}}