{"id":5489,"date":"2023-10-07T14:48:22","date_gmt":"2023-10-07T12:48:22","guid":{"rendered":"https:\/\/chor-der-hwsp.de\/HPneu\/?page_id=5489"},"modified":"2023-10-07T15:55:32","modified_gmt":"2023-10-07T13:55:32","slug":"15-rheinschifffahrt-2-9-2023","status":"publish","type":"page","link":"https:\/\/chor-der-hwsp.de\/HPneu\/15-rheinschifffahrt-2-9-2023\/","title":{"rendered":"15. Rheinschifffahrt (2.9.2023)"},"content":{"rendered":"<div class=\"wp-block-image\">\n<figure class=\"alignleft size-full\"><img loading=\"lazy\" decoding=\"async\" width=\"605\" height=\"605\" src=\"https:\/\/chor-der-hwsp.de\/HPneu\/wp-content\/uploads\/2023\/10\/a-15.-Rheinschifffahrt-2.9.2023.jpg\" alt=\"\" class=\"wp-image-5482\" srcset=\"https:\/\/chor-der-hwsp.de\/HPneu\/wp-content\/uploads\/2023\/10\/a-15.-Rheinschifffahrt-2.9.2023.jpg 605w, https:\/\/chor-der-hwsp.de\/HPneu\/wp-content\/uploads\/2023\/10\/a-15.-Rheinschifffahrt-2.9.2023-300x300.jpg 300w, https:\/\/chor-der-hwsp.de\/HPneu\/wp-content\/uploads\/2023\/10\/a-15.-Rheinschifffahrt-2.9.2023-150x150.jpg 150w\" sizes=\"auto, (max-width: 605px) 100vw, 605px\" \/><figcaption class=\"wp-element-caption\"><strong>&#8222;Herzlich willkommen zur 15. Rheinschifffahrt ins Obere Mittelrheintal, von Biebrich nach Bacharach und zur Loreley!&#8220; &#8211; Herzliche Gl\u00fcckw\u00fcnsche zum Geburtstag f\u00fcr eine S\u00e4ngerin aus dem Polizeichor D\u00fcsseldorf und Rolf Schwaninger. <\/strong><\/figcaption><\/figure>\n<\/div>\n\n\n\n<div class=\"wp-block-image\">\n<figure class=\"alignleft size-full\"><img loading=\"lazy\" decoding=\"async\" width=\"605\" height=\"605\" src=\"https:\/\/chor-der-hwsp.de\/HPneu\/wp-content\/uploads\/2023\/10\/b-15.-Rheinschifffahrt-2.9.2023.jpg\" alt=\"\" class=\"wp-image-5483\" srcset=\"https:\/\/chor-der-hwsp.de\/HPneu\/wp-content\/uploads\/2023\/10\/b-15.-Rheinschifffahrt-2.9.2023.jpg 605w, https:\/\/chor-der-hwsp.de\/HPneu\/wp-content\/uploads\/2023\/10\/b-15.-Rheinschifffahrt-2.9.2023-300x300.jpg 300w, https:\/\/chor-der-hwsp.de\/HPneu\/wp-content\/uploads\/2023\/10\/b-15.-Rheinschifffahrt-2.9.2023-150x150.jpg 150w\" sizes=\"auto, (max-width: 605px) 100vw, 605px\" \/><figcaption class=\"wp-element-caption\"><strong>&#8222;Wo man singt, da lass dich ruhig nieder, b\u00f6se Menschen haben keine Lieder.&#8220;<\/strong><\/figcaption><\/figure>\n<\/div>\n\n<div class=\"wp-block-image\">\n<figure class=\"alignleft size-full\"><img loading=\"lazy\" decoding=\"async\" width=\"605\" height=\"605\" src=\"https:\/\/chor-der-hwsp.de\/HPneu\/wp-content\/uploads\/2023\/10\/c-15.-Rheinschifffahrt-2.9.2023.jpg\" alt=\"\" class=\"wp-image-5484\" srcset=\"https:\/\/chor-der-hwsp.de\/HPneu\/wp-content\/uploads\/2023\/10\/c-15.-Rheinschifffahrt-2.9.2023.jpg 605w, https:\/\/chor-der-hwsp.de\/HPneu\/wp-content\/uploads\/2023\/10\/c-15.-Rheinschifffahrt-2.9.2023-300x300.jpg 300w, https:\/\/chor-der-hwsp.de\/HPneu\/wp-content\/uploads\/2023\/10\/c-15.-Rheinschifffahrt-2.9.2023-150x150.jpg 150w\" sizes=\"auto, (max-width: 605px) 100vw, 605px\" \/><figcaption class=\"wp-element-caption\"><strong>Im 13. Jh. war Burg Reichenstein bei Trechtingshausen ein ber\u00fcchtigtes Raubritternest. Rechtsrheinisch bei St. Goarshausen der ber\u00fchmt-ber\u00fcchtigte Loreley-Felsen. <\/strong><\/figcaption><\/figure>\n<\/div>\n\n<div class=\"wp-block-image\">\n<figure class=\"alignleft size-full is-resized\"><img loading=\"lazy\" decoding=\"async\" src=\"https:\/\/chor-der-hwsp.de\/HPneu\/wp-content\/uploads\/2023\/10\/d-15.-Rheinschifffahrt-2.9.2023.jpg\" alt=\"\" class=\"wp-image-5485\" style=\"width:605px;height:605px\" width=\"605\" height=\"605\" srcset=\"https:\/\/chor-der-hwsp.de\/HPneu\/wp-content\/uploads\/2023\/10\/d-15.-Rheinschifffahrt-2.9.2023.jpg 605w, https:\/\/chor-der-hwsp.de\/HPneu\/wp-content\/uploads\/2023\/10\/d-15.-Rheinschifffahrt-2.9.2023-300x300.jpg 300w, https:\/\/chor-der-hwsp.de\/HPneu\/wp-content\/uploads\/2023\/10\/d-15.-Rheinschifffahrt-2.9.2023-150x150.jpg 150w\" sizes=\"auto, (max-width: 605px) 100vw, 605px\" \/><figcaption class=\"wp-element-caption\"><strong>Heute geht es auf dem Rhein weniger gef\u00e4hrlich zu. Stattdessen werden wir in Bacharach vom Weingott Bacchus und seinen Bacchantinnen mit k\u00f6stlichem Wein begr\u00fc\u00dft  und..<\/strong><\/figcaption><\/figure>\n<\/div>\n\n<div class=\"wp-block-image\">\n<figure class=\"alignleft size-full\"><img loading=\"lazy\" decoding=\"async\" width=\"605\" height=\"605\" src=\"https:\/\/chor-der-hwsp.de\/HPneu\/wp-content\/uploads\/2023\/10\/e-15.-Rheinschifffahrt-2.9.2023.jpg\" alt=\"\" class=\"wp-image-5486\" srcset=\"https:\/\/chor-der-hwsp.de\/HPneu\/wp-content\/uploads\/2023\/10\/e-15.-Rheinschifffahrt-2.9.2023.jpg 605w, https:\/\/chor-der-hwsp.de\/HPneu\/wp-content\/uploads\/2023\/10\/e-15.-Rheinschifffahrt-2.9.2023-300x300.jpg 300w, https:\/\/chor-der-hwsp.de\/HPneu\/wp-content\/uploads\/2023\/10\/e-15.-Rheinschifffahrt-2.9.2023-150x150.jpg 150w\" sizes=\"auto, (max-width: 605px) 100vw, 605px\" \/><figcaption class=\"wp-element-caption\"><strong>.. zu einem Bummel im Weinst\u00e4dtchen Bacharach eingeladen. &#8211; Rechts oben die Burg Stahleck aus dem 11. Jh., die heute eine der sch\u00f6nsten Jugendherbergen Deutschlands beherbergt. <\/strong><\/figcaption><\/figure>\n<\/div>\n\n<div class=\"wp-block-image\">\n<figure class=\"alignleft size-full\"><img loading=\"lazy\" decoding=\"async\" width=\"605\" height=\"605\" src=\"https:\/\/chor-der-hwsp.de\/HPneu\/wp-content\/uploads\/2023\/10\/f-15.-Rheinschifffahrt-2.9.2023.jpg\" alt=\"\" class=\"wp-image-5487\" srcset=\"https:\/\/chor-der-hwsp.de\/HPneu\/wp-content\/uploads\/2023\/10\/f-15.-Rheinschifffahrt-2.9.2023.jpg 605w, https:\/\/chor-der-hwsp.de\/HPneu\/wp-content\/uploads\/2023\/10\/f-15.-Rheinschifffahrt-2.9.2023-300x300.jpg 300w, https:\/\/chor-der-hwsp.de\/HPneu\/wp-content\/uploads\/2023\/10\/f-15.-Rheinschifffahrt-2.9.2023-150x150.jpg 150w\" sizes=\"auto, (max-width: 605px) 100vw, 605px\" \/><figcaption class=\"wp-element-caption\"><strong>Bacharach, Zentrum des Weinbaus am Mittelrhein. Auf dem Weg durch das St\u00e4dtchen und auf seiner Stadtmauer u.a. ein Buttentr\u00e4ger bei seiner schweren Arbeit und die &#8222;Loreley&#8220; mit &#8222;goldenem Haar und goldenem Kamme&#8220;. <\/strong><\/figcaption><\/figure>\n<\/div>\n\n<div class=\"wp-block-image\">\n<figure class=\"alignleft size-full\"><img loading=\"lazy\" decoding=\"async\" width=\"605\" height=\"605\" src=\"https:\/\/chor-der-hwsp.de\/HPneu\/wp-content\/uploads\/2023\/10\/g-15.-Rheinschifffahrt-2.9.2023.jpg\" alt=\"\" class=\"wp-image-5488\" srcset=\"https:\/\/chor-der-hwsp.de\/HPneu\/wp-content\/uploads\/2023\/10\/g-15.-Rheinschifffahrt-2.9.2023.jpg 605w, https:\/\/chor-der-hwsp.de\/HPneu\/wp-content\/uploads\/2023\/10\/g-15.-Rheinschifffahrt-2.9.2023-300x300.jpg 300w, https:\/\/chor-der-hwsp.de\/HPneu\/wp-content\/uploads\/2023\/10\/g-15.-Rheinschifffahrt-2.9.2023-150x150.jpg 150w\" sizes=\"auto, (max-width: 605px) 100vw, 605px\" \/><figcaption class=\"wp-element-caption\"><strong>Unterhaltsame R\u00fcckfahrt mit gl\u00fccklichen Teilnehmern der 15. Rheinschifffahrt. Ein sch\u00f6ner Tag geht zu Ende.<\/strong>                                                                                                                          (mehr zur 15. Rheinschifffahrt in den Bordnachrichten Nr. 32, November 2023)<\/figcaption><\/figure>\n<\/div>","protected":false},"excerpt":{"rendered":"","protected":false},"author":7,"featured_media":0,"parent":0,"menu_order":0,"comment_status":"closed","ping_status":"closed","template":"","meta":{"footnotes":""},"class_list":["post-5489","page","type-page","status-publish","hentry"],"_links":{"self":[{"href":"https:\/\/chor-der-hwsp.de\/HPneu\/wp-json\/wp\/v2\/pages\/5489","targetHints":{"allow":["GET"]}}],"collection":[{"href":"https:\/\/chor-der-hwsp.de\/HPneu\/wp-json\/wp\/v2\/pages"}],"about":[{"href":"https:\/\/chor-der-hwsp.de\/HPneu\/wp-json\/wp\/v2\/types\/page"}],"author":[{"embeddable":true,"href":"https:\/\/chor-der-hwsp.de\/HPneu\/wp-json\/wp\/v2\/users\/7"}],"replies":[{"embeddable":true,"href":"https:\/\/chor-der-hwsp.de\/HPneu\/wp-json\/wp\/v2\/comments?post=5489"}],"version-history":[{"count":3,"href":"https:\/\/chor-der-hwsp.de\/HPneu\/wp-json\/wp\/v2\/pages\/5489\/revisions"}],"predecessor-version":[{"id":5515,"href":"https:\/\/chor-der-hwsp.de\/HPneu\/wp-json\/wp\/v2\/pages\/5489\/revisions\/5515"}],"wp:attachment":[{"href":"https:\/\/chor-der-hwsp.de\/HPneu\/wp-json\/wp\/v2\/media?parent=5489"}],"curies":[{"name":"wp","href":"https:\/\/api.w.org\/{rel}","templated":true}]}}