{"id":80,"date":"2015-09-22T16:17:25","date_gmt":"2015-09-22T14:17:25","guid":{"rendered":"http:\/\/chor-der-hwsp.de\/HPneu\/?page_id=80"},"modified":"2017-06-19T08:34:13","modified_gmt":"2017-06-19T06:34:13","slug":"erinnerungen","status":"publish","type":"page","link":"https:\/\/chor-der-hwsp.de\/HPneu\/erinnerungen\/","title":{"rendered":"wei\u00dft Du noch&#8230;."},"content":{"rendered":"<h1 style=\"text-align: center;\"><span style=\"color: #666699;\">Erinnerungen an unsere Auftritte und Events<\/span><\/h1>\n<p style=\"text-align: center;\"><a href=\"https:\/\/chor-der-hwsp.de\/HPneu\/wp-content\/uploads\/2015\/09\/notenschl.gif\"><img loading=\"lazy\" decoding=\"async\" class=\"alignnone size-full wp-image-125\" src=\"https:\/\/chor-der-hwsp.de\/HPneu\/wp-content\/uploads\/2015\/09\/notenschl.gif\" alt=\"notenschl\" width=\"86\" height=\"132\" \/><\/a><\/p>\n<p style=\"text-align: center;\"><span style=\"color: #666699;\">Hier werden in unregelm\u00e4\u00dfigen Abst\u00e4nden Fotos und Berichte von unseren Auftritten aktualisiert.<\/span><\/p>\n<p style=\"text-align: center;\"><span style=\"color: #666699;\">Alle Chormitglieder sind somit herzliche aufgerufen, an dieser Seite mitzuwirken.<\/span><\/p>\n","protected":false},"excerpt":{"rendered":"<p>Erinnerungen an unsere Auftritte und Events Hier werden in unregelm\u00e4\u00dfigen Abst\u00e4nden Fotos und Berichte von unseren Auftritten aktualisiert. Alle Chormitglieder sind somit herzliche aufgerufen, an dieser Seite mitzuwirken.<\/p>\n","protected":false},"author":1,"featured_media":0,"parent":0,"menu_order":0,"comment_status":"closed","ping_status":"closed","template":"","meta":{"footnotes":""},"class_list":["post-80","page","type-page","status-publish","hentry"],"_links":{"self":[{"href":"https:\/\/chor-der-hwsp.de\/HPneu\/wp-json\/wp\/v2\/pages\/80","targetHints":{"allow":["GET"]}}],"collection":[{"href":"https:\/\/chor-der-hwsp.de\/HPneu\/wp-json\/wp\/v2\/pages"}],"about":[{"href":"https:\/\/chor-der-hwsp.de\/HPneu\/wp-json\/wp\/v2\/types\/page"}],"author":[{"embeddable":true,"href":"https:\/\/chor-der-hwsp.de\/HPneu\/wp-json\/wp\/v2\/users\/1"}],"replies":[{"embeddable":true,"href":"https:\/\/chor-der-hwsp.de\/HPneu\/wp-json\/wp\/v2\/comments?post=80"}],"version-history":[{"count":5,"href":"https:\/\/chor-der-hwsp.de\/HPneu\/wp-json\/wp\/v2\/pages\/80\/revisions"}],"predecessor-version":[{"id":4596,"href":"https:\/\/chor-der-hwsp.de\/HPneu\/wp-json\/wp\/v2\/pages\/80\/revisions\/4596"}],"wp:attachment":[{"href":"https:\/\/chor-der-hwsp.de\/HPneu\/wp-json\/wp\/v2\/media?parent=80"}],"curies":[{"name":"wp","href":"https:\/\/api.w.org\/{rel}","templated":true}]}}